{"id":9345,"date":"2026-02-25T10:30:37","date_gmt":"2026-02-25T15:30:37","guid":{"rendered":"https:\/\/creei.ca\/?page_id=9345"},"modified":"2026-02-25T10:32:27","modified_gmt":"2026-02-25T15:32:27","slug":"les-determinants-socio-demographiques-de-la-prise-en-charge-des-personnes-agees-en-situation-de-perte-dautonomie","status":"publish","type":"page","link":"https:\/\/creei.ca\/en\/les-determinants-socio-demographiques-de-la-prise-en-charge-des-personnes-agees-en-situation-de-perte-dautonomie\/","title":{"rendered":"Les d\u00e9terminants socio-d\u00e9mographiques de la prise en charge des personnes \u00e2g\u00e9es en situation de perte d\u2019autonomie"},"content":{"rendered":"<div class=\"fusion-fullwidth fullwidth-box fusion-builder-row-1 fusion-flex-container has-pattern-background has-mask-background nonhundred-percent-fullwidth non-hundred-percent-height-scrolling\" style=\"--awb-border-radius-top-left:0px;--awb-border-radius-top-right:0px;--awb-border-radius-bottom-right:0px;--awb-border-radius-bottom-left:0px;--awb-flex-wrap:wrap;\" ><div class=\"fusion-builder-row fusion-row fusion-flex-align-items-flex-start fusion-flex-content-wrap\" style=\"max-width:1144px;margin-left: calc(-4% \/ 2 );margin-right: calc(-4% \/ 2 );\"><div class=\"fusion-layout-column fusion_builder_column fusion-builder-column-0 fusion_builder_column_1_1 1_1 fusion-flex-column\" style=\"--awb-bg-size:cover;--awb-width-large:100%;--awb-margin-top-large:0px;--awb-spacing-right-large:1.92%;--awb-margin-bottom-large:20px;--awb-spacing-left-large:1.92%;--awb-width-medium:100%;--awb-order-medium:0;--awb-spacing-right-medium:1.92%;--awb-spacing-left-medium:1.92%;--awb-width-small:100%;--awb-order-small:0;--awb-spacing-right-small:1.92%;--awb-spacing-left-small:1.92%;\"><div class=\"fusion-column-wrapper fusion-column-has-shadow fusion-flex-justify-content-flex-start fusion-content-layout-column\"><div class=\"fusion-text fusion-text-1\"><p>Short Summary :<\/p>\n<p>This paper examines the main socioeconomic and demographic determinants likely to influence individuals\u2019 decisions to provide long-term care to their parents. To do so, we draw on original data from a survey conducted in 2023 among 2,300 people living in Quebec and Ontario, aged 45 to 58. We successively analyze three dimensions of the decision to provide anticipated help (the choice of the potential recipient, the type of care, and the expected weekly intensity) in order to capture the complexity of the decision-making process upstream of engagement in informal care. We show that these determinants are based on distinct trade-offs. The choice of caregiving arrangement is primarily shaped by organizational constraints (whether the caregiver works full time or not) and the anticipated burden (depending on the life expectancy of the care recipient), whereas the expected intensity of help depends on gender norms, time constraints (notably related to full-time employment and retirement), the perceived health status of the recipient, and the parent\u2013child relationship. This heterogeneity highlights that the willingness to help stems neither from a purely affective logic nor from a strictly economic calculation.<\/p>\n<article class=\"node-789 node node-publications node-promoted view-mode-full node-by-viewer clearfix\">\n<div class=\"field field-name-body field-type-text-with-summary field-label-above\">\n<div class=\"field field-name-field-auteurs-publication field-type-taxonomy-term-reference field-label-inline clearfix\">\n<div class=\"field-label\"><strong data-start=\"998\" data-end=\"1022\">Authors publication<\/strong> : Witnie Compere, Bertrand Achou, Philippe De Donder, Raquel Fonseca, Franca Glenzer, Minjoon Lee and Marie-Louise Leroux<br data-start=\"1060\" data-end=\"1063\" \/><strong data-start=\"1063\" data-end=\"1073\">Number<\/strong> : 26-01<br data-start=\"1081\" data-end=\"1084\" \/><strong data-start=\"1084\" data-end=\"1095\">File<\/strong> : <a href=\"https:\/\/creei.ca\/wp-content\/uploads\/2026\/02\/cahier_26_01_determinants_charge_personnes_perte_autonomie.pdf\">cahier_26_01_determinants_charge_personnes_perte_autonomie<\/a><br data-start=\"1147\" data-end=\"1150\" \/><strong data-start=\"1150\" data-end=\"1159\">Year<\/strong> : 2026<\/div>\n<\/div>\n<\/div>\n<\/article>\n<\/div><\/div><\/div><\/div><\/div>\n","protected":false},"excerpt":{"rendered":"","protected":false},"author":3,"featured_media":0,"parent":0,"menu_order":0,"comment_status":"closed","ping_status":"closed","template":"","meta":{"footnotes":""},"class_list":["post-9345","page","type-page","status-publish","hentry"],"_links":{"self":[{"href":"https:\/\/creei.ca\/en\/wp-json\/wp\/v2\/pages\/9345","targetHints":{"allow":["GET"]}}],"collection":[{"href":"https:\/\/creei.ca\/en\/wp-json\/wp\/v2\/pages"}],"about":[{"href":"https:\/\/creei.ca\/en\/wp-json\/wp\/v2\/types\/page"}],"author":[{"embeddable":true,"href":"https:\/\/creei.ca\/en\/wp-json\/wp\/v2\/users\/3"}],"replies":[{"embeddable":true,"href":"https:\/\/creei.ca\/en\/wp-json\/wp\/v2\/comments?post=9345"}],"version-history":[{"count":3,"href":"https:\/\/creei.ca\/en\/wp-json\/wp\/v2\/pages\/9345\/revisions"}],"predecessor-version":[{"id":9349,"href":"https:\/\/creei.ca\/en\/wp-json\/wp\/v2\/pages\/9345\/revisions\/9349"}],"wp:attachment":[{"href":"https:\/\/creei.ca\/en\/wp-json\/wp\/v2\/media?parent=9345"}],"curies":[{"name":"wp","href":"https:\/\/api.w.org\/{rel}","templated":true}]}}