{"id":9131,"date":"2025-08-28T15:43:58","date_gmt":"2025-08-28T19:43:58","guid":{"rendered":"https:\/\/creei.ca\/dialogue-daron-acemoglu-yoshua-bengio\/"},"modified":"2025-10-08T13:11:42","modified_gmt":"2025-10-08T17:11:42","slug":"dialogue-daron-acemoglu-yoshua-bengio","status":"publish","type":"page","link":"https:\/\/creei.ca\/en\/dialogue-daron-acemoglu-yoshua-bengio\/","title":{"rendered":""},"content":{"rendered":"<p><div class=\"fusion-fullwidth fullwidth-box fusion-builder-row-1 fusion-flex-container has-pattern-background has-mask-background nonhundred-percent-fullwidth non-hundred-percent-height-scrolling\" style=\"--awb-border-radius-top-left:0px;--awb-border-radius-top-right:0px;--awb-border-radius-bottom-right:0px;--awb-border-radius-bottom-left:0px;--awb-flex-wrap:wrap;\" ><div class=\"fusion-builder-row fusion-row fusion-flex-align-items-flex-start fusion-flex-content-wrap\" style=\"max-width:1144px;margin-left: calc(-4% \/ 2 );margin-right: calc(-4% \/ 2 );\"><div class=\"fusion-layout-column fusion_builder_column fusion-builder-column-0 fusion_builder_column_1_1 1_1 fusion-flex-column\" style=\"--awb-bg-size:cover;--awb-width-large:100%;--awb-margin-top-large:0px;--awb-spacing-right-large:1.92%;--awb-margin-bottom-large:20px;--awb-spacing-left-large:1.92%;--awb-width-medium:100%;--awb-order-medium:0;--awb-spacing-right-medium:1.92%;--awb-spacing-left-medium:1.92%;--awb-width-small:100%;--awb-order-small:0;--awb-spacing-right-small:1.92%;--awb-spacing-left-small:1.92%;\"><div class=\"fusion-column-wrapper fusion-column-has-shadow fusion-flex-justify-content-flex-start fusion-content-layout-column\"><div class=\"fusion-image-element \" style=\"--awb-caption-title-font-family:var(--h2_typography-font-family);--awb-caption-title-font-weight:var(--h2_typography-font-weight);--awb-caption-title-font-style:var(--h2_typography-font-style);--awb-caption-title-size:var(--h2_typography-font-size);--awb-caption-title-transform:var(--h2_typography-text-transform);--awb-caption-title-line-height:var(--h2_typography-line-height);--awb-caption-title-letter-spacing:var(--h2_typography-letter-spacing);\"><span class=\" fusion-imageframe imageframe-none imageframe-1 hover-type-none\"><img decoding=\"async\" width=\"2000\" height=\"600\" title=\"Blue Futuristic Technology LinkedIn Background Photo_ANG\" src=\"https:\/\/creei.ca\/wp-content\/uploads\/2025\/08\/Blue-Futuristic-Technology-LinkedIn-Background-Photo_ANG.png\" alt class=\"img-responsive wp-image-9147\" srcset=\"https:\/\/creei.ca\/wp-content\/uploads\/2025\/08\/Blue-Futuristic-Technology-LinkedIn-Background-Photo_ANG-200x60.png 200w, https:\/\/creei.ca\/wp-content\/uploads\/2025\/08\/Blue-Futuristic-Technology-LinkedIn-Background-Photo_ANG-400x120.png 400w, https:\/\/creei.ca\/wp-content\/uploads\/2025\/08\/Blue-Futuristic-Technology-LinkedIn-Background-Photo_ANG-600x180.png 600w, https:\/\/creei.ca\/wp-content\/uploads\/2025\/08\/Blue-Futuristic-Technology-LinkedIn-Background-Photo_ANG-800x240.png 800w, https:\/\/creei.ca\/wp-content\/uploads\/2025\/08\/Blue-Futuristic-Technology-LinkedIn-Background-Photo_ANG-1200x360.png 1200w, https:\/\/creei.ca\/wp-content\/uploads\/2025\/08\/Blue-Futuristic-Technology-LinkedIn-Background-Photo_ANG.png 2000w\" sizes=\"(max-width: 1024px) 100vw, (max-width: 640px) 100vw, 1200px\" \/><\/span><\/div><div class=\"fusion-separator fusion-full-width-sep\" style=\"align-self: center;margin-left: auto;margin-right: auto;margin-top:25px;margin-bottom:25px;width:100%;\"><\/div><div class=\"fusion-title title fusion-title-1 fusion-title-text fusion-title-size-one\"><div class=\"title-sep-container title-sep-container-left fusion-no-large-visibility fusion-no-medium-visibility fusion-no-small-visibility\"><div class=\"title-sep sep-double sep-solid\" style=\"border-color:#e0dede;\"><\/div><\/div><span class=\"awb-title-spacer fusion-no-large-visibility fusion-no-medium-visibility fusion-no-small-visibility\"><\/span><h1 class=\"fusion-title-heading title-heading-left fusion-responsive-typography-calculated\" style=\"margin:0;--fontSize:32;line-height:1.0;\"><h1>Review the event<\/h1><\/h1><span class=\"awb-title-spacer\"><\/span><div class=\"title-sep-container title-sep-container-right\"><div class=\"title-sep sep-double sep-solid\" style=\"border-color:#e0dede;\"><\/div><\/div><\/div><div class=\"fusion-video fusion-youtube\" style=\"--awb-max-width:720px;--awb-max-height:420px;--awb-align-self:center;--awb-width:100%;\"><div class=\"video-shortcode\"><div class=\"fluid-width-video-wrapper\" style=\"padding-top:58.33%;\" ><iframe title=\"YouTube video player 1\" src=\"https:\/\/www.youtube.com\/embed\/?wmode=transparent&autoplay=0\" width=\"720\" height=\"420\" allowfullscreen allow=\"autoplay; clipboard-write; encrypted-media; gyroscope; picture-in-picture;\"><\/iframe><\/div><\/div><\/div><div class=\"fusion-separator fusion-full-width-sep\" style=\"align-self: center;margin-left: auto;margin-right: auto;margin-top:25px;margin-bottom:25px;width:100%;\"><\/div><div class=\"fusion-title title fusion-title-2 fusion-title-text fusion-title-size-one\"><div class=\"title-sep-container title-sep-container-left fusion-no-large-visibility fusion-no-medium-visibility fusion-no-small-visibility\"><div class=\"title-sep sep-double sep-solid\" style=\"border-color:#e0dede;\"><\/div><\/div><span class=\"awb-title-spacer fusion-no-large-visibility fusion-no-medium-visibility fusion-no-small-visibility\"><\/span><h1 class=\"fusion-title-heading title-heading-left fusion-responsive-typography-calculated\" style=\"margin:0;--fontSize:32;line-height:1.0;\"><h1>Medias mentions<\/h1><\/h1><span class=\"awb-title-spacer\"><\/span><div class=\"title-sep-container title-sep-container-right\"><div class=\"title-sep sep-double sep-solid\" style=\"border-color:#e0dede;\"><\/div><\/div><\/div><div class=\"fusion-text fusion-text-1\"><ul>\n<li><a href=\"https:\/\/www.ledevoir.com\/economie\/922545\/revenir-promesses-democratie-liberale-contrer-derive-populiste\" target=\"_blank\" rel=\"noopener\">Revenir aux promesses de la d\u00e9mocratie lib\u00e9rale pour contrer la d\u00e9rive populiste<\/a><\/li>\n<li><a href=\"https:\/\/www.ledevoir.com\/economie\/923040\/promesses-dangers-ia-selon-acemoglu-bengio\" target=\"_blank\" rel=\"noopener\">Les promesses et les dangers de l\u2019IA, selon Acemo\u011flu et Bengio<\/a><\/li>\n<li><a href=\"https:\/\/www.lapresse.ca\/affaires\/techno\/2025-10-07\/intelligence-artificielle\/entre-occasion-et-desastre-previennent-des-experts.php?sharing=true\" target=\"_blank\" rel=\"noopener\">Entre occasion et d\u00e9sastre, pr\u00e9viennent des experts<\/a><\/li>\n<li><a href=\"https:\/\/nouvelles.esg.uqam.ca\/recherche-et-innovation\/lintelligence-artificielle-defis-societe-dialogue-daron-acemoglu-yoshu-bengio\/\" target=\"_blank\" rel=\"noopener\">L\u2019intelligence artificielle et ses d\u00e9fis pour la soci\u00e9t\u00e9 \u2013 Dialogue avec Daron Acemoglu et Yoshu Bengio<\/a><\/li>\n<li><a href=\"https:\/\/moncarnet.com\/2025\/10\/06\/yoshua-bengio-et-daron-acemoglu-entre-promesses-et-perils-de-la-revolution-de-lia\/\" target=\"_blank\" rel=\"noopener\">Yoshua Bengio et Daron Acemoglu : entre promesses et p\u00e9rils de la r\u00e9volution de l\u2019IA<\/a><\/li>\n<\/ul>\n<\/div><\/div><\/div><\/div><\/div><div class=\"fusion-fullwidth fullwidth-box fusion-builder-row-2 fusion-flex-container has-pattern-background has-mask-background nonhundred-percent-fullwidth non-hundred-percent-height-scrolling\" style=\"--awb-border-radius-top-left:0px;--awb-border-radius-top-right:0px;--awb-border-radius-bottom-right:0px;--awb-border-radius-bottom-left:0px;--awb-flex-wrap:wrap;\" ><div class=\"fusion-builder-row fusion-row fusion-flex-align-items-flex-start fusion-flex-content-wrap\" style=\"max-width:1144px;margin-left: calc(-4% \/ 2 );margin-right: calc(-4% \/ 2 );\"><div class=\"fusion-layout-column fusion_builder_column fusion-builder-column-1 fusion_builder_column_1_1 1_1 fusion-flex-column\" style=\"--awb-bg-size:cover;--awb-width-large:100%;--awb-margin-top-large:0px;--awb-spacing-right-large:1.92%;--awb-margin-bottom-large:20px;--awb-spacing-left-large:1.92%;--awb-width-medium:100%;--awb-order-medium:0;--awb-spacing-right-medium:1.92%;--awb-spacing-left-medium:1.92%;--awb-width-small:100%;--awb-order-small:0;--awb-spacing-right-small:1.92%;--awb-spacing-left-small:1.92%;\"><div class=\"fusion-column-wrapper fusion-column-has-shadow fusion-flex-justify-content-flex-start fusion-content-layout-column\"><div class=\"fusion-separator fusion-full-width-sep\" style=\"align-self: center;margin-left: auto;margin-right: auto;margin-top:25px;margin-bottom:25px;width:100%;\"><\/div><div class=\"fusion-image-carousel fusion-image-carousel-auto fusion-image-carousel-1\"><div class=\"awb-carousel awb-swiper awb-swiper-carousel awb-carousel--carousel awb-swiper-dots-position-bottom\" data-layout=\"carousel\" data-autoplay=\"no\" data-autoplayspeed=\"2500\" data-autoplaypause=\"no\" data-columns=\"5\" data-columnsmedium=\"1\" data-columnssmall=\"1\" data-itemmargin=\"13\" data-itemwidth=\"180\" data-touchscroll=\"no\" data-freemode=\"no\" data-imagesize=\"auto\" data-scrollitems=\"0\" data-centeredslides=\"no\" data-rotationangle=\"50\" data-depth=\"100\" data-speed=\"500\" data-shadow=\"no\" data-pagination=\"bullets\" style=\"--awb-dots-align:center;\"><div class=\"swiper-wrapper awb-image-carousel-wrapper fusion-flex-align-items-center\"><div class=\"swiper-slide\"><div class=\"fusion-carousel-item-wrapper\"><div class=\"fusion-image-wrapper awb-imageframe-style awb-imageframe-style-schantel\"><a href=\"https:\/\/economics.mit.edu\/people\/faculty\/daron-acemoglu\" target=\"_blank\" rel=\"noopener noreferrer\"><img decoding=\"async\" width=\"284\" height=\"284\" src=\"https:\/\/creei.ca\/wp-content\/uploads\/2025\/08\/Daron-Acemoglu.jpg\" class=\"attachment-full size-full\" alt=\"Daron Acemoglu\" srcset=\"https:\/\/creei.ca\/wp-content\/uploads\/2025\/08\/Daron-Acemoglu-200x200.jpg 200w, https:\/\/creei.ca\/wp-content\/uploads\/2025\/08\/Daron-Acemoglu.jpg 284w\" sizes=\"(min-width: 2200px) 100vw, (min-width: 712px) 544px, (min-width: 640px) 712px, \" \/><div class=\"awb-imageframe-caption-container\"><div class=\"awb-imageframe-caption\"><h1 class=\"awb-imageframe-caption-title\">Daron Acemoglu<\/h1><\/div><\/div><\/a><\/div><\/div><\/div><div class=\"swiper-slide\"><div class=\"fusion-carousel-item-wrapper\"><div class=\"fusion-image-wrapper awb-imageframe-style awb-imageframe-style-schantel\"><a href=\"https:\/\/yoshuabengio.org\/\" target=\"_blank\" rel=\"noopener noreferrer\"><img decoding=\"async\" width=\"284\" height=\"284\" src=\"https:\/\/creei.ca\/wp-content\/uploads\/2025\/08\/Yoshua-Bengio.png\" class=\"attachment-full size-full\" alt=\"Yoshua Bengio \" srcset=\"https:\/\/creei.ca\/wp-content\/uploads\/2025\/08\/Yoshua-Bengio-200x200.png 200w, https:\/\/creei.ca\/wp-content\/uploads\/2025\/08\/Yoshua-Bengio.png 284w\" sizes=\"(min-width: 2200px) 100vw, (min-width: 712px) 544px, (min-width: 640px) 712px, \" \/><div class=\"awb-imageframe-caption-container\"><div class=\"awb-imageframe-caption\"><h1 class=\"awb-imageframe-caption-title\">Yoshua Bengio<\/h1><\/div><\/div><\/a><\/div><\/div><\/div><\/div><div class=\"awb-swiper-button awb-swiper-button-prev\"><i class=\"awb-icon-angle-left\" aria-hidden=\"true\"><\/i><\/div><div class=\"awb-swiper-button awb-swiper-button-next\"><i class=\"awb-icon-angle-right\" aria-hidden=\"true\"><\/i><\/div><\/div><\/div><\/div><\/div><div class=\"fusion-layout-column fusion_builder_column fusion-builder-column-2 fusion_builder_column_1_1 1_1 fusion-flex-column\" style=\"--awb-bg-size:cover;--awb-width-large:100%;--awb-margin-top-large:0px;--awb-spacing-right-large:1.92%;--awb-margin-bottom-large:20px;--awb-spacing-left-large:1.92%;--awb-width-medium:100%;--awb-order-medium:0;--awb-spacing-right-medium:1.92%;--awb-spacing-left-medium:1.92%;--awb-width-small:100%;--awb-order-small:0;--awb-spacing-right-small:1.92%;--awb-spacing-left-small:1.92%;\"><div class=\"fusion-column-wrapper fusion-column-has-shadow fusion-flex-justify-content-flex-start fusion-content-layout-column\"><div class=\"fusion-title title fusion-title-3 fusion-title-text fusion-title-size-one\"><div class=\"title-sep-container title-sep-container-left fusion-no-large-visibility fusion-no-medium-visibility fusion-no-small-visibility\"><div class=\"title-sep sep-double sep-solid\" style=\"border-color:#e0dede;\"><\/div><\/div><span class=\"awb-title-spacer fusion-no-large-visibility fusion-no-medium-visibility fusion-no-small-visibility\"><\/span><h1 class=\"fusion-title-heading title-heading-left fusion-responsive-typography-calculated\" style=\"margin:0;--fontSize:32;line-height:1.0;\"><h1 style=\"text-align: center;\">Info<\/h1><\/h1><span class=\"awb-title-spacer\"><\/span><div class=\"title-sep-container title-sep-container-right\"><div class=\"title-sep sep-double sep-solid\" style=\"border-color:#e0dede;\"><\/div><\/div><\/div><div class=\"fusion-text fusion-text-2\" style=\"--awb-text-color:#000000;\"><div class=\"p-pdf_iframe__page\" aria-label=\"Page\u00a01\" data-page-number=\"1\">\n<h3>Date : October 6, 2025, 10:30 p.m. to noon<\/h3>\n<div class=\"textLayer\">\n<h3>Location : Universit\u00e9 du Qu\u00e9bec \u00e0 Montr\u00e9al<br \/>\nAmphith\u00e9\u00e2tre (SH-2800) du pavillon Sherbrooke<br \/>\n200, rue Sherbrooke Ouest<br \/>\nMontr\u00e9al (Qu\u00e9bec) H2X3P2<\/h3>\n<h3>Additional Information: A ceremony to award an honorary doctorate from UQAM to Daron Acemoglu will take place at 2:30 p.m. in room SH-2800 (<em>by invitation only<\/em>).<\/h3>\n<\/div>\n<\/div>\n<\/div><\/div><\/div><div class=\"fusion-layout-column fusion_builder_column fusion-builder-column-3 fusion_builder_column_1_1 1_1 fusion-flex-column\" style=\"--awb-bg-size:cover;--awb-width-large:100%;--awb-margin-top-large:0px;--awb-spacing-right-large:1.92%;--awb-margin-bottom-large:20px;--awb-spacing-left-large:1.92%;--awb-width-medium:100%;--awb-order-medium:0;--awb-spacing-right-medium:1.92%;--awb-spacing-left-medium:1.92%;--awb-width-small:100%;--awb-order-small:0;--awb-spacing-right-small:1.92%;--awb-spacing-left-small:1.92%;\"><div class=\"fusion-column-wrapper fusion-column-has-shadow fusion-flex-justify-content-flex-start fusion-content-layout-column\"><div class=\"fusion-title title fusion-title-4 fusion-title-text fusion-title-size-one\"><div class=\"title-sep-container title-sep-container-left fusion-no-large-visibility fusion-no-medium-visibility fusion-no-small-visibility\"><div class=\"title-sep sep-double sep-solid\" style=\"border-color:#e0dede;\"><\/div><\/div><span class=\"awb-title-spacer fusion-no-large-visibility fusion-no-medium-visibility fusion-no-small-visibility\"><\/span><h1 class=\"fusion-title-heading title-heading-left fusion-responsive-typography-calculated\" style=\"margin:0;--fontSize:32;line-height:1.0;\"><h1 style=\"text-align: center;\">Partners<\/h1><\/h1><span class=\"awb-title-spacer\"><\/span><div class=\"title-sep-container title-sep-container-right\"><div class=\"title-sep sep-double sep-solid\" style=\"border-color:#e0dede;\"><\/div><\/div><\/div><div class=\"fusion-image-carousel fusion-image-carousel-auto fusion-image-carousel-2\"><div class=\"awb-carousel awb-swiper awb-swiper-carousel awb-carousel--carousel awb-swiper-dots-position-bottom\" data-layout=\"carousel\" data-autoplay=\"no\" data-autoplayspeed=\"2500\" data-autoplaypause=\"no\" data-columns=\"5\" data-columnsmedium=\"1\" data-columnssmall=\"1\" data-itemmargin=\"13\" data-itemwidth=\"180\" data-touchscroll=\"no\" data-freemode=\"no\" data-imagesize=\"auto\" data-scrollitems=\"0\" data-centeredslides=\"no\" data-rotationangle=\"50\" data-depth=\"100\" data-speed=\"500\" data-shadow=\"no\" data-pagination=\"bullets\" style=\"--awb-dots-align:center;\"><div class=\"swiper-wrapper awb-image-carousel-wrapper fusion-flex-align-items-center\"><div class=\"swiper-slide\"><div class=\"fusion-carousel-item-wrapper\"><div class=\"fusion-image-wrapper hover-type-none\"><a href=\"https:\/\/creei.ca\/en\/\" target=\"_self\"><img decoding=\"async\" width=\"512\" height=\"159\" src=\"https:\/\/creei.ca\/wp-content\/uploads\/2024\/10\/Logo_RCIE_AN_RGB-1.png\" class=\"attachment-full size-full\" alt=\"\" srcset=\"https:\/\/creei.ca\/wp-content\/uploads\/2024\/10\/Logo_RCIE_AN_RGB-1-200x62.png 200w, https:\/\/creei.ca\/wp-content\/uploads\/2024\/10\/Logo_RCIE_AN_RGB-1-400x124.png 400w, https:\/\/creei.ca\/wp-content\/uploads\/2024\/10\/Logo_RCIE_AN_RGB-1.png 512w\" sizes=\"(min-width: 2200px) 100vw, (min-width: 712px) 544px, (min-width: 640px) 712px, \" \/><\/a><\/div><\/div><\/div><div class=\"swiper-slide\"><div class=\"fusion-carousel-item-wrapper\"><div class=\"fusion-image-wrapper hover-type-none\"><a href=\"https:\/\/grch.esg.uqam.ca\/en\/\" target=\"_self\"><img decoding=\"async\" width=\"200\" height=\"274\" src=\"https:\/\/creei.ca\/wp-content\/uploads\/2024\/03\/image-1-e1756480870978.png\" class=\"attachment-full size-full\" alt=\"\" \/><\/a><\/div><\/div><\/div><\/div><\/div><\/div><div class=\"fusion-image-element \" style=\"text-align:center;--awb-caption-title-font-family:var(--h2_typography-font-family);--awb-caption-title-font-weight:var(--h2_typography-font-weight);--awb-caption-title-font-style:var(--h2_typography-font-style);--awb-caption-title-size:var(--h2_typography-font-size);--awb-caption-title-transform:var(--h2_typography-text-transform);--awb-caption-title-line-height:var(--h2_typography-line-height);--awb-caption-title-letter-spacing:var(--h2_typography-letter-spacing);\"><span class=\" fusion-imageframe imageframe-none imageframe-2 hover-type-none\"><a class=\"fusion-no-lightbox\" href=\"https:\/\/economie.esg.uqam.ca\/en\/\" target=\"_self\" aria-label=\"uqam-econ-ANG\"><img decoding=\"async\" width=\"400\" height=\"43\" src=\"https:\/\/creei.ca\/wp-content\/uploads\/2025\/08\/uqam-econ-ANG-e1756495871452.png\" alt class=\"img-responsive wp-image-9172\"\/><\/a><\/span><\/div><div class=\"fusion-image-carousel fusion-image-carousel-auto fusion-image-carousel-3\"><div class=\"awb-carousel awb-swiper awb-swiper-carousel awb-carousel--carousel awb-swiper-dots-position-bottom\" data-layout=\"carousel\" data-autoplay=\"no\" data-autoplayspeed=\"2500\" data-autoplaypause=\"no\" data-columns=\"5\" data-columnsmedium=\"1\" data-columnssmall=\"1\" data-itemmargin=\"13\" data-itemwidth=\"180\" data-touchscroll=\"no\" data-freemode=\"no\" data-imagesize=\"auto\" data-scrollitems=\"0\" data-centeredslides=\"no\" data-rotationangle=\"50\" data-depth=\"100\" data-speed=\"500\" data-shadow=\"no\" data-pagination=\"bullets\" style=\"--awb-dots-align:center;\"><div class=\"swiper-wrapper awb-image-carousel-wrapper fusion-flex-align-items-center\"><div class=\"swiper-slide\"><div class=\"fusion-carousel-item-wrapper\"><div class=\"fusion-image-wrapper hover-type-none\"><a href=\"https:\/\/deit.esg.uqam.ca\/\" target=\"_self\"><img decoding=\"async\" width=\"449\" height=\"82\" src=\"https:\/\/creei.ca\/wp-content\/uploads\/2024\/03\/Picture1.png\" class=\"attachment-full size-full\" alt=\"\" srcset=\"https:\/\/creei.ca\/wp-content\/uploads\/2024\/03\/Picture1-200x37.png 200w, https:\/\/creei.ca\/wp-content\/uploads\/2024\/03\/Picture1-400x73.png 400w, https:\/\/creei.ca\/wp-content\/uploads\/2024\/03\/Picture1.png 449w\" sizes=\"(min-width: 2200px) 100vw, (min-width: 712px) 544px, (min-width: 640px) 712px, \" \/><\/a><\/div><\/div><\/div><div class=\"swiper-slide\"><div class=\"fusion-carousel-item-wrapper\"><div class=\"fusion-image-wrapper hover-type-none\"><a href=\"https:\/\/mila.quebec\/en\" target=\"_self\"><img decoding=\"async\" width=\"400\" height=\"250\" src=\"https:\/\/creei.ca\/wp-content\/uploads\/2025\/08\/Mila_Research_Institute_Logo.png\" class=\"attachment-full size-full\" alt=\"\" srcset=\"https:\/\/creei.ca\/wp-content\/uploads\/2025\/08\/Mila_Research_Institute_Logo-200x125.png 200w, https:\/\/creei.ca\/wp-content\/uploads\/2025\/08\/Mila_Research_Institute_Logo.png 400w\" sizes=\"(min-width: 2200px) 100vw, (min-width: 712px) 544px, (min-width: 640px) 712px, \" \/><\/a><\/div><\/div><\/div><\/div><\/div><\/div><div class=\"fusion-image-carousel fusion-image-carousel-auto fusion-image-carousel-4\"><div class=\"awb-carousel awb-swiper awb-swiper-carousel awb-carousel--carousel awb-swiper-dots-position-bottom\" data-layout=\"carousel\" data-autoplay=\"no\" data-autoplayspeed=\"2500\" data-autoplaypause=\"no\" data-columns=\"5\" data-columnsmedium=\"1\" data-columnssmall=\"1\" data-itemmargin=\"13\" data-itemwidth=\"180\" data-touchscroll=\"no\" data-freemode=\"no\" data-imagesize=\"auto\" data-scrollitems=\"0\" data-centeredslides=\"no\" data-rotationangle=\"50\" data-depth=\"100\" data-speed=\"500\" data-shadow=\"no\" data-pagination=\"bullets\" style=\"--awb-dots-align:center;\"><div class=\"swiper-wrapper awb-image-carousel-wrapper fusion-flex-align-items-center\"><div class=\"swiper-slide\"><div class=\"fusion-carousel-item-wrapper\"><div class=\"fusion-image-wrapper hover-type-none\"><a href=\"https:\/\/chairemacro.esg.uqam.ca\/\" target=\"_self\"><img decoding=\"async\" width=\"300\" height=\"70\" src=\"https:\/\/creei.ca\/wp-content\/uploads\/2024\/03\/new_logo_chair-1.png\" class=\"attachment-full size-full\" alt=\"\" srcset=\"https:\/\/creei.ca\/wp-content\/uploads\/2024\/03\/new_logo_chair-1-200x47.png 200w, https:\/\/creei.ca\/wp-content\/uploads\/2024\/03\/new_logo_chair-1.png 300w\" sizes=\"(min-width: 2200px) 100vw, (min-width: 712px) 544px, (min-width: 640px) 712px, \" \/><\/a><\/div><\/div><\/div><div class=\"swiper-slide\"><div class=\"fusion-carousel-item-wrapper\"><div class=\"fusion-image-wrapper hover-type-none\"><a href=\"https:\/\/esg.uqam.ca\/en\/\" target=\"_self\"><img decoding=\"async\" width=\"300\" height=\"52\" src=\"https:\/\/creei.ca\/wp-content\/uploads\/2025\/08\/imagesESG-UQAM-e1756495640312.png\" class=\"attachment-full size-full\" alt=\"\" \/><\/a><\/div><\/div><\/div><\/div><\/div><\/div><\/div><\/div><\/div><\/div><\/p>\n","protected":false},"excerpt":{"rendered":"","protected":false},"author":3,"featured_media":0,"parent":0,"menu_order":0,"comment_status":"closed","ping_status":"closed","template":"","meta":{"footnotes":""},"class_list":["post-9131","page","type-page","status-publish","hentry"],"_links":{"self":[{"href":"https:\/\/creei.ca\/en\/wp-json\/wp\/v2\/pages\/9131","targetHints":{"allow":["GET"]}}],"collection":[{"href":"https:\/\/creei.ca\/en\/wp-json\/wp\/v2\/pages"}],"about":[{"href":"https:\/\/creei.ca\/en\/wp-json\/wp\/v2\/types\/page"}],"author":[{"embeddable":true,"href":"https:\/\/creei.ca\/en\/wp-json\/wp\/v2\/users\/3"}],"replies":[{"embeddable":true,"href":"https:\/\/creei.ca\/en\/wp-json\/wp\/v2\/comments?post=9131"}],"version-history":[{"count":25,"href":"https:\/\/creei.ca\/en\/wp-json\/wp\/v2\/pages\/9131\/revisions"}],"predecessor-version":[{"id":9259,"href":"https:\/\/creei.ca\/en\/wp-json\/wp\/v2\/pages\/9131\/revisions\/9259"}],"wp:attachment":[{"href":"https:\/\/creei.ca\/en\/wp-json\/wp\/v2\/media?parent=9131"}],"curies":[{"name":"wp","href":"https:\/\/api.w.org\/{rel}","templated":true}]}}