{"id":8623,"date":"2024-03-27T10:01:45","date_gmt":"2024-03-27T14:01:45","guid":{"rendered":"https:\/\/creei.ca\/colloque-en-lhonneur-de-trois-professeurs-steve-ambler-pierre-fortin-et-louis-phaneuf-celebration-de-leur-contribution-en-economie\/"},"modified":"2024-05-01T14:35:10","modified_gmt":"2024-05-01T18:35:10","slug":"colloque-en-lhonneur-de-trois-professeurs-steve-ambler-pierre-fortin-et-louis-phaneuf-celebration-de-leur-contribution-en-economie","status":"publish","type":"page","link":"https:\/\/creei.ca\/en\/colloque-en-lhonneur-de-trois-professeurs-steve-ambler-pierre-fortin-et-louis-phaneuf-celebration-de-leur-contribution-en-economie\/","title":{"rendered":"Colloque en l&#8217;honneur de trois Professeurs Steve Ambler, Pierre Fortin et Louis Phaneuf: C\u00e9l\u00e9bration de leur contribution en \u00e9conomie"},"content":{"rendered":"<p><div class=\"fusion-fullwidth fullwidth-box fusion-builder-row-1 fusion-flex-container has-pattern-background has-mask-background nonhundred-percent-fullwidth non-hundred-percent-height-scrolling\" style=\"--awb-border-radius-top-left:0px;--awb-border-radius-top-right:0px;--awb-border-radius-bottom-right:0px;--awb-border-radius-bottom-left:0px;--awb-flex-wrap:wrap;\" ><div class=\"fusion-builder-row fusion-row fusion-flex-align-items-flex-start fusion-flex-content-wrap\" style=\"max-width:1144px;margin-left: calc(-4% \/ 2 );margin-right: calc(-4% \/ 2 );\"><div class=\"fusion-layout-column fusion_builder_column fusion-builder-column-0 fusion_builder_column_1_1 1_1 fusion-flex-column\" style=\"--awb-bg-size:cover;--awb-width-large:100%;--awb-margin-top-large:0px;--awb-spacing-right-large:1.92%;--awb-margin-bottom-large:20px;--awb-spacing-left-large:1.92%;--awb-width-medium:100%;--awb-order-medium:0;--awb-spacing-right-medium:1.92%;--awb-spacing-left-medium:1.92%;--awb-width-small:100%;--awb-order-small:0;--awb-spacing-right-small:1.92%;--awb-spacing-left-small:1.92%;\"><div class=\"fusion-column-wrapper fusion-column-has-shadow fusion-flex-justify-content-flex-start fusion-content-layout-column\"><div class=\"fusion-image-element \" style=\"--awb-caption-title-font-family:var(--h2_typography-font-family);--awb-caption-title-font-weight:var(--h2_typography-font-weight);--awb-caption-title-font-style:var(--h2_typography-font-style);--awb-caption-title-size:var(--h2_typography-font-size);--awb-caption-title-transform:var(--h2_typography-text-transform);--awb-caption-title-line-height:var(--h2_typography-line-height);--awb-caption-title-letter-spacing:var(--h2_typography-letter-spacing);\"><span class=\" fusion-imageframe imageframe-none imageframe-1 hover-type-none\"><img decoding=\"async\" width=\"1200\" height=\"600\" title=\"Colloque en l&#8217;honneur de trois Professeurs\" src=\"https:\/\/creei.ca\/wp-content\/uploads\/2024\/03\/Colloque-en-lhonneur-de-trois-Professeurs.png\" alt class=\"img-responsive wp-image-8628\" srcset=\"https:\/\/creei.ca\/wp-content\/uploads\/2024\/03\/Colloque-en-lhonneur-de-trois-Professeurs-200x100.png 200w, https:\/\/creei.ca\/wp-content\/uploads\/2024\/03\/Colloque-en-lhonneur-de-trois-Professeurs-400x200.png 400w, https:\/\/creei.ca\/wp-content\/uploads\/2024\/03\/Colloque-en-lhonneur-de-trois-Professeurs-600x300.png 600w, https:\/\/creei.ca\/wp-content\/uploads\/2024\/03\/Colloque-en-lhonneur-de-trois-Professeurs-800x400.png 800w, https:\/\/creei.ca\/wp-content\/uploads\/2024\/03\/Colloque-en-lhonneur-de-trois-Professeurs.png 1200w\" sizes=\"(max-width: 1024px) 100vw, (max-width: 640px) 100vw, 1200px\" \/><\/span><\/div><\/div><\/div><\/div><\/div><div class=\"fusion-fullwidth fullwidth-box fusion-builder-row-2 fusion-flex-container has-pattern-background has-mask-background nonhundred-percent-fullwidth non-hundred-percent-height-scrolling\" style=\"--awb-border-radius-top-left:0px;--awb-border-radius-top-right:0px;--awb-border-radius-bottom-right:0px;--awb-border-radius-bottom-left:0px;--awb-flex-wrap:wrap;\" ><div class=\"fusion-builder-row fusion-row fusion-flex-align-items-flex-start fusion-flex-content-wrap\" style=\"max-width:1144px;margin-left: calc(-4% \/ 2 );margin-right: calc(-4% \/ 2 );\"><div class=\"fusion-layout-column fusion_builder_column fusion-builder-column-1 fusion_builder_column_1_3 1_3 fusion-flex-column\" style=\"--awb-bg-size:cover;--awb-width-large:33.333333333333%;--awb-margin-top-large:0px;--awb-spacing-right-large:5.76%;--awb-margin-bottom-large:20px;--awb-spacing-left-large:5.76%;--awb-width-medium:100%;--awb-order-medium:0;--awb-spacing-right-medium:1.92%;--awb-spacing-left-medium:1.92%;--awb-width-small:100%;--awb-order-small:0;--awb-spacing-right-small:1.92%;--awb-spacing-left-small:1.92%;\"><div class=\"fusion-column-wrapper fusion-column-has-shadow fusion-flex-justify-content-flex-start fusion-content-layout-column\"><div class=\"fusion-text fusion-text-1\" style=\"--awb-text-color:#000000;\"><div class=\"p-pdf_iframe__page\" aria-label=\"Page\u00a01\" data-page-number=\"1\">\n<div class=\"textLayer\">\n<h3>Date : May 3th 2024<\/h3>\n<h3>Location : ESG UQAM<\/h3>\n<p>D-R200<br \/>\nUniversit\u00e9 du Qu\u00e9bec \u00e0 Montr\u00e9al, Pavilion D, Room DR200, 1430 Saint-Denis Street, Montreal,<br \/>\nH2X 3J8<\/p>\n<\/div>\n<\/div>\n<\/div><div class=\"fusion-image-element \" style=\"--awb-caption-title-font-family:var(--h2_typography-font-family);--awb-caption-title-font-weight:var(--h2_typography-font-weight);--awb-caption-title-font-style:var(--h2_typography-font-style);--awb-caption-title-size:var(--h2_typography-font-size);--awb-caption-title-transform:var(--h2_typography-text-transform);--awb-caption-title-line-height:var(--h2_typography-line-height);--awb-caption-title-letter-spacing:var(--h2_typography-letter-spacing);\"><span class=\" fusion-imageframe imageframe-none imageframe-2 hover-type-none\"><a class=\"fusion-no-lightbox\" href=\"https:\/\/economie.esg.uqam.ca\/en\/\" target=\"_self\" aria-label=\"e\u0301con\"><img decoding=\"async\" width=\"1038\" height=\"195\" src=\"https:\/\/creei.ca\/wp-content\/uploads\/2024\/03\/e\u0301con.png\" alt class=\"img-responsive wp-image-8634\" srcset=\"https:\/\/creei.ca\/wp-content\/uploads\/2024\/03\/e\u0301con-200x38.png 200w, https:\/\/creei.ca\/wp-content\/uploads\/2024\/03\/e\u0301con-400x75.png 400w, https:\/\/creei.ca\/wp-content\/uploads\/2024\/03\/e\u0301con-600x113.png 600w, https:\/\/creei.ca\/wp-content\/uploads\/2024\/03\/e\u0301con-800x150.png 800w, https:\/\/creei.ca\/wp-content\/uploads\/2024\/03\/e\u0301con.png 1038w\" sizes=\"(max-width: 1024px) 100vw, (max-width: 640px) 100vw, 400px\" \/><\/a><\/span><\/div><div class=\"fusion-separator fusion-full-width-sep\" style=\"align-self: center;margin-left: auto;margin-right: auto;margin-top:25px;margin-bottom:25px;width:100%;\"><\/div><div class=\"fusion-image-element \" style=\"--awb-caption-title-font-family:var(--h2_typography-font-family);--awb-caption-title-font-weight:var(--h2_typography-font-weight);--awb-caption-title-font-style:var(--h2_typography-font-style);--awb-caption-title-size:var(--h2_typography-font-size);--awb-caption-title-transform:var(--h2_typography-text-transform);--awb-caption-title-line-height:var(--h2_typography-line-height);--awb-caption-title-letter-spacing:var(--h2_typography-letter-spacing);\"><span class=\" fusion-imageframe imageframe-none imageframe-3 hover-type-none\"><img decoding=\"async\" width=\"512\" height=\"158\" title=\"Logo_CREEI_FR_RGB-1\" src=\"https:\/\/creei.ca\/wp-content\/uploads\/2024\/01\/Logo_CREEI_FR_RGB-1.png\" alt class=\"img-responsive wp-image-8536\" srcset=\"https:\/\/creei.ca\/wp-content\/uploads\/2024\/01\/Logo_CREEI_FR_RGB-1-200x62.png 200w, https:\/\/creei.ca\/wp-content\/uploads\/2024\/01\/Logo_CREEI_FR_RGB-1-400x123.png 400w, https:\/\/creei.ca\/wp-content\/uploads\/2024\/01\/Logo_CREEI_FR_RGB-1.png 512w\" sizes=\"(max-width: 1024px) 100vw, (max-width: 640px) 100vw, 400px\" \/><\/span><\/div><div class=\"fusion-separator fusion-full-width-sep\" style=\"align-self: center;margin-left: auto;margin-right: auto;margin-top:25px;margin-bottom:25px;width:100%;\"><\/div><div class=\"fusion-image-element \" style=\"--awb-caption-title-font-family:var(--h2_typography-font-family);--awb-caption-title-font-weight:var(--h2_typography-font-weight);--awb-caption-title-font-style:var(--h2_typography-font-style);--awb-caption-title-size:var(--h2_typography-font-size);--awb-caption-title-transform:var(--h2_typography-text-transform);--awb-caption-title-line-height:var(--h2_typography-line-height);--awb-caption-title-letter-spacing:var(--h2_typography-letter-spacing);\"><span class=\" fusion-imageframe imageframe-none imageframe-4 hover-type-none\"><img decoding=\"async\" width=\"200\" height=\"274\" src=\"https:\/\/creei.ca\/wp-content\/uploads\/2024\/03\/image-1-200x274.png\" alt class=\"img-responsive wp-image-8645\"\/><\/span><\/div><div class=\"fusion-separator fusion-full-width-sep\" style=\"align-self: center;margin-left: auto;margin-right: auto;margin-top:25px;margin-bottom:25px;width:100%;\"><\/div><div class=\"fusion-image-element \" style=\"--awb-caption-title-font-family:var(--h2_typography-font-family);--awb-caption-title-font-weight:var(--h2_typography-font-weight);--awb-caption-title-font-style:var(--h2_typography-font-style);--awb-caption-title-size:var(--h2_typography-font-size);--awb-caption-title-transform:var(--h2_typography-text-transform);--awb-caption-title-line-height:var(--h2_typography-line-height);--awb-caption-title-letter-spacing:var(--h2_typography-letter-spacing);\"><span class=\" fusion-imageframe imageframe-none imageframe-5 hover-type-none\"><a class=\"fusion-no-lightbox\" href=\"https:\/\/chairemacro.esg.uqam.ca\/\" target=\"_self\" aria-label=\"new_logo_chair-1\"><img decoding=\"async\" width=\"300\" height=\"70\" src=\"https:\/\/creei.ca\/wp-content\/uploads\/2024\/03\/new_logo_chair-1.png\" alt class=\"img-responsive wp-image-8613\" srcset=\"https:\/\/creei.ca\/wp-content\/uploads\/2024\/03\/new_logo_chair-1-200x47.png 200w, https:\/\/creei.ca\/wp-content\/uploads\/2024\/03\/new_logo_chair-1.png 300w\" sizes=\"(max-width: 1024px) 100vw, (max-width: 640px) 100vw, 300px\" \/><\/a><\/span><\/div><div class=\"fusion-separator fusion-full-width-sep\" style=\"align-self: center;margin-left: auto;margin-right: auto;margin-top:25px;margin-bottom:25px;width:100%;\"><\/div><div class=\"fusion-image-element \" style=\"--awb-caption-title-font-family:var(--h2_typography-font-family);--awb-caption-title-font-weight:var(--h2_typography-font-weight);--awb-caption-title-font-style:var(--h2_typography-font-style);--awb-caption-title-size:var(--h2_typography-font-size);--awb-caption-title-transform:var(--h2_typography-text-transform);--awb-caption-title-line-height:var(--h2_typography-line-height);--awb-caption-title-letter-spacing:var(--h2_typography-letter-spacing);\"><span class=\" fusion-imageframe imageframe-none imageframe-6 hover-type-none\"><a class=\"fusion-no-lightbox\" href=\"https:\/\/ieim.uqam.ca\/auteur\/deit\/\" target=\"_self\" aria-label=\"Picture1\"><img decoding=\"async\" width=\"449\" height=\"82\" src=\"https:\/\/creei.ca\/wp-content\/uploads\/2024\/03\/Picture1-1.png\" alt class=\"img-responsive wp-image-8618\" srcset=\"https:\/\/creei.ca\/wp-content\/uploads\/2024\/03\/Picture1-1-200x37.png 200w, https:\/\/creei.ca\/wp-content\/uploads\/2024\/03\/Picture1-1-400x73.png 400w, https:\/\/creei.ca\/wp-content\/uploads\/2024\/03\/Picture1-1.png 449w\" sizes=\"(max-width: 1024px) 100vw, (max-width: 640px) 100vw, 400px\" \/><\/a><\/span><\/div><div class=\"fusion-separator fusion-full-width-sep\" style=\"align-self: center;margin-left: auto;margin-right: auto;margin-top:25px;margin-bottom:25px;width:100%;\"><\/div><div style=\"text-align:center;\"><a class=\"fusion-button button-flat button-xlarge button-default fusion-button-default button-1 fusion-button-default-span fusion-button-default-type\" target=\"_self\" href=\"https:\/\/www.linkedin.com\/company\/chaire-de-recherche-sur-les-enjeux-%C3%A9conomiques-interg%C3%A9n%C3%A9rationnels\/?viewAsMember=true\"><span class=\"fusion-button-text awb-button__text awb-button__text--default\">Follow us on LinkedIn<\/span><\/a><\/div><\/div><\/div><div class=\"fusion-layout-column fusion_builder_column fusion-builder-column-2 fusion_builder_column_2_3 2_3 fusion-flex-column\" style=\"--awb-bg-size:cover;--awb-width-large:66.666666666667%;--awb-margin-top-large:0px;--awb-spacing-right-large:2.88%;--awb-margin-bottom-large:20px;--awb-spacing-left-large:2.88%;--awb-width-medium:100%;--awb-order-medium:0;--awb-spacing-right-medium:1.92%;--awb-spacing-left-medium:1.92%;--awb-width-small:100%;--awb-order-small:0;--awb-spacing-right-small:1.92%;--awb-spacing-left-small:1.92%;\"><div class=\"fusion-column-wrapper fusion-column-has-shadow fusion-flex-justify-content-flex-start fusion-content-layout-column\"><div style=\"text-align:right;\"><a class=\"fusion-button button-flat button-xlarge button-default fusion-button-default button-2 fusion-button-default-span fusion-button-default-type\" target=\"_self\" href=\"https:\/\/www.eventbrite.ca\/e\/billets-colloque-en-lhonneur-des-profs-steve-ambler-pierre-fortin-louis-phaneuf-871339619257?aff=oddtdtcreator\"><span class=\"fusion-button-text awb-button__text awb-button__text--default\">Register<\/span><\/a><\/div><div class=\"fusion-separator fusion-full-width-sep\" style=\"align-self: center;margin-left: auto;margin-right: auto;margin-top:25px;margin-bottom:25px;width:100%;\"><\/div><div class=\"fusion-text fusion-text-2\" style=\"--awb-text-color:#000000;\"><div class=\"p-pdf_iframe__page\" aria-label=\"Page\u00a01\" data-page-number=\"1\">\n<div class=\"textLayer\">\n<h4>13 :30 &#8211; Word of welcome : Julien Martin (ESG UQAM and DEiT)<\/h4>\n<h4>13 :35 &#8211; Opening: Doyen Komlan Sedzro (ESG UQAM)<\/h4>\n<h3><\/h3>\n<h3><strong>Round Table 1<\/strong>\u00a0 &#8211; Changing target(s)? Discussions on monetary policy<\/h3>\n<p>13:50 -15:00<\/p>\n<p><strong>Speakers<\/strong><\/p>\n<ul>\n<li>Jeremy Kronick (Associate Vice President and Director of the Centre on Financial and Monetary Policy at the C.D. Howe Institute)<\/li>\n<li>Steve Ambler (ESG UQAM and <em>C.D.<\/em>\u00a0<em>Howe Institute<\/em>)<\/li>\n<li>Louis Phaneuf (ESG UQAM, Chaire de recherche en macro\u00e9conomie et pr\u00e9visions, Department of Economics, Carleton University)<\/li>\n<li>Hashmat Khan (Carleton University)<\/li>\n<\/ul>\n<p><strong>Moderator:<\/strong> Dalibor Stevanovic (ESG UQAM and Chaire en macro\u00e9conomie et pr\u00e9visions)<\/p>\n<p>Questions and comments<\/p>\n<p>Coffee Break<\/p>\n<h3><\/h3>\n<h3><strong>Round Table 2<\/strong>\u00a0 &#8211; Economic Growth in Quebec: The Role of Public Policies<\/h3>\n<p>15 :20-16 :30<\/p>\n<h4><strong>Speakers<\/strong><\/h4>\n<ul>\n<li>Pierre Fortin (ESG UQAM)<\/li>\n<li>Philip Merrigan (ESG UQAM and GRCH)<\/li>\n<li>Pierre-Carl Michaud (HEC)<\/li>\n<li>Henri-Paul Rousseau (HEC)<\/li>\n<\/ul>\n<p><strong>Moderator :<\/strong> Raquel Fonseca (ESG UQAM et CREEi)<\/p>\n<p>Questions and comments<\/p>\n<h4>Cocktail<\/h4>\n<h4>16 :45 &#8211; Word from the Rector : St\u00e9phane Pallage (UQAM)<\/h4>\n<h4>5:00 &#8211; Word from the Minister of Finance, Eric Girard<\/h4>\n<h4>19 :30 :\u00a0 Dinner (by invitation)<\/h4>\n<\/div>\n<\/div>\n<\/div><div class=\"fusion-separator fusion-full-width-sep\" style=\"align-self: center;margin-left: auto;margin-right: auto;margin-top:25px;margin-bottom:25px;width:100%;\"><\/div><\/div><\/div><\/div><\/div><\/p>\n","protected":false},"excerpt":{"rendered":"","protected":false},"author":3,"featured_media":0,"parent":0,"menu_order":0,"comment_status":"closed","ping_status":"closed","template":"","meta":{"footnotes":""},"class_list":["post-8623","page","type-page","status-publish","hentry"],"_links":{"self":[{"href":"https:\/\/creei.ca\/en\/wp-json\/wp\/v2\/pages\/8623","targetHints":{"allow":["GET"]}}],"collection":[{"href":"https:\/\/creei.ca\/en\/wp-json\/wp\/v2\/pages"}],"about":[{"href":"https:\/\/creei.ca\/en\/wp-json\/wp\/v2\/types\/page"}],"author":[{"embeddable":true,"href":"https:\/\/creei.ca\/en\/wp-json\/wp\/v2\/users\/3"}],"replies":[{"embeddable":true,"href":"https:\/\/creei.ca\/en\/wp-json\/wp\/v2\/comments?post=8623"}],"version-history":[{"count":13,"href":"https:\/\/creei.ca\/en\/wp-json\/wp\/v2\/pages\/8623\/revisions"}],"predecessor-version":[{"id":8668,"href":"https:\/\/creei.ca\/en\/wp-json\/wp\/v2\/pages\/8623\/revisions\/8668"}],"wp:attachment":[{"href":"https:\/\/creei.ca\/en\/wp-json\/wp\/v2\/media?parent=8623"}],"curies":[{"name":"wp","href":"https:\/\/api.w.org\/{rel}","templated":true}]}}