{"id":8033,"date":"2023-07-23T08:03:08","date_gmt":"2023-07-23T12:03:08","guid":{"rendered":"https:\/\/creei.ca\/scholarship-recipients\/"},"modified":"2023-07-23T08:05:17","modified_gmt":"2023-07-23T12:05:17","slug":"scholarship-recipients","status":"publish","type":"page","link":"https:\/\/creei.ca\/en\/scholarship-recipients\/","title":{"rendered":"Scholarship Recipients"},"content":{"rendered":"<div class=\"fusion-fullwidth fullwidth-box fusion-builder-row-1 fusion-flex-container nonhundred-percent-fullwidth non-hundred-percent-height-scrolling\" style=\"--awb-border-radius-top-left:0px;--awb-border-radius-top-right:0px;--awb-border-radius-bottom-right:0px;--awb-border-radius-bottom-left:0px;--awb-flex-wrap:wrap;\" ><div class=\"fusion-builder-row fusion-row fusion-flex-align-items-flex-start fusion-flex-content-wrap\" style=\"max-width:1144px;margin-left: calc(-4% \/ 2 );margin-right: calc(-4% \/ 2 );\"><div class=\"fusion-layout-column fusion_builder_column fusion-builder-column-0 fusion_builder_column_1_1 1_1 fusion-flex-column\" style=\"--awb-bg-size:cover;--awb-width-large:100%;--awb-margin-top-large:0px;--awb-spacing-right-large:1.92%;--awb-margin-bottom-large:20px;--awb-spacing-left-large:1.92%;--awb-width-medium:100%;--awb-order-medium:0;--awb-spacing-right-medium:1.92%;--awb-spacing-left-medium:1.92%;--awb-width-small:100%;--awb-order-small:0;--awb-spacing-right-small:1.92%;--awb-spacing-left-small:1.92%;\"><div class=\"fusion-column-wrapper fusion-column-has-shadow fusion-flex-justify-content-flex-start fusion-content-layout-column\"><div class=\"fusion-text fusion-text-1\"><article class=\"node-230 node node-section-apti node-promoted view-mode-full clearfix\">\n<header><\/header>\n<div class=\"field field-name-body field-type-text-with-summary field-label-hidden\">\n<div class=\"field-items\">\n<div class=\"field-item even\">\n<p>The Chair offered scholarships for master\u2019s and doctoral students in Economics at ESG UQAM, HEC Montr\u00e9al and Universit\u00e9 Laval, and to other master\u2019s and doctoral students whose research is supervised by a professor-researcher of the Chair.<\/p>\n<\/div>\n<\/div>\n<\/div>\n<\/article>\n<article class=\"node-405 node node-section-apti node-promoted view-mode-full clearfix\">\n<div class=\"field field-name-body field-type-text-with-summary field-label-hidden\">\n<div class=\"field-items\">\n<div class=\"field-item even\">\n<ul>\n<li>Suhail Amiri (master\u2019s, HEC)<\/li>\n<li>Nicolas B\u00e9dard (master\u2019s, HEC)<\/li>\n<li>Marie-Pier Bernard (master\u2019s, UL)<\/li>\n<li>S\u00e9bastien Box-Couillard (master\u2019s, HEC)<\/li>\n<li>Jean-F\u00e9lix Brouillette (master\u2019s, HEC)<\/li>\n<li>Ariane Campeau (master\u2019s, UQAM)<\/li>\n<li>Isma\u00ebl Choini\u00e8re-Cr\u00e8vecoeur (doctorate, UQAM)<\/li>\n<li>Nicholas-James Clavet (doctorate, UL)<\/li>\n<li>Aur\u00e9lie C\u00f4t\u00e9-Sergent (master\u2019s, UQAM)<\/li>\n<li>Siramane Coulibaly (master\u2019s, UL)<\/li>\n<li>Simon Dagenais (master\u2019s, HEC)<\/li>\n<li>Finagnon Antoine Dedewanou (doctorate, UL)<\/li>\n<li>Marie-Albertine Djuikom Tamtchouong (doctorate, UL)<\/li>\n<li>Nizar El Ghali (doctorate, UL)<\/li>\n<li>St\u00e9phanie Fagnant (master\u2019s, UQAM)<\/li>\n<li>Bodel Aymele Gnintedem (doctorate, UL)<\/li>\n<li>Kossi Thomas Golo (doctorate, UL)<\/li>\n<li>\u00c9tienne Grenier (master\u2019s, HEC)<\/li>\n<li>Philippe Jacques (master\u2019s, UQAM)<\/li>\n<li>Maxime Juckenack-Mellinger (master\u2019s, HEC)<\/li>\n<li>Annabelle Lamy (master\u2019s, UQAM)<\/li>\n<li>Steeve Marchand (doctorate, UL)<\/li>\n<li>Jasmine Pageau (master\u2019s, UL)<\/li>\n<li>Samuel Par\u00e9 (master\u2019s, UQAM)<\/li>\n<li>Mathieu Pellerin (master\u2019s, UL)<\/li>\n<li>Guillaume Poulin-Bellisle (master\u2019s, HEC)<\/li>\n<li>Laure S\u00e9brier (master\u2019s, UL)<\/li>\n<\/ul>\n<\/div>\n<\/div>\n<\/div>\n<\/article>\n<\/div><\/div><\/div><\/div><\/div>\n","protected":false},"excerpt":{"rendered":"","protected":false},"author":1,"featured_media":0,"parent":0,"menu_order":0,"comment_status":"open","ping_status":"open","template":"","meta":{"footnotes":""},"class_list":["post-8033","page","type-page","status-publish","hentry"],"_links":{"self":[{"href":"https:\/\/creei.ca\/en\/wp-json\/wp\/v2\/pages\/8033","targetHints":{"allow":["GET"]}}],"collection":[{"href":"https:\/\/creei.ca\/en\/wp-json\/wp\/v2\/pages"}],"about":[{"href":"https:\/\/creei.ca\/en\/wp-json\/wp\/v2\/types\/page"}],"author":[{"embeddable":true,"href":"https:\/\/creei.ca\/en\/wp-json\/wp\/v2\/users\/1"}],"replies":[{"embeddable":true,"href":"https:\/\/creei.ca\/en\/wp-json\/wp\/v2\/comments?post=8033"}],"version-history":[{"count":0,"href":"https:\/\/creei.ca\/en\/wp-json\/wp\/v2\/pages\/8033\/revisions"}],"wp:attachment":[{"href":"https:\/\/creei.ca\/en\/wp-json\/wp\/v2\/media?parent=8033"}],"curies":[{"name":"wp","href":"https:\/\/api.w.org\/{rel}","templated":true}]}}