{"id":8030,"date":"2023-07-23T08:03:03","date_gmt":"2023-07-23T12:03:03","guid":{"rendered":"https:\/\/creei.ca\/le-financement-du-soutien-a-lautonomie-des-personnes-agees-a-la-croisee-des-chemins\/"},"modified":"2023-11-22T15:58:32","modified_gmt":"2023-11-22T20:58:32","slug":"financement-soutien-autonomie-personnes-agees-croisee-chemins","status":"publish","type":"page","link":"https:\/\/creei.ca\/en\/financement-soutien-autonomie-personnes-agees-croisee-chemins\/","title":{"rendered":"Le financement du soutien \u00e0 l\u2019autonomie des personnes \u00e2g\u00e9es \u00e0 la crois\u00e9e des chemins"},"content":{"rendered":"<div class=\"fusion-fullwidth fullwidth-box fusion-builder-row-1 fusion-flex-container nonhundred-percent-fullwidth non-hundred-percent-height-scrolling\" style=\"--awb-border-radius-top-left:0px;--awb-border-radius-top-right:0px;--awb-border-radius-bottom-right:0px;--awb-border-radius-bottom-left:0px;--awb-flex-wrap:wrap;\" ><div class=\"fusion-builder-row fusion-row fusion-flex-align-items-flex-start fusion-flex-content-wrap\" style=\"max-width:1144px;margin-left: calc(-4% \/ 2 );margin-right: calc(-4% \/ 2 );\"><div class=\"fusion-layout-column fusion_builder_column fusion-builder-column-0 fusion_builder_column_1_1 1_1 fusion-flex-column\" style=\"--awb-bg-size:cover;--awb-width-large:100%;--awb-margin-top-large:0px;--awb-spacing-right-large:1.92%;--awb-margin-bottom-large:20px;--awb-spacing-left-large:1.92%;--awb-width-medium:100%;--awb-order-medium:0;--awb-spacing-right-medium:1.92%;--awb-spacing-left-medium:1.92%;--awb-width-small:100%;--awb-order-small:0;--awb-spacing-right-small:1.92%;--awb-spacing-left-small:1.92%;\"><div class=\"fusion-column-wrapper fusion-column-has-shadow fusion-flex-justify-content-flex-start fusion-content-layout-column\"><div class=\"fusion-text fusion-text-1\"><article class=\"node-789 node node-publications node-promoted view-mode-full node-by-viewer clearfix\">\n<div class=\"field field-name-body field-type-text-with-summary field-label-above\">\n<div class=\"field-label\">Short Summary:<\/div>\n<div>This working paper describes future needs in terms of support for the autonomy of the elderly in Quebec and attempts to estimate the related costs. The results of the simulations show that the needs will grow more and more rapidly over the next two decades. The costs will quickly become prohibitive, even if the current level of service is maintained. The projections of the status quo scenario show that we would need to increase the availability to accommodate more than 40,000 new residents in CHSLDs by 2040, a doubling of the current capacity. Finally, this report proposes a framework for considering different scenarios that can meet the needs of the population in a more financially sustainable way.<\/div>\n<div class=\"field-items\">\n<div class=\"field-item even\"><\/div>\n<\/div>\n<\/div>\n<div class=\"field field-name-field-auteurs-publication field-type-taxonomy-term-reference field-label-inline clearfix\">\n<div class=\"field-label\">Publication Authors: Nicholas-James Clavet, Yann D\u00e9carie, R\u00e9jean H\u00e9bert, Pierre-Carl Michaud and Julien Navaux.<\/div>\n<\/div>\n<div class=\"field field-name-field-num-ro field-type-text field-label-inline clearfix\">\n<div class=\"field-label\">Number: 21-01<\/div>\n<\/div>\n<div class=\"field field-name-field-fichier field-type-file field-label-inline clearfix\">\n<div class=\"field-label\">File: <img decoding=\"async\" class=\"alignnone size-full wp-image-428\" src=\"https:\/\/creei.ca\/wp-content\/uploads\/2019\/07\/application-pdf.png\" alt=\"\" width=\"16\" height=\"16\" \/> <a href=\"https:\/\/creei.ca\/wp-content\/uploads\/2021\/02\/cahier_21_01_financement_soutien_autonomie_personnes_agees_croisee_chemins.pdf\">cahier_21_01_financement_soutien_autonomie_personnes_agees_croisee_chemins<\/a><\/div>\n<\/div>\n<div class=\"field field-name-field-ann-e field-type-taxonomy-term-reference field-label-inline clearfix\">\n<div class=\"field-label\">Year: 2021<\/div>\n<div class=\"field-label\">File: <img decoding=\"async\" class=\"alignnone size-full wp-image-428\" src=\"https:\/\/creei.ca\/wp-content\/uploads\/2019\/07\/application-pdf.png\" alt=\"\" width=\"16\" height=\"16\" \/> <a href=\"https:\/\/creei.ca\/en\/wp-content\/uploads\/sites\/2\/2021\/02\/executive_summary_20_21_funding_autonomy_support_elderly_crossroads.pdf\">Executive Summary<\/a><\/div>\n<\/div>\n<\/article>\n<\/div><\/div><\/div><\/div><\/div>\n","protected":false},"excerpt":{"rendered":"","protected":false},"author":1,"featured_media":0,"parent":0,"menu_order":0,"comment_status":"open","ping_status":"closed","template":"","meta":{"footnotes":""},"class_list":["post-8030","page","type-page","status-publish","hentry"],"_links":{"self":[{"href":"https:\/\/creei.ca\/en\/wp-json\/wp\/v2\/pages\/8030","targetHints":{"allow":["GET"]}}],"collection":[{"href":"https:\/\/creei.ca\/en\/wp-json\/wp\/v2\/pages"}],"about":[{"href":"https:\/\/creei.ca\/en\/wp-json\/wp\/v2\/types\/page"}],"author":[{"embeddable":true,"href":"https:\/\/creei.ca\/en\/wp-json\/wp\/v2\/users\/1"}],"replies":[{"embeddable":true,"href":"https:\/\/creei.ca\/en\/wp-json\/wp\/v2\/comments?post=8030"}],"version-history":[{"count":1,"href":"https:\/\/creei.ca\/en\/wp-json\/wp\/v2\/pages\/8030\/revisions"}],"predecessor-version":[{"id":8230,"href":"https:\/\/creei.ca\/en\/wp-json\/wp\/v2\/pages\/8030\/revisions\/8230"}],"wp:attachment":[{"href":"https:\/\/creei.ca\/en\/wp-json\/wp\/v2\/media?parent=8030"}],"curies":[{"name":"wp","href":"https:\/\/api.w.org\/{rel}","templated":true}]}}