{"id":8023,"date":"2023-07-23T08:03:03","date_gmt":"2023-07-23T12:03:03","guid":{"rendered":"https:\/\/creei.ca\/simfin-public-finances-simulator\/"},"modified":"2023-07-23T08:05:17","modified_gmt":"2023-07-23T12:05:17","slug":"simfin-public-finances-simulator","status":"publish","type":"page","link":"https:\/\/creei.ca\/en\/simfin-public-finances-simulator\/","title":{"rendered":"SimFin: Public Finances Simulator"},"content":{"rendered":"<div class=\"fusion-fullwidth fullwidth-box fusion-builder-row-1 nonhundred-percent-fullwidth non-hundred-percent-height-scrolling\" style=\"--awb-border-radius-top-left:0px;--awb-border-radius-top-right:0px;--awb-border-radius-bottom-right:0px;--awb-border-radius-bottom-left:0px;--awb-flex-wrap:wrap;\" ><div class=\"fusion-builder-row fusion-row\"><div class=\"fusion-layout-column fusion_builder_column fusion-builder-column-0 fusion_builder_column_1_2 1_2 fusion-one-half fusion-column-first\" style=\"--awb-bg-size:cover;width:50%;width:calc(50% - ( ( 4% ) * 0.5 ) );margin-right: 4%;\"><div class=\"fusion-column-wrapper fusion-flex-column-wrapper-legacy\"><div class=\"fusion-video fusion-youtube\" style=\"--awb-max-width:600px;--awb-max-height:360px;\"><div class=\"video-shortcode\"><div class=\"fluid-width-video-wrapper\" style=\"padding-top:60%;\" ><iframe title=\"YouTube video player 1\" src=\"https:\/\/www.youtube.com\/embed\/a8WcYLjpwHQ?wmode=transparent&autoplay=0\" width=\"600\" height=\"360\" allowfullscreen allow=\"autoplay; clipboard-write; encrypted-media; gyroscope; picture-in-picture;\"><\/iframe><\/div><\/div><\/div><div class=\"fusion-text fusion-text-1\"><p>(video in French, English subtitles available)<\/p>\n<\/div><div class=\"fusion-clearfix\"><\/div><\/div><\/div><div class=\"fusion-layout-column fusion_builder_column fusion-builder-column-1 fusion_builder_column_1_2 1_2 fusion-one-half fusion-column-last\" style=\"--awb-bg-size:cover;width:50%;width:calc(50% - ( ( 4% ) * 0.5 ) );\"><div class=\"fusion-column-wrapper fusion-flex-column-wrapper-legacy\"><div class=\"fusion-text fusion-text-2\"><p>SimFin is a microsimulation model that makes it possible to make projections of Qu\u00e9bec public finances. Access the documentation and the model download procedure by\u00a0<a href=\"http:\/\/creei-models.github.io\/simfin\/index.html#\">clicking here<\/a>.<\/p>\n<\/div><div class=\"fusion-text fusion-text-3\"><div class=\"p-rich_text_section\">Two research notes were published from SimFin in the <a href=\"https:\/\/cirano.qc.ca\/en\/documents\/publications?isblockdisplay=false&amp;type&#091;&#093;=7&amp;sorttypedate=desc&amp;page=1&amp;displaylang=en\">COVID-19 Insights<\/a> and <a href=\"https:\/\/cirano.qc.ca\/en\/documents\/publications?isblockdisplay=false&amp;type&#091;&#093;=2&amp;sorttypedate=desc&amp;page=1&amp;displaylang=en\">Project Reports<\/a> Series of <a href=\"http:\/\/cirano.qc.ca\/en\">CIRANO<\/a>, as well as one paper in the <a href=\"https:\/\/creei.ca\/en\/working-papers\/\">CREEi working paper<\/a> series:<\/div>\n<ul class=\"p-rich_text_list p-rich_text_list__bullet\" data-stringify-type=\"unordered-list\" data-indent=\"0\">\n<li>&#8220;<a class=\"c-link\" href=\"https:\/\/creei.ca\/en\/mitiger-impacts-vieillissement-piste-redosage\/\" target=\"_blank\" rel=\"noopener noreferrer\" data-stringify-link=\"https:\/\/creei.ca\/mitiger-impacts-vieillissement-piste-redosage\/\" data-sk=\"tooltip_parent\">Mitiger les impacts \u00e9conomiques du vieillissement sur la croissance et les recettes publiques\u00a0: la piste du redosage fiscal<\/a>,&#8221; by Bertrand Achou, Yann D\u00e9carie, Luc Godbout, Pierre-Carl Michaud, Julien Navaux and Suzie St-Cerny.<\/li>\n<li>&#8220;<a class=\"c-link\" href=\"https:\/\/cirano.qc.ca\/en\/summaries\/2020RP-29\" target=\"_blank\" rel=\"noopener noreferrer\" data-stringify-link=\"https:\/\/cirano.qc.ca\/fr\/sommaires\/2020RP-29\" data-sk=\"tooltip_parent\">La pand\u00e9mie de COVID-19 et ses effets sur les finances publiques du gouvernement du Qu\u00e9bec 2020-2035<\/a>,&#8221; by Bertrand Achou, Yann D\u00e9carie, Raquel Fonseca, Pierre-Carl Michaud and Julien Navaux.<\/li>\n<li>&#8220;<a class=\"c-link\" href=\"http:\/\/www.cirano.qc.ca\/en\/summaries\/2020PE-41\" target=\"_blank\" rel=\"noopener noreferrer\" data-stringify-link=\"http:\/\/www.cirano.qc.ca\/fr\/sommaires\/2020PE-41\" data-sk=\"tooltip_parent\">Le Transfert Canadien en Sant\u00e9 doit \u00eatre bonifi\u00e9 afin d\u2019assurer les services dans un contexte de vieillissement acc\u00e9l\u00e9r\u00e9<\/a>,&#8221; by Raquel Fonseca, Pierre-Carl Michaud and Julien Navaux.<\/li>\n<\/ul>\n<\/div><div class=\"fusion-clearfix\"><\/div><\/div><\/div><\/div><\/div>\n","protected":false},"excerpt":{"rendered":"","protected":false},"author":1,"featured_media":0,"parent":0,"menu_order":0,"comment_status":"open","ping_status":"open","template":"","meta":{"footnotes":""},"class_list":["post-8023","page","type-page","status-publish","hentry"],"_links":{"self":[{"href":"https:\/\/creei.ca\/en\/wp-json\/wp\/v2\/pages\/8023","targetHints":{"allow":["GET"]}}],"collection":[{"href":"https:\/\/creei.ca\/en\/wp-json\/wp\/v2\/pages"}],"about":[{"href":"https:\/\/creei.ca\/en\/wp-json\/wp\/v2\/types\/page"}],"author":[{"embeddable":true,"href":"https:\/\/creei.ca\/en\/wp-json\/wp\/v2\/users\/1"}],"replies":[{"embeddable":true,"href":"https:\/\/creei.ca\/en\/wp-json\/wp\/v2\/comments?post=8023"}],"version-history":[{"count":0,"href":"https:\/\/creei.ca\/en\/wp-json\/wp\/v2\/pages\/8023\/revisions"}],"wp:attachment":[{"href":"https:\/\/creei.ca\/en\/wp-json\/wp\/v2\/media?parent=8023"}],"curies":[{"name":"wp","href":"https:\/\/api.w.org\/{rel}","templated":true}]}}