{"id":8019,"date":"2023-07-23T08:03:03","date_gmt":"2023-07-23T12:03:03","guid":{"rendered":"https:\/\/creei.ca\/analysis-and-research-notes\/"},"modified":"2025-10-29T09:48:40","modified_gmt":"2025-10-29T13:48:40","slug":"notes-and-reports","status":"publish","type":"page","link":"https:\/\/creei.ca\/en\/notes-and-reports\/","title":{"rendered":"Notes and reports"},"content":{"rendered":"<p><div class=\"fusion-fullwidth fullwidth-box fusion-builder-row-1 nonhundred-percent-fullwidth non-hundred-percent-height-scrolling\" style=\"--awb-border-radius-top-left:0px;--awb-border-radius-top-right:0px;--awb-border-radius-bottom-right:0px;--awb-border-radius-bottom-left:0px;--awb-flex-wrap:wrap;\" ><div class=\"fusion-builder-row fusion-row\"><div class=\"fusion-layout-column fusion_builder_column fusion-builder-column-0 fusion_builder_column_1_1 1_1 fusion-one-full fusion-column-first fusion-column-last\" style=\"--awb-bg-size:cover;\"><div class=\"fusion-column-wrapper fusion-flex-column-wrapper-legacy\"><div class=\"fusion-tabs fusion-tabs-1 classic vertical-tabs icon-position-left mobile-mode-accordion\" style=\"--awb-title-border-radius-top-left:0px;--awb-title-border-radius-top-right:0px;--awb-title-border-radius-bottom-right:0px;--awb-title-border-radius-bottom-left:0px;--awb-alignment:start;--awb-inactive-color:#ffffff;--awb-background-color:#ebeaea;--awb-border-color:#ffffff;--awb-active-border-color:#838588;\"><div class=\"nav\"><ul class=\"nav-tabs\" role=\"tablist\"><li class=\"active\" role=\"presentation\"><a class=\"tab-link\" data-toggle=\"tab\" role=\"tab\" aria-controls=\"tab-a8ce3b90827be493584\" aria-selected=\"true\" id=\"fusion-tab-analysisnotes\" href=\"#tab-a8ce3b90827be493584\"><h4 class=\"fusion-tab-heading\">Analysis Notes<\/h4><\/a><\/li><li role=\"presentation\"><a class=\"tab-link\" data-toggle=\"tab\" role=\"tab\" aria-controls=\"tab-87bceb3bfd7bc9e4c30\" aria-selected=\"false\" tabindex=\"-1\" id=\"fusion-tab-ciranoresearchnotes\" href=\"#tab-87bceb3bfd7bc9e4c30\"><h4 class=\"fusion-tab-heading\">CIRANO Research Notes<\/h4><\/a><\/li><li role=\"presentation\"><a class=\"tab-link\" data-toggle=\"tab\" role=\"tab\" aria-controls=\"tab-ff2c72a9341d7d63ebd\" aria-selected=\"false\" tabindex=\"-1\" id=\"fusion-tab-report\" href=\"#tab-ff2c72a9341d7d63ebd\"><h4 class=\"fusion-tab-heading\">Report<\/h4><\/a><\/li><\/ul><\/div><div class=\"tab-content\"><div class=\"nav fusion-mobile-tab-nav\"><ul class=\"nav-tabs\" role=\"tablist\"><li class=\"active\" role=\"presentation\"><a class=\"tab-link\" data-toggle=\"tab\" role=\"tab\" aria-controls=\"tab-a8ce3b90827be493584\" aria-selected=\"true\" id=\"mobile-fusion-tab-analysisnotes\" href=\"#tab-a8ce3b90827be493584\"><h4 class=\"fusion-tab-heading\">Analysis Notes<\/h4><\/a><\/li><\/ul><\/div><div class=\"tab-pane fade fusion-clearfix in active\" role=\"tabpanel\" tabindex=\"0\" aria-labelledby=\"fusion-tab-analysisnotes\" id=\"tab-a8ce3b90827be493584\">\n<ul>\n<li><strong><a href=\"https:\/\/creei.ca\/wp-content\/uploads\/2025\/06\/Les-transitions-a-la-retraite-Immigrant_final_120625_clean.pdf\"><span class=\"conteneurNumeroDate\">Transitions a\u0300 la retraite <\/span>selon le type de travailleur au Qu\u00e9bec : une comparaison des facteurs d\u00e9terminants<\/a><br \/>\n<\/strong><span class=\"conteneurNumeroDate\">Analysis Note No. 2025-02<\/span><span class=\"conteneurNumeroDate\"><span class=\"conteneurNumeroDate\"><span class=\"date-display-single\"><br \/>\nAuthors : Nicholas-James Clavet, Lo\u00efc Courtemanche and Raquel Fonseca<\/span><\/span><\/span><\/li>\n<\/ul>\n<ul>\n<li><a href=\"https:\/\/creei.ca\/wp-content\/uploads\/2025\/03\/Gentrification-et-presence-des-aines-dans-les-quartiers-de-montreal.pdf\"><strong>Gentrification et pr\u00e9sence des a\u00een\u00e9s dans les quartiers de montr\u00e9al<\/strong><\/a><br \/>\n<span class=\"conteneurNumeroDate\">Analysis Note No. 2025-01<\/span><span class=\"conteneurNumeroDate\"><span class=\"conteneurNumeroDate\"><span class=\"date-display-single\"><br \/>\nAuthors : Ella Akoua F\u00e9licie Djo, Mo\u00efse Drabo, Raquel Fonseca and Florian Mayneris<\/span><\/span><\/span><\/li>\n<\/ul>\n<ul>\n<li><strong><span class=\"conteneurTitrePublication\"><a href=\"https:\/\/creei.ca\/wp-content\/uploads\/2022\/06\/note-analyse-2022-4.pdf\">\u00c9volution des incitations au travail au Qu\u00e9bec de 2016 \u00e0 2021 : les familles avec enfants<\/a><\/span><\/strong><br \/>\n<span class=\"conteneurNumeroDate\">Analysis Note No.\u00a02022-04 <\/span><span class=\"conteneurNumeroDate\"><span class=\"date-display-single\"><br \/>\nAuthors: Nicholas-James Clavet, Roger Edindali Emone, Raquel Fonseca and Pierre-Carl Michaud<\/span><\/span><\/li>\n<\/ul>\n<ul>\n<li><strong><span class=\"conteneurTitrePublication\"><a href=\"https:\/\/creei.ca\/wp-content\/uploads\/2022\/05\/note-analyse-2022-3.pdf\">Portrait des grands utilisateurs de soins publics de sant\u00e9 au Qu\u00e9bec<\/a><\/span><\/strong><br \/>\n<span class=\"conteneurNumeroDate\">Analysis Note No.\u00a02022-03 <\/span><span class=\"conteneurNumeroDate\"><span class=\"date-display-single\"><br \/>\nAuthors: Nicholas-James Clavet, Raquel Fonseca, Pierre-Carl Michaud and Julien Navaux<\/span><\/span><\/li>\n<\/ul>\n<ul>\n<li><strong><span class=\"conteneurTitrePublication\"><a href=\"https:\/\/creei.ca\/wp-content\/uploads\/2022\/04\/note-analyse-2022-2.pdf\">\u00c9volution des incitations au travail au Qu\u00e9bec de 2016 \u00e0 2021 : les travailleurs exp\u00e9riment\u00e9s<\/a><\/span><\/strong><br \/>\n<span class=\"conteneurNumeroDate\">Analysis Note No.\u00a02022-02 <\/span><span class=\"conteneurNumeroDate\"><span class=\"date-display-single\"><br \/>\nAuthors: Nicholas-James Clavet, Roger Edindali Emone, Raquel Fonseca and Pierre-Carl Michaux<\/span><\/span><\/li>\n<\/ul>\n<ul>\n<li><strong><span class=\"conteneurTitrePublication\"><a href=\"https:\/\/creei.ca\/wp-content\/uploads\/2022\/01\/note-analyse-2022-1.pdf\">Mieux comprendre la croissance structurelle des d\u00e9penses publiques de sant\u00e9 au Qu\u00e9bec<\/a><\/span><\/strong><br \/>\n<span class=\"conteneurNumeroDate\">Analysis Note No.\u00a02022-01 <\/span><span class=\"conteneurNumeroDate\"><span class=\"date-display-single\"><br \/>\nAuthors: Nicholas-James Clavet, Raquel Fonseca, Pierre-Carl Michaud and Julien Navaux<\/span><\/span><\/li>\n<\/ul>\n<ul>\n<li><strong><span class=\"conteneurTitrePublication\"><a href=\"https:\/\/creei.ca\/wp-content\/uploads\/2021\/12\/note-analyse-2021-4.pdf\">Bonifier les salaires en soutien \u00e0 l\u2019autonomie\u00a0: jusqu\u2019o\u00f9 aller pour combler les besoins?<\/a><\/span><\/strong><br \/>\n<span class=\"conteneurNumeroDate\">Analysis Note No.\u00a02021-04 <\/span><span class=\"conteneurNumeroDate\"><span class=\"date-display-single\"><br \/>\nAuthors: Nicholas-James Clavet, Pierre-Carl Michaud and Julien Navaux<\/span><\/span><\/li>\n<\/ul>\n<ul>\n<li><strong><span class=\"conteneurTitrePublication\"><a href=\"https:\/\/creei.ca\/wp-content\/uploads\/2021\/11\/note-analyse-2021-3.pdf\">Les travailleurs exp\u00e9riment\u00e9s \u00e0 la rescousse\u00a0: le jeu en vaut-il la chandelle?<\/a><\/span><\/strong><br \/>\n<span class=\"conteneurNumeroDate\">Analysis Note No.\u00a02021-03 <\/span><span class=\"conteneurNumeroDate\"><span class=\"date-display-single\"><br \/>\nAuthors: Nicholas-James Clavet, Pierre-Carl Michaud and Julien Navaux<\/span><\/span><\/li>\n<\/ul>\n<ul>\n<li><strong><span class=\"conteneurTitrePublication\"><a href=\"https:\/\/creei.ca\/wp-content\/uploads\/2021\/10\/note-analyse-2021-2.pdf\">La revanche des berceaux? Une bonne id\u00e9e au mauvais moment<\/a><\/span><\/strong><br \/>\n<span class=\"conteneurNumeroDate\">Analysis Note No. 2021-02 <\/span><span class=\"conteneurNumeroDate\"><span class=\"date-display-single\"><br \/>\nAuthors: Nicholas-James Clavet, Pierre-Carl Michaud and Julien Navaux<\/span><\/span><\/li>\n<\/ul>\n<ul>\n<li><strong><span class=\"conteneurTitrePublication\"><a href=\"https:\/\/creei.ca\/wp-content\/uploads\/2021\/09\/note-analyse-2021-1.pdf\">Vieillissement de la population et finances publiques<\/a><\/span><\/strong><br \/>\n<span class=\"conteneurNumeroDate\">Analysis Note No. 2021-01 <\/span><span class=\"conteneurNumeroDate\"><span class=\"date-display-single\"><br \/>\nAuthors: Nicholas-James Clavet, Pierre-Carl Michaud and Julien Navaux<\/span><\/span><\/li>\n<\/ul>\n<\/div><div class=\"nav fusion-mobile-tab-nav\"><ul class=\"nav-tabs\" role=\"tablist\"><li role=\"presentation\"><a class=\"tab-link\" data-toggle=\"tab\" role=\"tab\" aria-controls=\"tab-87bceb3bfd7bc9e4c30\" aria-selected=\"false\" tabindex=\"-1\" id=\"mobile-fusion-tab-ciranoresearchnotes\" href=\"#tab-87bceb3bfd7bc9e4c30\"><h4 class=\"fusion-tab-heading\">CIRANO Research Notes<\/h4><\/a><\/li><\/ul><\/div><div class=\"tab-pane fade fusion-clearfix\" role=\"tabpanel\" tabindex=\"0\" aria-labelledby=\"fusion-tab-ciranoresearchnotes\" id=\"tab-87bceb3bfd7bc9e4c30\">\n<ul>\n<li><a href=\"https:\/\/cirano.qc.ca\/en\/summaries\/2025PJ-14\" target=\"_blank\" rel=\"noopener\"><strong>L\u2019\u00e9cart de richesse se creuse entre les Qu\u00e9b\u00e9cois et les Ontariens et le facteur critique c\u2019est l\u2019immobilier<\/strong><\/a><br \/>\nFonseca, R., Lord, S., &amp; Poschke, M. (2025). (2025PJ-14, PERSPECTIVES Journal, CIRANO.) https:\/\/doi.org\/10.54932\/AGEN9341<\/li>\n<li><strong><a href=\"https:\/\/cirano.qc.ca\/fr\/sommaires\/2025PJ-14\" target=\"_blank\" rel=\"noopener\">Pollution atmosph\u00e9rique et d\u00e9veloppement cognitif des jeunes<\/a><\/strong><br \/>\nHaeck, C., Pelli, M., S\u00e9guin, C., &amp; Ismachowiez Mamber, A. C. (2025). (2025RP-22, Projects Reports, CIRANO.) https:\/\/doi.org\/10.54932\/XLIM5152<\/li>\n<li><a href=\"https:\/\/cirano.qc.ca\/en\/summaries\/2025RP-17\" target=\"_blank\" rel=\"noopener\"><strong>In\u00e9galit\u00e9s de richesse Qu\u00e9bec-Ontario : une comparaison par cohortes <\/strong><\/a><br \/>\nFonseca, R., Poschke, M., &amp; Lord, S. (2025). (2025RP-17, Projects Reports, CIRANO.) https:\/\/doi.org\/10.54932\/BIVE3561<\/li>\n<li><a href=\"https:\/\/cirano.qc.ca\/fr\/sommaires\/2025PJ-08\"><strong>Fais comme ta s\u0153ur : reste \u00e0 l\u2019\u00e9cole\u2009!<\/strong><\/a><br \/>\nLange, F., &amp; Connolly, M. (2025). (2025PJ-08, PERSPECTIVES Journal, CIRANO.) https:\/\/doi.org\/10.54932\/DBMW8840<\/li>\n<li><a href=\"https:\/\/cirano.qc.ca\/en\/summaries\/2025RP-10\"><strong>Les avantages socio\u00e9conomiques d\u2019un rattrapage de la diplomation des gar\u00e7ons au Qu\u00e9bec<\/strong><\/a><br \/>\nConnolly, M., &amp; Lange, F. (2025). (2025RP-10, Projects Reports, CIRANO.)<\/li>\n<li><strong><a href=\"https:\/\/cirano.qc.ca\/fr\/sommaires\/2024PR-05\" target=\"_blank\" rel=\"noopener\">Capital humain et entrepreneurial<\/a><\/strong><br \/>\nDrabo, M., &amp; Fonseca, R. (2024). (2024PR-05, For reflection, CIRANO.) Doi.org\/10.54932\/WGUP2003<\/li>\n<li><a href=\"https:\/\/cirano.qc.ca\/en\/summaries\/2023PJ-08\"><strong>Monter dans le train et gravir l\u2019\u00e9chelle sociale: Le r\u00f4le de la mobilit\u00e9 g\u00e9ographique dans la lutte contre les in\u00e9galit\u00e9s au Qu\u00e9bec<\/strong><\/a><br \/>\nBoujija, Y., Connolly, M., &amp; St-Denis, X. (2023). (2023PJ-08, PERSPECTIVES Journal, CIRANO.)<\/li>\n<li><a href=\"https:\/\/cirano.qc.ca\/en\/summaries\/2023RP-11\"><strong>Mobilit\u00e9 g\u00e9ographique et transmission interg\u00e9n\u00e9rationnelle du revenu au Qu\u00e9bec<\/strong><\/a><br \/>\nBoujija, Y., Connolly, M., &amp; St-Denis, X. (2023). (2023RP-11, Projects Reports, CIRANO.)<\/li>\n<li><strong><a href=\"https:\/\/cirano.qc.ca\/en\/summaries\/2023PR-04\" target=\"_blank\" rel=\"noopener\">L\u2019\u00e9volution et la composition de la richesse des m\u00e9nages Qu\u00e9b\u00e9cois<\/a><\/strong><br \/>\nFonseca, R., &amp; Poschke, M. (2023). (2023PR-04, For reflection, CIRANO.)<\/li>\n<li><a href=\"https:\/\/cirano.qc.ca\/en\/summaries\/2023s-04\" target=\"_blank\" rel=\"noopener\"><strong>Evaluating the relationship between income, survival and loss of autonomy among older Canadians<\/strong><\/a><br \/>\nConnolly, M., Domefa-Konou, A., &amp; Leroux, M.-L. (2023). (2023s-04, Working Papers, CIRANO.)<\/li>\n<li><a href=\"https:\/\/cirano.qc.ca\/en\/summaries\/2022RP-12\" target=\"_blank\" rel=\"noopener\"><strong>La mobilit\u00e9 sociale au Qu\u00e9bec selon diff\u00e9rents parcours universitaires<\/strong><\/a><br \/>\nConnolly, M., Haeck, C., &amp; Raymond-Brousseau, L. (2022). (2022RP-12, Projects Reports, CIRANO.)<\/li>\n<li><strong><span class=\"conteneurTitrePublication\"><a href=\"https:\/\/cirano.qc.ca\/en\/summaries\/2022s-03\" target=\"_blank\" rel=\"noopener\">Combien de personnes ont d\u00e9velopp\u00e9 des sympt\u00f4mes ou contract\u00e9 la Covid-19 au Qu\u00e9bec\u00a0? Une \u00e9tude exploratoire<\/a><\/span><\/strong><br \/>\n<span class=\"conteneurNumeroDate\">CIRANO Working Paper 2022s-03, <span class=\"date-display-single\">January 2022<\/span><\/span><\/li>\n<li><strong><a href=\"https:\/\/cirano.qc.ca\/en\/summaries\/2021RP-11\" target=\"_blank\" rel=\"noopener\">Le lien entre les comp\u00e9tences en num\u00e9ratie et les rendements sur le march\u00e9 du travail au Qu\u00e9bec<\/a><br \/>\n<\/strong>Fonseca, R., Fontaine, M. M., &amp; Haeck, C. (2021). (2021RP-11, Projects Reports, CIRANO.)<\/li>\n<li><a href=\"https:\/\/cirano.qc.ca\/en\/summaries\/2021RP-16\" target=\"_blank\" rel=\"noopener\"><strong>Mod\u00e9lisation des effectifs dans les secteurs de la sant\u00e9 et de l\u2019\u00e9ducation<\/strong><\/a><br \/>\nConnolly, M., Dionne, M.-A., &amp; Haeck, C. (2021). (2021RP-16, Projects Reports, CIRANO.)<\/li>\n<li><strong><a href=\"https:\/\/cirano.qc.ca\/en\/summaries\/2020RP-29\" target=\"_blank\" rel=\"noopener\">La pand\u00e9mie de COVID-19 et ses effets sur les finances publiques du gouvernement du Qu\u00e9bec 2020-2035<\/a><\/strong><br \/>\nAchou, B., D\u00e9carie, Y., Fonseca, R., Michaud, P.-C., &amp; Navaux, J. (2020). (2020RP-29, Projects Reports, CIRANO.)<\/li>\n<li><a href=\"https:\/\/cirano.qc.ca\/en\/summaries\/2020PR-01\" target=\"_blank\" rel=\"noopener\"><strong>La sant\u00e9 au c\u0153ur de la relance \u00e9conomique du Qu\u00e9bec<\/strong><\/a><br \/>\nAraj, M., Bolduc, J., Bolster-Foucault, C., Borg\u00e8s Da Silva, R., Bourassa Forcier, M., Brundisini, F., Coulibaly, S., Dubois, C.-A., Fonseca, R., Michaud, P.-C., Fortin, B., Godefroy, R., Golo, K. T., Laberge, M., Lacroix, G., Montmarquette, C., Poder, T. G., Quesnel-Vall\u00e9e, A., Savard, C. &#8230; Isabelle, M. (2020). (2020PR-01, For reflection, CIRANO.)<\/li>\n<li><strong><a href=\"https:\/\/cirano.qc.ca\/en\/summaries\/2020RP-21\" target=\"_blank\" rel=\"noopener\">\u00c9volution s\u00e9culaire du profil des salaires en fonction de l\u2019\u00e2ge : Qu\u00e9bec, Canada et \u00c9tats-Unis<\/a><\/strong><br \/>\nDostie, B., Dufour, G., Fonseca, R., &amp; Lal\u00e9, E. (2020). (2020RP-21, Projects Reports, CIRANO.)<\/li>\n<li><a href=\"https:\/\/cirano.qc.ca\/en\/summaries\/2020s-50\" target=\"_blank\" rel=\"noopener\"><strong>The Distribution of COVID-19 Related Risks<\/strong><\/a><br \/>\nBaylis, P., Beauregard, P.-L., Connolly, M., Fortin, N., Green, D. A., Guti\u00e9rrez-Cubillos, P., Gyetvay, S., Haeck, C., Moln\u00e1r, T. L., Simard-Duplain, G., Siu, H., teNyenhuis, M., &amp; Warman, C. (2020). (2020s-50, Working Papers, CIRANO.)<\/li>\n<li><strong><span class=\"conteneurTitrePublication\"><a href=\"https:\/\/cirano.qc.ca\/en\/summaries\/2020PE-41\" target=\"_blank\" rel=\"noopener\">Le Transfert Canadien en Sant\u00e9 doit \u00eatre bonifi\u00e9 afin d\u2019assurer les services dans un contexte de vieillissement acc\u00e9l\u00e9r\u00e9<\/a><\/span><\/strong><br \/>\n<span class=\"conteneurNumeroDate\">Appeared in the CIRANO Insights series, <span class=\"date-display-single\">August 2020<\/span><\/span><\/li>\n<li><a href=\"https:\/\/cirano.qc.ca\/en\/summaries\/2020PE-40\" target=\"_blank\" rel=\"noopener\"><strong>Professions et industries : quels sont les risques de transmission de la COVID-19 ? Un outil pour faire face \u00e0 la deuxi\u00e8me vague<\/strong><\/a><br \/>\nBeauregard, P.-L., Connolly, M., &amp; Haeck, C. (2020). (2020PE-40, Perspectives (2020-2021), CIRANO.)<\/li>\n<li><a href=\"https:\/\/cirano.qc.ca\/en\/summaries\/2020RP-15\" target=\"_blank\" rel=\"noopener\"><strong>L&#8217;impact de la pand\u00e9mie de COVID-19 sur les finances des m\u00e9nages<\/strong><\/a><br \/>\nAchou, B., Boisclair, D., Fonseca, R., Glenzer, F., &amp; Michaud, P.-C. (2020). (2020RP-15, Projects Reports, CIRANO.)<\/li>\n<li><strong><span class=\"conteneurTitrePublication\"><a href=\"https:\/\/cirano.qc.ca\/en\/summaries\/2020PE-32\" target=\"_blank\" rel=\"noopener\">Effets de la pand\u00e9mie et des mesures de soutien sur l\u2019imp\u00f4t des particuliers au Qu\u00e9bec et au Canada<\/a><\/span><\/strong><br \/>\n<span class=\"conteneurNumeroDate\">Appeared in the CIRANO Insights series, <span class=\"date-display-single\">June 2020<\/span><\/span><\/li>\n<li><strong><span class=\"conteneurTitrePublication\"><a href=\"https:\/\/cirano.qc.ca\/en\/summaries\/2020PE-31\" target=\"_blank\" rel=\"noopener\">La COVID-19 et le march\u00e9 du travail : Bilan des derniers mois et le\u00e7ons tir\u00e9es des \u00e9tudes internationales<\/a><\/span><\/strong><br \/>\n<span class=\"conteneurNumeroDate\">Appeared in the CIRANO Insights series, <span class=\"date-display-single\">June 2020<\/span><\/span><\/li>\n<li><strong><span class=\"conteneurTitrePublication\"><a href=\"https:\/\/cirano.qc.ca\/en\/summaries\/2020PE-28\" target=\"_blank\" rel=\"noopener\">Snapshot of Households That Received the Canada Emergency Response Benefit and Paths for Further Investigation<\/a><\/span><\/strong><br \/>\n<span class=\"conteneurNumeroDate\">Appeared in the CIRANO Insights series, <span class=\"date-display-single\">June 2020<\/span><\/span><\/li>\n<li><strong><span class=\"conteneurTitrePublication\"><a href=\"https:\/\/cirano.qc.ca\/en\/summaries\/2020PE-24\" target=\"_blank\" rel=\"noopener\">Impacts of the Pandemic on Personal Finances: A Preliminary Assessment<\/a><\/span><\/strong><br \/>\n<span class=\"conteneurNumeroDate\">Appeared in the CIRANO Insights series, <span class=\"date-display-single\">May 2020<\/span><\/span><\/li>\n<li><a href=\"https:\/\/cirano.qc.ca\/en\/summaries\/2020PE-22\" target=\"_blank\" rel=\"noopener\"><strong><span class=\"conteneurTitrePublication\">Do we Need to Take Another Look at Income Support? Impacts on the Incentive to Work<\/span><\/strong><\/a><br \/>\n<span class=\"conteneurNumeroDate\">Appeared in the CIRANO Insights series, <span class=\"date-display-single\">May 2020<\/span><\/span><\/li>\n<li><strong><span class=\"conteneurTitrePublication\"><a href=\"https:\/\/cirano.qc.ca\/en\/summaries\/2020PE-19\" target=\"_blank\" rel=\"noopener\">Compter les morts? Une analyse de la mortalit\u00e9 exc\u00e9dentaire r\u00e9cente en temps de pand\u00e9mie<\/a><\/span><\/strong><br \/>\n<span class=\"conteneurNumeroDate\">Appeared in the CIRANO Insights series, <span class=\"date-display-single\">May 2020<\/span><\/span><\/li>\n<li><strong><span class=\"conteneurTitrePublication\"><a href=\"https:\/\/cirano.qc.ca\/en\/summaries\/2020PE-07\" target=\"_blank\" rel=\"noopener\">Soins de longue dur\u00e9e : une opportunit\u00e9 de r\u00e9flexion pour ne plus r\u00e9p\u00e9ter les m\u00eames erreurs<\/a><\/span><\/strong><br \/>\n<span class=\"conteneurNumeroDate\">Appeared in the CIRANO Insights series, <span class=\"date-display-single\">April 2020<\/span><\/span><\/li>\n<li><a href=\"https:\/\/cirano.qc.ca\/en\/summaries\/2020RP-05\" target=\"_blank\" rel=\"noopener\"><strong>Les politiques familiales du Qu\u00e9bec \u00e9valu\u00e9es \u00e0 partir des trajectoires de revenus d\u2019emploi des parents et des personnes sans enfant<\/strong><\/a><br \/>\nConnolly, M., Fontaine, M. M., &amp; Haeck, C. (2020). (2020RP-05, Projects Reports, CIRANO.)<\/li>\n<li><strong><a href=\"https:\/\/cirano.qc.ca\/en\/summaries\/2020RP-03\" target=\"_blank\" rel=\"noopener\">\u00c9tude du lien entre la mobilit\u00e9 interg\u00e9n\u00e9rationnelle du revenu et caract\u00e9ristiques socio\u00e9conomiques durant l\u2019adolescence<\/a><br \/>\n<\/strong>Connolly, M., Haeck, C., &amp; Latour, A.-C. (2020). (2020RP-03, Projects Reports, CIRANO.)<\/li>\n<li><strong><a href=\"https:\/\/cirano.qc.ca\/en\/summaries\/2018RP-18\" target=\"_blank\" rel=\"noopener\">Le lien entre la taille des classes et les comp\u00e9tences cognitives et non cognitives<\/a><\/strong><br \/>\nConnolly, M., &amp; Haeck, C. (2018). (2018RP-18, Projects Reports, CIRANO.)<\/li>\n<li><strong><a href=\"https:\/\/cirano.qc.ca\/fr\/sommaires\/2018RP-07\" target=\"_blank\" rel=\"noopener\">\u00c9tat des lieux sur les \u00e9carts de revenus entre les parents et les femmes et hommes sans enfant au Qu\u00e9bec et dans le reste du Canada<\/a><\/strong><br \/>\nConnolly, M., Fontaine, M. M., &amp; Haeck, C. (2018). (2018RP-07, Projects Reports, CIRANO.)<\/li>\n<li><strong><a href=\"https:\/\/cirano.qc.ca\/en\/summaries\/2015s-45\" target=\"_blank\" rel=\"noopener\">Les d\u00e9terminants du travail autonome au Qu\u00e9bec et au Canada (1993-2010)<\/a><\/strong><br \/>\nFonseca, R., &amp; Lord, S. (2015). (2015s-45, Working Papers, CIRANO.)<\/li>\n<\/ul>\n<\/div><div class=\"nav fusion-mobile-tab-nav\"><ul class=\"nav-tabs\" role=\"tablist\"><li role=\"presentation\"><a class=\"tab-link\" data-toggle=\"tab\" role=\"tab\" aria-controls=\"tab-ff2c72a9341d7d63ebd\" aria-selected=\"false\" tabindex=\"-1\" id=\"mobile-fusion-tab-report\" href=\"#tab-ff2c72a9341d7d63ebd\"><h4 class=\"fusion-tab-heading\">Report<\/h4><\/a><\/li><\/ul><\/div><div class=\"tab-pane fade fusion-clearfix\" role=\"tabpanel\" tabindex=\"0\" aria-labelledby=\"fusion-tab-report\" id=\"tab-ff2c72a9341d7d63ebd\">\n<ul>\n<li><strong><span class=\"conteneurTitrePublication\"><a href=\"https:\/\/creei.ca\/wp-content\/uploads\/2023\/12\/Portrait-de-revenus-des-personnes-a%CC%82ge%CC%81es-au-Que%CC%81bec.pdf\">Portrait de revenus des personnes \u00e2g\u00e9es au Qu\u00e9bec (french)<\/a><br \/>\n<\/span><\/strong><span class=\"conteneurTitrePublication\">Authors : Roger Emone, Raquel Fonseca et Ghyslain Laurendeau<\/span><strong><span class=\"conteneurTitrePublication\"><br \/>\n<\/span><\/strong><\/li>\n<\/ul>\n<ul>\n<li><strong><a href=\"https:\/\/creei.ca\/wp-content\/uploads\/2025\/06\/consequences-expansion.pdf\" target=\"_blank\" rel=\"noopener\">Les cons\u00e9quences de l\u2019expansion acc\u00e9l\u00e9r\u00e9e de l\u2019immigration de 2016 \u00e0 2024 : que doit maintenant faire le Qu\u00e9bec? (French)<\/a><\/strong><br \/>\nAuthor : Pierre Fortin<\/li>\n<\/ul>\n<\/div><\/div><\/div><div class=\"fusion-clearfix\"><\/div><\/div><\/div><\/div><\/div><div class=\"fusion-fullwidth fullwidth-box fusion-builder-row-2 nonhundred-percent-fullwidth non-hundred-percent-height-scrolling\" style=\"--awb-border-radius-top-left:0px;--awb-border-radius-top-right:0px;--awb-border-radius-bottom-right:0px;--awb-border-radius-bottom-left:0px;--awb-flex-wrap:wrap;\" ><div class=\"fusion-builder-row fusion-row\"><div class=\"fusion-layout-column fusion_builder_column fusion-builder-column-1 fusion_builder_column_1_1 1_1 fusion-one-full fusion-column-first fusion-column-last\" style=\"--awb-bg-size:cover;\"><div class=\"fusion-column-wrapper fusion-flex-column-wrapper-legacy\"><div class=\"fusion-clearfix\"><\/div><\/div><\/div><\/div><\/div><\/p>\n","protected":false},"excerpt":{"rendered":"","protected":false},"author":1,"featured_media":0,"parent":0,"menu_order":0,"comment_status":"open","ping_status":"open","template":"","meta":{"footnotes":""},"class_list":["post-8019","page","type-page","status-publish","hentry"],"_links":{"self":[{"href":"https:\/\/creei.ca\/en\/wp-json\/wp\/v2\/pages\/8019","targetHints":{"allow":["GET"]}}],"collection":[{"href":"https:\/\/creei.ca\/en\/wp-json\/wp\/v2\/pages"}],"about":[{"href":"https:\/\/creei.ca\/en\/wp-json\/wp\/v2\/types\/page"}],"author":[{"embeddable":true,"href":"https:\/\/creei.ca\/en\/wp-json\/wp\/v2\/users\/1"}],"replies":[{"embeddable":true,"href":"https:\/\/creei.ca\/en\/wp-json\/wp\/v2\/comments?post=8019"}],"version-history":[{"count":21,"href":"https:\/\/creei.ca\/en\/wp-json\/wp\/v2\/pages\/8019\/revisions"}],"predecessor-version":[{"id":9277,"href":"https:\/\/creei.ca\/en\/wp-json\/wp\/v2\/pages\/8019\/revisions\/9277"}],"wp:attachment":[{"href":"https:\/\/creei.ca\/en\/wp-json\/wp\/v2\/media?parent=8019"}],"curies":[{"name":"wp","href":"https:\/\/api.w.org\/{rel}","templated":true}]}}