{"id":8011,"date":"2023-07-23T08:02:59","date_gmt":"2023-07-23T12:02:59","guid":{"rendered":"https:\/\/creei.ca\/income-volatility-health-and-well-being\/"},"modified":"2023-11-23T13:20:07","modified_gmt":"2023-11-23T18:20:07","slug":"income-volatility-health-well-being","status":"publish","type":"page","link":"https:\/\/creei.ca\/en\/income-volatility-health-well-being\/","title":{"rendered":"Income Volatility, Health and Well-Being"},"content":{"rendered":"<div class=\"fusion-fullwidth fullwidth-box fusion-builder-row-1 nonhundred-percent-fullwidth non-hundred-percent-height-scrolling\" style=\"--awb-border-radius-top-left:0px;--awb-border-radius-top-right:0px;--awb-border-radius-bottom-right:0px;--awb-border-radius-bottom-left:0px;--awb-flex-wrap:wrap;\" ><div class=\"fusion-builder-row fusion-row\"><div class=\"fusion-layout-column fusion_builder_column fusion-builder-column-0 fusion_builder_column_1_1 1_1 fusion-one-full fusion-column-first fusion-column-last\" style=\"--awb-bg-size:cover;\"><div class=\"fusion-column-wrapper fusion-flex-column-wrapper-legacy\"><div class=\"fusion-text fusion-text-1\"><article class=\"node-789 node node-publications node-promoted view-mode-full node-by-viewer clearfix\">\n<div class=\"field field-name-body field-type-text-with-summary field-label-above\">\n<div class=\"field-label\">Short Summary:<\/div>\n<div class=\"field-items\">\n<div class=\"field-item even\">\n<p>While there is mounting evidence that large <strong>income shocks<\/strong>, e.g. in the form of a job loss, may impact <strong>health<\/strong> and mortality, little evidence exist on the potential relationship between <strong>sustained income volatility<\/strong>, keeping <strong>average lifetime income<\/strong> constant, and health. This paper exploits rich survey data on the <strong>near-elderly in Canada<\/strong> paired with their administrative tax records to investigate whether a relationship exists between health and well-being on the one hand, and individual-speci\ufb01c volatility of income on the other, decomposing volatility into a permanent and transitory component. Controlling for average lifetime income, we \ufb01nd that a one unit increase in the standard deviation of the permanent component of (log) income experienced over the working life is associated with a lower probability of being in excellent (-23.9%) and very good health (-13.3%), to be satis\ufb01ed with life (-34.9%), and implies the onset of 1.1 additional mental health issues. Similar results, albeit smaller in size, are found for the transitory component of income. These results have potentially important implications for public policy, as well as, understanding the relationship between the labor market and population health.<\/p>\n<\/div>\n<\/div>\n<\/div>\n<div class=\"field field-name-field-auteurs-publication field-type-taxonomy-term-reference field-label-inline clearfix\">\n<div class=\"field-label\">Publication authors: Am\u00e9lie Adeline, Isma\u00ebl Choini\u00e8re Cr\u00e8vecoeur, Raquel Fonseca and Pierre-Carl Michaud<\/div>\n<\/div>\n<div class=\"field field-name-field-num-ro field-type-text field-label-inline clearfix\">\n<div class=\"field-label\">Number: 19-06<\/div>\n<\/div>\n<div class=\"field field-name-field-fichier field-type-file field-label-inline clearfix\">\n<div class=\"field-label\">File: <img decoding=\"async\" class=\"alignnone size-full wp-image-428\" src=\"https:\/\/creei.ca\/wp-content\/uploads\/2019\/07\/application-pdf.png\" alt=\"\" width=\"16\" height=\"16\" \/> <a href=\"https:\/\/creei.ca\/wp-content\/uploads\/2019\/12\/cahier_19_06_income_volatility_health_well_being.pdf\">cahier_19_06_income_volatility_health_well_being.pdf<\/a><\/div>\n<\/div>\n<div class=\"field field-name-field-ann-e field-type-taxonomy-term-reference field-label-inline clearfix\">\n<div class=\"field-label\">Year: 2019<\/div>\n<\/div>\n<\/article>\n<\/div><div class=\"fusion-clearfix\"><\/div><\/div><\/div><\/div><\/div>\n","protected":false},"excerpt":{"rendered":"","protected":false},"author":1,"featured_media":0,"parent":0,"menu_order":0,"comment_status":"open","ping_status":"closed","template":"","meta":{"footnotes":""},"class_list":["post-8011","page","type-page","status-publish","hentry"],"_links":{"self":[{"href":"https:\/\/creei.ca\/en\/wp-json\/wp\/v2\/pages\/8011","targetHints":{"allow":["GET"]}}],"collection":[{"href":"https:\/\/creei.ca\/en\/wp-json\/wp\/v2\/pages"}],"about":[{"href":"https:\/\/creei.ca\/en\/wp-json\/wp\/v2\/types\/page"}],"author":[{"embeddable":true,"href":"https:\/\/creei.ca\/en\/wp-json\/wp\/v2\/users\/1"}],"replies":[{"embeddable":true,"href":"https:\/\/creei.ca\/en\/wp-json\/wp\/v2\/comments?post=8011"}],"version-history":[{"count":1,"href":"https:\/\/creei.ca\/en\/wp-json\/wp\/v2\/pages\/8011\/revisions"}],"predecessor-version":[{"id":8250,"href":"https:\/\/creei.ca\/en\/wp-json\/wp\/v2\/pages\/8011\/revisions\/8250"}],"wp:attachment":[{"href":"https:\/\/creei.ca\/en\/wp-json\/wp\/v2\/media?parent=8011"}],"curies":[{"name":"wp","href":"https:\/\/api.w.org\/{rel}","templated":true}]}}