{"id":8005,"date":"2023-07-23T08:02:59","date_gmt":"2023-07-23T12:02:59","guid":{"rendered":"https:\/\/creei.ca\/limmigration-a-la-rescousse-des-finances-publiques-du-quebec\/"},"modified":"2023-11-23T13:21:25","modified_gmt":"2023-11-23T18:21:25","slug":"immigration-rescousse-finances-publiques-quebec","status":"publish","type":"page","link":"https:\/\/creei.ca\/en\/immigration-rescousse-finances-publiques-quebec\/","title":{"rendered":"L\u2019immigration \u00e0 la rescousse des finances publiques du Qu\u00e9bec ?"},"content":{"rendered":"<div class=\"fusion-fullwidth fullwidth-box fusion-builder-row-1 nonhundred-percent-fullwidth non-hundred-percent-height-scrolling\" style=\"--awb-border-radius-top-left:0px;--awb-border-radius-top-right:0px;--awb-border-radius-bottom-right:0px;--awb-border-radius-bottom-left:0px;--awb-flex-wrap:wrap;\" ><div class=\"fusion-builder-row fusion-row\"><div class=\"fusion-layout-column fusion_builder_column fusion-builder-column-0 fusion_builder_column_1_1 1_1 fusion-one-full fusion-column-first fusion-column-last\" style=\"--awb-bg-size:cover;\"><div class=\"fusion-column-wrapper fusion-flex-column-wrapper-legacy\"><div class=\"fusion-text fusion-text-1\"><article class=\"node-789 node node-publications node-promoted view-mode-full node-by-viewer clearfix\">\n<div class=\"field field-name-body field-type-text-with-summary field-label-above\">\n<div class=\"field-label\">Short Summary:<\/div>\n<div class=\"field-items\">\n<div class=\"field-item even\">\n<p>For many years, successive governments in Qu\u00e9bec have sought, through various means, to improve the link between <strong>immigration<\/strong> and the needs of the <strong>labour market<\/strong>. The solutions put forward generally consist of modifying the number of immigrants accepted or the eligibility criteria, while others would focus on integration in order to eliminate certain differences, for example, in terms of employment, between immigrants and the host population. The current government is part of this continuity by presenting in 2019 a bill through which it proposes various measures related to immigration in Qu\u00e9bec. The purpose of this study is to quantify the potential effect, in the medium term (until 2040), on the Qu\u00e9bec government&#8217;s budgetary balance of various scenarios related to immigration. To do this, the SIMUL microsimulation model is used to simulate demographic and public finance impacts. The results show that any change in the number of immigrants admitted to Qu\u00e9bec will have very little impact on the budgetary balance by 2040. On the other hand, we show that a scenario where immigrants are fully integrated into the labour market has a positive effect of $ 7 billion on <strong>public finances<\/strong> (by 2040). More realistic scenarios, where the differences in employment and income between immigrants and the host population are not fully reduced, still having significant effects that help to alleviate the pressures of an <strong>aging population<\/strong>.<\/p>\n<\/div>\n<\/div>\n<\/div>\n<div class=\"field field-name-field-auteurs-publication field-type-taxonomy-term-reference field-label-inline clearfix\">\n<div class=\"field-label\">Publication Authors: David Boisclair, Yann D\u00e9carie, Fran\u00e7ois Lalibert\u00e9-Auger, Pierre-Carl Michaud and Marie-France Ren\u00e9<\/div>\n<\/div>\n<div class=\"field field-name-field-num-ro field-type-text field-label-inline clearfix\">\n<div class=\"field-label\">Number: 19-04<\/div>\n<\/div>\n<div class=\"field field-name-field-fichier field-type-file field-label-inline clearfix\">\n<div class=\"field-label\">File: <img decoding=\"async\" class=\"alignnone size-full wp-image-428\" src=\"https:\/\/creei.ca\/wp-content\/uploads\/2019\/07\/application-pdf.png\" alt=\"\" width=\"16\" height=\"16\" \/> <a href=\"https:\/\/creei.ca\/en\/wp-content\/uploads\/sites\/2\/2019\/10\/cahier_19_04_limmigration_rescousse_finances_publiques_quebec.pdf\">cahier_19_04_limmigration-rescousse-finances-publiques-quebec.pdf<\/a><\/div>\n<\/div>\n<div class=\"field field-name-field-ann-e field-type-taxonomy-term-reference field-label-inline clearfix\">\n<div class=\"field-label\">Year: 2019<\/div>\n<div><\/div>\n<\/div>\n<\/article>\n<\/div><div class=\"fusion-clearfix\"><\/div><\/div><\/div><\/div><\/div>\n","protected":false},"excerpt":{"rendered":"","protected":false},"author":1,"featured_media":0,"parent":0,"menu_order":0,"comment_status":"open","ping_status":"closed","template":"","meta":{"footnotes":""},"class_list":["post-8005","page","type-page","status-publish","hentry"],"_links":{"self":[{"href":"https:\/\/creei.ca\/en\/wp-json\/wp\/v2\/pages\/8005","targetHints":{"allow":["GET"]}}],"collection":[{"href":"https:\/\/creei.ca\/en\/wp-json\/wp\/v2\/pages"}],"about":[{"href":"https:\/\/creei.ca\/en\/wp-json\/wp\/v2\/types\/page"}],"author":[{"embeddable":true,"href":"https:\/\/creei.ca\/en\/wp-json\/wp\/v2\/users\/1"}],"replies":[{"embeddable":true,"href":"https:\/\/creei.ca\/en\/wp-json\/wp\/v2\/comments?post=8005"}],"version-history":[{"count":1,"href":"https:\/\/creei.ca\/en\/wp-json\/wp\/v2\/pages\/8005\/revisions"}],"predecessor-version":[{"id":8254,"href":"https:\/\/creei.ca\/en\/wp-json\/wp\/v2\/pages\/8005\/revisions\/8254"}],"wp:attachment":[{"href":"https:\/\/creei.ca\/en\/wp-json\/wp\/v2\/media?parent=8005"}],"curies":[{"name":"wp","href":"https:\/\/api.w.org\/{rel}","templated":true}]}}