{"id":8003,"date":"2023-07-23T08:02:50","date_gmt":"2023-07-23T12:02:50","guid":{"rendered":"https:\/\/creei.ca\/longevite-differentielle-et-redistribution-enjeux-theoriques-et-empiriques\/"},"modified":"2023-11-24T11:10:54","modified_gmt":"2023-11-24T16:10:54","slug":"longevite-enjeux-theoriques-empiriques","status":"publish","type":"page","link":"https:\/\/creei.ca\/en\/longevite-enjeux-theoriques-empiriques\/","title":{"rendered":"Long\u00e9vit\u00e9 diff\u00e9rentielle et redistribution : enjeux th\u00e9oriques et empiriques*"},"content":{"rendered":"<div class=\"fusion-fullwidth fullwidth-box fusion-builder-row-1 nonhundred-percent-fullwidth non-hundred-percent-height-scrolling\" style=\"--awb-border-radius-top-left:0px;--awb-border-radius-top-right:0px;--awb-border-radius-bottom-right:0px;--awb-border-radius-bottom-left:0px;--awb-flex-wrap:wrap;\" ><div class=\"fusion-builder-row fusion-row\"><div class=\"fusion-layout-column fusion_builder_column fusion-builder-column-0 fusion_builder_column_1_1 1_1 fusion-one-full fusion-column-first fusion-column-last\" style=\"--awb-bg-size:cover;\"><div class=\"fusion-column-wrapper fusion-flex-column-wrapper-legacy\"><div class=\"fusion-text fusion-text-1\"><article class=\"node-258 node node-publications node-promoted view-mode-full clearfix\">\n<header><\/header>\n<div class=\"field field-name-body field-type-text-with-summary field-label-above\">\n<div class=\"field-label\">Short summary:<\/div>\n<div class=\"field-items\">\n<div class=\"field-item even\">\n<p>Three reasons support the redistribution of resources towards agents with lower longevity: aversion to intertemporal inequality, aversion to the risk of death, and compensation for features for which agents cannot be held responsible. This article analyzes the implications of the existence of strong differences in longevity for the design of public policies, particularly those related to retirement, which usually redistribute resources from agents with short lives towards agents with longer lives.<\/p>\n<\/div>\n<\/div>\n<\/div>\n<div class=\"field field-name-field-auteurs-publication field-type-taxonomy-term-reference field-label-inline clearfix\">\n<div class=\"field-label\">Publication Authors: Marie-Louise Leroux, Pierre Pestieau and Gr\u00e9gory Ponthiere<\/div>\n<\/div>\n<div class=\"field field-name-field-num-ro field-type-text field-label-inline clearfix\">\n<div class=\"field-label\">Number: 14-03<\/div>\n<\/div>\n<div class=\"field field-name-field-fichier field-type-file field-label-inline clearfix\">\n<div class=\"field-label\">File: <img decoding=\"async\" class=\"file-icon\" title=\"application\/pdf\" src=\"https:\/\/creei.ca\/wp-content\/uploads\/2019\/07\/application-pdf.png\" alt=\"PDF icon\" \/> <a href=\"https:\/\/creei.ca\/wp-content\/uploads\/2019\/08\/cahier_14-03_longevite_differentielle_redistribution.pdf\" type=\"application\/pdf; length=535234\">cahier_14-03_longevite_differentielle_redistribution.pdf<\/a><\/div>\n<\/div>\n<div class=\"field field-name-field-ann-e field-type-taxonomy-term-reference field-label-inline clearfix\">\n<div class=\"field-label\">Year: <a href=\"\/fr\/ann%C3%A9es\/2014\">2014<\/a><\/div>\n<\/div>\n<p><!-- THIS FILE IS NOT USED AND IS HERE AS A STARTING POINT FOR CUSTOMIZATION ONLY. See http:\/\/api.drupal.org\/api\/function\/theme_field\/7 for details. After copying this file to your theme's folder and customizing it, remove this HTML comment. --><\/p>\n<div class=\"field field-name-field-article-scientifique field-type-text field-label-inline clearfix asdf\">\n<div class=\"field-label\">Scientific Publication: <a href=\"http:\/\/expertise.hec.ca\/actualiteeconomique\/2016\/03\/volume-91-no-4-decembre-2015\/\"><em>L\u2019Actualit\u00e9 \u00e9conomique<\/em>, 91(4).<\/a><\/div>\n<\/div>\n<\/article>\n<\/div><div class=\"fusion-clearfix\"><\/div><\/div><\/div><\/div><\/div>\n","protected":false},"excerpt":{"rendered":"","protected":false},"author":1,"featured_media":0,"parent":0,"menu_order":0,"comment_status":"open","ping_status":"closed","template":"","meta":{"footnotes":""},"class_list":["post-8003","page","type-page","status-publish","hentry"],"_links":{"self":[{"href":"https:\/\/creei.ca\/en\/wp-json\/wp\/v2\/pages\/8003","targetHints":{"allow":["GET"]}}],"collection":[{"href":"https:\/\/creei.ca\/en\/wp-json\/wp\/v2\/pages"}],"about":[{"href":"https:\/\/creei.ca\/en\/wp-json\/wp\/v2\/types\/page"}],"author":[{"embeddable":true,"href":"https:\/\/creei.ca\/en\/wp-json\/wp\/v2\/users\/1"}],"replies":[{"embeddable":true,"href":"https:\/\/creei.ca\/en\/wp-json\/wp\/v2\/comments?post=8003"}],"version-history":[{"count":1,"href":"https:\/\/creei.ca\/en\/wp-json\/wp\/v2\/pages\/8003\/revisions"}],"predecessor-version":[{"id":8372,"href":"https:\/\/creei.ca\/en\/wp-json\/wp\/v2\/pages\/8003\/revisions\/8372"}],"wp:attachment":[{"href":"https:\/\/creei.ca\/en\/wp-json\/wp\/v2\/media?parent=8003"}],"curies":[{"name":"wp","href":"https:\/\/api.w.org\/{rel}","templated":true}]}}