{"id":8001,"date":"2023-07-23T08:02:50","date_gmt":"2023-07-23T12:02:50","guid":{"rendered":"https:\/\/creei.ca\/une-analyse-economique-de-propositions-visant-a-bonifier-la-couverture-du-risque-de-longevite\/"},"modified":"2023-11-24T11:09:40","modified_gmt":"2023-11-24T16:09:40","slug":"analyse-propositions-bonifier-couverture-risque-longevite","status":"publish","type":"page","link":"https:\/\/creei.ca\/en\/analyse-propositions-bonifier-couverture-risque-longevite\/","title":{"rendered":"Une analyse \u00e9conomique de propositions visant \u00e0 bonifier la couverture du risque de long\u00e9vit\u00e9*"},"content":{"rendered":"<div class=\"fusion-fullwidth fullwidth-box fusion-builder-row-1 nonhundred-percent-fullwidth non-hundred-percent-height-scrolling\" style=\"--awb-border-radius-top-left:0px;--awb-border-radius-top-right:0px;--awb-border-radius-bottom-right:0px;--awb-border-radius-bottom-left:0px;--awb-flex-wrap:wrap;\" ><div class=\"fusion-builder-row fusion-row\"><div class=\"fusion-layout-column fusion_builder_column fusion-builder-column-0 fusion_builder_column_1_1 1_1 fusion-one-full fusion-column-first fusion-column-last\" style=\"--awb-bg-size:cover;\"><div class=\"fusion-column-wrapper fusion-flex-column-wrapper-legacy\"><div class=\"fusion-text fusion-text-1\"><article class=\"node-256 node node-publications node-promoted view-mode-full clearfix\">\n<header><\/header>\n<div class=\"field field-name-body field-type-text-with-summary field-label-above\">\n<div class=\"field-label\">Short summary:<\/div>\n<div class=\"field-items\">\n<div class=\"field-item even\">\n<p>Simulation methods are used to analyze the impacts of recently proposed reforms to cover longevity risk: a key proposal of the D\u2019Amours committee (the longevity pension); a proposal by Mintz and Wilson to increase the generosity of the existing QPP\/CPP; and one by Wolfson to make contribution and benefit rates vary with earnings. The internal rate of return (IRR) of each of these proposals is computed taking into consideration inequality in life expectancy, temporal variability of earnings, and interactions with taxation and the different retirement income support programs. For all the reforms, the rates of return are higher for individuals with higher levels of education and often reach a maximum for average annual income levels between $25,000 and $45,000.<\/p>\n<\/div>\n<\/div>\n<\/div>\n<div class=\"field field-name-field-auteurs-publication field-type-taxonomy-term-reference field-label-inline clearfix\">\n<div class=\"field-label\">Publication Authors: David Boisclair, Jean-Yves Duclos, Steeve Marchand and Pierre-Carl Michaud<\/div>\n<\/div>\n<div class=\"field field-name-field-num-ro field-type-text field-label-inline clearfix\">\n<div class=\"field-label\">Number: 14-05<\/div>\n<\/div>\n<div class=\"field field-name-field-fichier field-type-file field-label-inline clearfix\">\n<div class=\"field-label\">File: <img decoding=\"async\" class=\"file-icon\" title=\"application\/pdf\" src=\"https:\/\/creei.ca\/wp-content\/uploads\/2019\/07\/application-pdf.png\" alt=\"PDF icon\" \/> <a href=\"https:\/\/creei.ca\/wp-content\/uploads\/2019\/08\/analyse_risque_longevite_14-05.pdf\" type=\"application\/pdf; length=910980\">analyse_risque_longevite_14-05.pdf<\/a><\/div>\n<\/div>\n<div class=\"field field-name-field-ann-e field-type-taxonomy-term-reference field-label-inline clearfix\">\n<div class=\"field-label\">Year: <a href=\"\/fr\/ann%C3%A9es\/2014\">2014<\/a><\/div>\n<\/div>\n<p><!-- THIS FILE IS NOT USED AND IS HERE AS A STARTING POINT FOR CUSTOMIZATION ONLY. See http:\/\/api.drupal.org\/api\/function\/theme_field\/7 for details. After copying this file to your theme's folder and customizing it, remove this HTML comment. --><\/p>\n<div class=\"field field-name-field-article-scientifique field-type-text field-label-inline clearfix asdf\">\n<div class=\"field-label\">Scientific Publication: <a href=\"https:\/\/expertise.hec.ca\/actualiteeconomique\/wp-content\/uploads\/2017\/03\/ae_91_4_2015_boisclair_duclos_marchand_michaud_499_530.pdf\"><em>L\u2019Actualit\u00e9 \u00e9conomique<\/em>, 91(4)<\/a><\/div>\n<\/div>\n<\/article>\n<\/div><div class=\"fusion-clearfix\"><\/div><\/div><\/div><\/div><\/div>\n","protected":false},"excerpt":{"rendered":"","protected":false},"author":1,"featured_media":0,"parent":0,"menu_order":0,"comment_status":"open","ping_status":"closed","template":"","meta":{"footnotes":""},"class_list":["post-8001","page","type-page","status-publish","hentry"],"_links":{"self":[{"href":"https:\/\/creei.ca\/en\/wp-json\/wp\/v2\/pages\/8001","targetHints":{"allow":["GET"]}}],"collection":[{"href":"https:\/\/creei.ca\/en\/wp-json\/wp\/v2\/pages"}],"about":[{"href":"https:\/\/creei.ca\/en\/wp-json\/wp\/v2\/types\/page"}],"author":[{"embeddable":true,"href":"https:\/\/creei.ca\/en\/wp-json\/wp\/v2\/users\/1"}],"replies":[{"embeddable":true,"href":"https:\/\/creei.ca\/en\/wp-json\/wp\/v2\/comments?post=8001"}],"version-history":[{"count":1,"href":"https:\/\/creei.ca\/en\/wp-json\/wp\/v2\/pages\/8001\/revisions"}],"predecessor-version":[{"id":8368,"href":"https:\/\/creei.ca\/en\/wp-json\/wp\/v2\/pages\/8001\/revisions\/8368"}],"wp:attachment":[{"href":"https:\/\/creei.ca\/en\/wp-json\/wp\/v2\/media?parent=8001"}],"curies":[{"name":"wp","href":"https:\/\/api.w.org\/{rel}","templated":true}]}}