{"id":7999,"date":"2023-07-23T08:02:50","date_gmt":"2023-07-23T12:02:50","guid":{"rendered":"https:\/\/creei.ca\/compas-un-modele-de-microsimulation-sante-pour-le-quebec\/"},"modified":"2023-11-24T11:07:36","modified_gmt":"2023-11-24T16:07:36","slug":"compas-microsimulation-sante-quebec","status":"publish","type":"page","link":"https:\/\/creei.ca\/en\/compas-microsimulation-sante-quebec\/","title":{"rendered":"COMPAS: Un mod\u00e8le de microsimulation sant\u00e9 pour le Qu\u00e9bec"},"content":{"rendered":"<div class=\"fusion-fullwidth fullwidth-box fusion-builder-row-1 nonhundred-percent-fullwidth non-hundred-percent-height-scrolling\" style=\"--awb-border-radius-top-left:0px;--awb-border-radius-top-right:0px;--awb-border-radius-bottom-right:0px;--awb-border-radius-bottom-left:0px;--awb-flex-wrap:wrap;\" ><div class=\"fusion-builder-row fusion-row\"><div class=\"fusion-layout-column fusion_builder_column fusion-builder-column-0 fusion_builder_column_1_1 1_1 fusion-one-full fusion-column-first fusion-column-last\" style=\"--awb-bg-size:cover;\"><div class=\"fusion-column-wrapper fusion-flex-column-wrapper-legacy\"><div class=\"fusion-text fusion-text-1\"><article class=\"node-254 node node-publications node-promoted view-mode-full clearfix\">\n<header><\/header>\n<div class=\"field field-name-body field-type-text-with-summary field-label-above\">\n<div class=\"field-label\">Short Summary:<\/div>\n<div class=\"field-items\">\n<div class=\"field-item even\">\n<p>This report describes the design and structure of COMPAS, a dynamic microsimulation model that projects the evolution of health status (including mortality) of a representative sample of Quebecers throughout their life cycle and the associated use of medical resources in connection with this health status. The model can be used to analyze a single cohort over time, or the entire population as it evolves with new entrants. The use of COMPAS predicts for instance that the prevalence of hypertension in 2050 will be about 21% for those aged 70-74 years and that individuals aged 30\u00a0years in 2050 will live, on average, 3.3\u00a0years longer than individuals aged 30\u00a0years in 2010.<\/p>\n<\/div>\n<\/div>\n<\/div>\n<div class=\"field field-name-field-auteurs-publication field-type-taxonomy-term-reference field-label-inline clearfix\">\n<div class=\"field-label\">Publication Authors: David Boisclair, Aur\u00e9lie C\u00f4t\u00e9-Sergent, Jean-Yves Duclos, Alexandre Lekina, Steeve Marchand et Pierre-Carl Michaud<\/div>\n<\/div>\n<div class=\"field field-name-field-num-ro field-type-text field-label-inline clearfix\">\n<div class=\"field-label\">Number: 14-07<\/div>\n<\/div>\n<div class=\"field field-name-field-fichier field-type-file field-label-inline clearfix\">\n<div class=\"field-label\">File: <img decoding=\"async\" class=\"file-icon\" title=\"application\/pdf\" src=\"https:\/\/creei.ca\/wp-content\/uploads\/2019\/07\/application-pdf.png\" alt=\"PDF icon\" \/> <a href=\"https:\/\/creei.ca\/wp-content\/uploads\/2019\/08\/rapport_compas_santequebec_14-07.pdf\" type=\"application\/pdf; length=1253980\">rapport_compas_santequebec_14-07.pdf<\/a><\/div>\n<\/div>\n<div class=\"field field-name-field-ann-e field-type-taxonomy-term-reference field-label-inline clearfix\">\n<div class=\"field-label\">Year: <a href=\"\/fr\/ann%C3%A9es\/2014\">2014<\/a><\/div>\n<\/div>\n<\/article>\n<\/div><div class=\"fusion-clearfix\"><\/div><\/div><\/div><\/div><\/div>\n","protected":false},"excerpt":{"rendered":"","protected":false},"author":1,"featured_media":0,"parent":0,"menu_order":0,"comment_status":"open","ping_status":"closed","template":"","meta":{"footnotes":""},"class_list":["post-7999","page","type-page","status-publish","hentry"],"_links":{"self":[{"href":"https:\/\/creei.ca\/en\/wp-json\/wp\/v2\/pages\/7999","targetHints":{"allow":["GET"]}}],"collection":[{"href":"https:\/\/creei.ca\/en\/wp-json\/wp\/v2\/pages"}],"about":[{"href":"https:\/\/creei.ca\/en\/wp-json\/wp\/v2\/types\/page"}],"author":[{"embeddable":true,"href":"https:\/\/creei.ca\/en\/wp-json\/wp\/v2\/users\/1"}],"replies":[{"embeddable":true,"href":"https:\/\/creei.ca\/en\/wp-json\/wp\/v2\/comments?post=7999"}],"version-history":[{"count":1,"href":"https:\/\/creei.ca\/en\/wp-json\/wp\/v2\/pages\/7999\/revisions"}],"predecessor-version":[{"id":8364,"href":"https:\/\/creei.ca\/en\/wp-json\/wp\/v2\/pages\/7999\/revisions\/8364"}],"wp:attachment":[{"href":"https:\/\/creei.ca\/en\/wp-json\/wp\/v2\/media?parent=7999"}],"curies":[{"name":"wp","href":"https:\/\/api.w.org\/{rel}","templated":true}]}}