{"id":7998,"date":"2023-07-23T08:02:46","date_gmt":"2023-07-23T12:02:46","guid":{"rendered":"https:\/\/creei.ca\/effets-des-tendances-a-long-terme-de-lobesite-sur-lutilisation-de-soins-de-sante-au-quebec\/"},"modified":"2023-11-24T11:07:03","modified_gmt":"2023-11-24T16:07:03","slug":"effets-long-terme-obesite-soins-sante-quebec","status":"publish","type":"page","link":"https:\/\/creei.ca\/en\/effets-long-terme-obesite-soins-sante-quebec\/","title":{"rendered":"Effets des tendances \u00e0 long-terme de l\u2019ob\u00e9sit\u00e9 sur l\u2019utilisation de soins de sant\u00e9 au Qu\u00e9bec"},"content":{"rendered":"<div class=\"fusion-fullwidth fullwidth-box fusion-builder-row-1 nonhundred-percent-fullwidth non-hundred-percent-height-scrolling\" style=\"--awb-border-radius-top-left:0px;--awb-border-radius-top-right:0px;--awb-border-radius-bottom-right:0px;--awb-border-radius-bottom-left:0px;--awb-flex-wrap:wrap;\" ><div class=\"fusion-builder-row fusion-row\"><div class=\"fusion-layout-column fusion_builder_column fusion-builder-column-0 fusion_builder_column_1_1 1_1 fusion-one-full fusion-column-first fusion-column-last\" style=\"--awb-bg-size:cover;\"><div class=\"fusion-column-wrapper fusion-flex-column-wrapper-legacy\"><div class=\"fusion-text fusion-text-1\"><article class=\"node-253 node node-publications node-promoted view-mode-full clearfix\">\n<header><\/header>\n<div class=\"field field-name-body field-type-text-with-summary field-label-above\">\n<div class=\"field-label\">Short Summary:<\/div>\n<div class=\"field-items\">\n<div class=\"field-item even\">\n<p>Using a dynamic microsimulation model to project health and obesity prevalence in the Qu\u00e9bec population indicates that a counterfactual elimination of obesity would reduce (annually and over the 2010-2050 period) by 864,055 the number of short-term hospitalization nights and by 665,000 the number of consultations with general practitioners and specialists, but would also lead to a significant increase in the number of insititutionalized individuals. It also appears from the analysis that obesity is responsible for 2.6% of health spending in Quebec and that it leads to 14% higher health care spending over a lifetime.<\/p>\n<\/div>\n<\/div>\n<\/div>\n<div class=\"field field-name-field-auteurs-publication field-type-taxonomy-term-reference field-label-inline clearfix\">\n<div class=\"field-label\">Publication Authors: Aur\u00e9lie C\u00f4t\u00e9-Sergent<\/div>\n<\/div>\n<div class=\"field field-name-field-num-ro field-type-text field-label-inline clearfix\">\n<div class=\"field-label\">Number: 14-08<\/div>\n<\/div>\n<div class=\"field field-name-field-fichier field-type-file field-label-inline clearfix\">\n<div class=\"field-label\">File: <img decoding=\"async\" class=\"file-icon\" title=\"application\/pdf\" src=\"https:\/\/creei.ca\/wp-content\/uploads\/2019\/07\/application-pdf.png\" alt=\"PDF icon\" \/> <a href=\"https:\/\/creei.ca\/wp-content\/uploads\/2019\/08\/effet_tendance_obesite_14-08.pdf\" type=\"application\/pdf; length=1214743\">effet_tendance_obesite_14-08.pdf<\/a><\/div>\n<\/div>\n<div class=\"field field-name-field-ann-e field-type-taxonomy-term-reference field-label-inline clearfix\">\n<div class=\"field-label\">Year: <a href=\"\/fr\/ann%C3%A9es\/2014\">2014<\/a><\/div>\n<\/div>\n<\/article>\n<\/div><div class=\"fusion-clearfix\"><\/div><\/div><\/div><\/div><\/div>\n","protected":false},"excerpt":{"rendered":"","protected":false},"author":1,"featured_media":0,"parent":0,"menu_order":0,"comment_status":"open","ping_status":"closed","template":"","meta":{"footnotes":""},"class_list":["post-7998","page","type-page","status-publish","hentry"],"_links":{"self":[{"href":"https:\/\/creei.ca\/en\/wp-json\/wp\/v2\/pages\/7998","targetHints":{"allow":["GET"]}}],"collection":[{"href":"https:\/\/creei.ca\/en\/wp-json\/wp\/v2\/pages"}],"about":[{"href":"https:\/\/creei.ca\/en\/wp-json\/wp\/v2\/types\/page"}],"author":[{"embeddable":true,"href":"https:\/\/creei.ca\/en\/wp-json\/wp\/v2\/users\/1"}],"replies":[{"embeddable":true,"href":"https:\/\/creei.ca\/en\/wp-json\/wp\/v2\/comments?post=7998"}],"version-history":[{"count":1,"href":"https:\/\/creei.ca\/en\/wp-json\/wp\/v2\/pages\/7998\/revisions"}],"predecessor-version":[{"id":8362,"href":"https:\/\/creei.ca\/en\/wp-json\/wp\/v2\/pages\/7998\/revisions\/8362"}],"wp:attachment":[{"href":"https:\/\/creei.ca\/en\/wp-json\/wp\/v2\/media?parent=7998"}],"curies":[{"name":"wp","href":"https:\/\/api.w.org\/{rel}","templated":true}]}}