{"id":7995,"date":"2023-07-23T08:02:50","date_gmt":"2023-07-23T12:02:50","guid":{"rendered":"https:\/\/creei.ca\/projections-de-letat-de-sante-de-la-population-quebecoise-et-impacts-sur-le-risque-de-longevite-dun-regime-de-retraite-a-prestations-determinees\/"},"modified":"2023-11-24T11:12:05","modified_gmt":"2023-11-24T16:12:05","slug":"projections-etat-sante-populations-quebecoise-risque-longevite-regime-retraite","status":"publish","type":"page","link":"https:\/\/creei.ca\/en\/projections-etat-sante-populations-quebecoise-risque-longevite-regime-retraite\/","title":{"rendered":"Projections de l&#8217;\u00e9tat de sant\u00e9 de la population qu\u00e9b\u00e9coise et impacts sur le risque de long\u00e9vit\u00e9 d&#8217;un r\u00e9gime de retraite \u00e0 prestations d\u00e9termin\u00e9es*"},"content":{"rendered":"<div class=\"fusion-fullwidth fullwidth-box fusion-builder-row-1 nonhundred-percent-fullwidth non-hundred-percent-height-scrolling\" style=\"--awb-border-radius-top-left:0px;--awb-border-radius-top-right:0px;--awb-border-radius-bottom-right:0px;--awb-border-radius-bottom-left:0px;--awb-flex-wrap:wrap;\" ><div class=\"fusion-builder-row fusion-row\"><div class=\"fusion-layout-column fusion_builder_column fusion-builder-column-0 fusion_builder_column_1_1 1_1 fusion-one-full fusion-column-first fusion-column-last\" style=\"--awb-bg-size:cover;\"><div class=\"fusion-column-wrapper fusion-flex-column-wrapper-legacy\"><div class=\"fusion-text fusion-text-1\"><article class=\"node-260 node node-publications node-promoted view-mode-full clearfix\">\n<header><\/header>\n<div class=\"field field-name-body field-type-text-with-summary field-label-above\">\n<div class=\"field-label\">Short Summary:<\/div>\n<div class=\"field-items\">\n<div class=\"field-item even\">\n<p>The use of COMPAS\u2019s microsimulation techniques allows to study the possible impact of technological progress on population longevity and on the longevity risks incurred by pension plans. The funding ratio for a stylized defined-benefit pension plan could lie between 0.24 and 0.74 in 2050 according to the technological progress scenarios analyzed in this paper, indicating that such plans could run into a considerable funding deficit. The results also indicate that the RRQ\u2019s mortality reduction assumptions seem rather optimistic for the 30-65\u00a0year old population, but consistent with the advice of a recent panel of health experts for those 80\u00a0years and older.<\/p>\n<\/div>\n<\/div>\n<\/div>\n<div class=\"field field-name-field-auteurs-publication field-type-taxonomy-term-reference field-label-inline clearfix\">\n<div class=\"field-label\">Publication Authors: Aur\u00e9lie C\u00f4t\u00e9-Sergent, Jean-Yves Duclos, Alexandre Lekina, Steeve Marchand and Pierre-Carl Michaud<\/div>\n<\/div>\n<div class=\"field field-name-field-num-ro field-type-text field-label-inline clearfix\">\n<div class=\"field-label\">Number: 14-01<\/div>\n<\/div>\n<div class=\"field field-name-field-fichier field-type-file field-label-inline clearfix\">\n<div class=\"field-label\">File: <img decoding=\"async\" class=\"file-icon\" title=\"application\/pdf\" src=\"https:\/\/creei.ca\/wp-content\/uploads\/2019\/07\/application-pdf.png\" alt=\"PDF icon\" \/> <a href=\"https:\/\/creei.ca\/wp-content\/uploads\/2019\/08\/cahier_14-01_longevite.pdf\" type=\"application\/pdf; length=532579\">cahier_14-01_longevite.pdf<\/a><\/div>\n<\/div>\n<div class=\"field field-name-field-ann-e field-type-taxonomy-term-reference field-label-inline clearfix\">\n<div class=\"field-label\">Year: <a href=\"\/fr\/ann%C3%A9es\/2014\">2014<\/a><\/div>\n<\/div>\n<p><!-- THIS FILE IS NOT USED AND IS HERE AS A STARTING POINT FOR CUSTOMIZATION ONLY. See http:\/\/api.drupal.org\/api\/function\/theme_field\/7 for details. After copying this file to your theme's folder and customizing it, remove this HTML comment. --><\/p>\n<div class=\"field field-name-field-article-scientifique field-type-text field-label-inline clearfix asdf\">\n<div class=\"field-label\">Scientific Publication: <a href=\"http:\/\/expertise.hec.ca\/actualiteeconomique\/2016\/03\/volume-91-no-4-decembre-2015\/\" target=\"_blank\" rel=\"noopener noreferrer\">L\u2019Actualit\u00e9 \u00e9conomique, 91(4).<\/a><\/div>\n<\/div>\n<\/article>\n<\/div><div class=\"fusion-clearfix\"><\/div><\/div><\/div><\/div><\/div>\n","protected":false},"excerpt":{"rendered":"","protected":false},"author":1,"featured_media":0,"parent":0,"menu_order":0,"comment_status":"open","ping_status":"closed","template":"","meta":{"footnotes":""},"class_list":["post-7995","page","type-page","status-publish","hentry"],"_links":{"self":[{"href":"https:\/\/creei.ca\/en\/wp-json\/wp\/v2\/pages\/7995","targetHints":{"allow":["GET"]}}],"collection":[{"href":"https:\/\/creei.ca\/en\/wp-json\/wp\/v2\/pages"}],"about":[{"href":"https:\/\/creei.ca\/en\/wp-json\/wp\/v2\/types\/page"}],"author":[{"embeddable":true,"href":"https:\/\/creei.ca\/en\/wp-json\/wp\/v2\/users\/1"}],"replies":[{"embeddable":true,"href":"https:\/\/creei.ca\/en\/wp-json\/wp\/v2\/comments?post=7995"}],"version-history":[{"count":1,"href":"https:\/\/creei.ca\/en\/wp-json\/wp\/v2\/pages\/7995\/revisions"}],"predecessor-version":[{"id":8376,"href":"https:\/\/creei.ca\/en\/wp-json\/wp\/v2\/pages\/7995\/revisions\/8376"}],"wp:attachment":[{"href":"https:\/\/creei.ca\/en\/wp-json\/wp\/v2\/media?parent=7995"}],"curies":[{"name":"wp","href":"https:\/\/api.w.org\/{rel}","templated":true}]}}