{"id":7986,"date":"2023-07-23T08:02:46","date_gmt":"2023-07-23T12:02:46","guid":{"rendered":"https:\/\/creei.ca\/quel-impact-la-fiscalite-quebecoise-a-t-elle-sur-les-incitations-au-travail\/"},"modified":"2023-11-24T10:59:35","modified_gmt":"2023-11-24T15:59:35","slug":"impact-quebecoise-incitations-travail","status":"publish","type":"page","link":"https:\/\/creei.ca\/en\/impact-quebecoise-incitations-travail\/","title":{"rendered":"Quel impact la  fiscalit\u00e9 qu\u00e9b\u00e9coise a-t-elle sur les incitations au travail ?*"},"content":{"rendered":"<div class=\"fusion-fullwidth fullwidth-box fusion-builder-row-1 nonhundred-percent-fullwidth non-hundred-percent-height-scrolling\" style=\"--awb-border-radius-top-left:0px;--awb-border-radius-top-right:0px;--awb-border-radius-bottom-right:0px;--awb-border-radius-bottom-left:0px;--awb-flex-wrap:wrap;\" ><div class=\"fusion-builder-row fusion-row\"><div class=\"fusion-layout-column fusion_builder_column fusion-builder-column-0 fusion_builder_column_1_1 1_1 fusion-one-full fusion-column-first fusion-column-last\" style=\"--awb-bg-size:cover;\"><div class=\"fusion-column-wrapper fusion-flex-column-wrapper-legacy\"><div class=\"fusion-text fusion-text-1\"><article class=\"node-387 node node-publications node-promoted view-mode-full clearfix\">\n<header><\/header>\n<div class=\"field field-name-body field-type-text-with-summary field-label-above\">\n<div class=\"field-label\">Short Summary:<\/div>\n<div class=\"field-items\">\n<div class=\"field-item even\">\n<p>Quebec\u2019s system of taxation and social transfers, relative to Ontario\u2019s, generates large marginal effective tax rates (METR) and participation tax rates (PTR) on labor income. This is largely due to the steep claw back of transfers following increases in Quebecers\u2019 labor income. Quebec\u2019s METRs are particularly high and variable between $0 and $50,000. The METR of two-parent families with income around $20,000 even exceeds 125%; 40% of two-parent families face a METR that exceeds 50%. A better integration of the tax and transfer systems would result in greater transparency, better distributional effects and greater administrative and economic efficiency.<\/p>\n<\/div>\n<\/div>\n<\/div>\n<div class=\"field field-name-field-auteurs-publication field-type-taxonomy-term-reference field-label-inline clearfix\">\n<div class=\"field-label\">Publication Authors: Arnaud Blancquaert, Nicholas-James Clavet, Jean-Yves Duclos, Bernard Fortin et Steeve Marchand<\/div>\n<\/div>\n<div class=\"field field-name-field-num-ro field-type-text field-label-inline clearfix\">\n<div class=\"field-label\">Number: 15-09<\/div>\n<\/div>\n<div class=\"field field-name-field-fichier field-type-file field-label-inline clearfix\">\n<div class=\"field-label\">File: <img decoding=\"async\" class=\"file-icon\" title=\"application\/pdf\" src=\"https:\/\/creei.ca\/wp-content\/uploads\/2019\/07\/application-pdf.png\" alt=\"PDF icon\" \/> <a href=\"https:\/\/creei.ca\/wp-content\/uploads\/2019\/08\/cahier_15-09_impact_incitations_travail.pdf\" type=\"application\/pdf; length=1326195\">cahier_15-09_impact_incitations_travail.pdf<\/a><\/div>\n<\/div>\n<div class=\"field field-name-field-ann-e field-type-taxonomy-term-reference field-label-inline clearfix\">\n<div class=\"field-label\">Year: <a href=\"\/fr\/ann%C3%A9es\/2015\">2015<\/a><\/div>\n<\/div>\n<p><!-- THIS FILE IS NOT USED AND IS HERE AS A STARTING POINT FOR CUSTOMIZATION ONLY. See http:\/\/api.drupal.org\/api\/function\/theme_field\/7 for details. After copying this file to your theme's folder and customizing it, remove this HTML comment. --><\/p>\n<div class=\"field field-name-field-article-scientifique field-type-text field-label-inline clearfix asdf\">\n<div class=\"field-label\">Article scientifique: <a href=\"http:\/\/expertise.hec.ca\/actualiteeconomique\/wp-content\/uploads\/2019\/02\/03-Marchand.pdf\" target=\"_blank\" rel=\"noopener noreferrer\">L\u2019Actualit\u00e9 \u00e9conomique, 93(4), 531-558.<\/a><\/div>\n<\/div>\n<\/article>\n<\/div><div class=\"fusion-clearfix\"><\/div><\/div><\/div><\/div><\/div>\n","protected":false},"excerpt":{"rendered":"","protected":false},"author":1,"featured_media":0,"parent":0,"menu_order":0,"comment_status":"open","ping_status":"closed","template":"","meta":{"footnotes":""},"class_list":["post-7986","page","type-page","status-publish","hentry"],"_links":{"self":[{"href":"https:\/\/creei.ca\/en\/wp-json\/wp\/v2\/pages\/7986","targetHints":{"allow":["GET"]}}],"collection":[{"href":"https:\/\/creei.ca\/en\/wp-json\/wp\/v2\/pages"}],"about":[{"href":"https:\/\/creei.ca\/en\/wp-json\/wp\/v2\/types\/page"}],"author":[{"embeddable":true,"href":"https:\/\/creei.ca\/en\/wp-json\/wp\/v2\/users\/1"}],"replies":[{"embeddable":true,"href":"https:\/\/creei.ca\/en\/wp-json\/wp\/v2\/comments?post=7986"}],"version-history":[{"count":1,"href":"https:\/\/creei.ca\/en\/wp-json\/wp\/v2\/pages\/7986\/revisions"}],"predecessor-version":[{"id":8340,"href":"https:\/\/creei.ca\/en\/wp-json\/wp\/v2\/pages\/7986\/revisions\/8340"}],"wp:attachment":[{"href":"https:\/\/creei.ca\/en\/wp-json\/wp\/v2\/media?parent=7986"}],"curies":[{"name":"wp","href":"https:\/\/api.w.org\/{rel}","templated":true}]}}