{"id":7985,"date":"2023-07-23T08:02:46","date_gmt":"2023-07-23T12:02:46","guid":{"rendered":"https:\/\/creei.ca\/une-alternative-a-la-reforme-du-financement-des-services-de-garde-au-quebec\/"},"modified":"2023-11-24T10:58:49","modified_gmt":"2023-11-24T15:58:49","slug":"alternative-reforme-financement-services-garde-quebec","status":"publish","type":"page","link":"https:\/\/creei.ca\/en\/alternative-reforme-financement-services-garde-quebec\/","title":{"rendered":"Une alternative \u00e0 la r\u00e9forme du financement des services de garde au Qu\u00e9bec"},"content":{"rendered":"<div class=\"fusion-fullwidth fullwidth-box fusion-builder-row-1 nonhundred-percent-fullwidth non-hundred-percent-height-scrolling\" style=\"--awb-border-radius-top-left:0px;--awb-border-radius-top-right:0px;--awb-border-radius-bottom-right:0px;--awb-border-radius-bottom-left:0px;--awb-flex-wrap:wrap;\" ><div class=\"fusion-builder-row fusion-row\"><div class=\"fusion-layout-column fusion_builder_column fusion-builder-column-0 fusion_builder_column_1_1 1_1 fusion-one-full fusion-column-first fusion-column-last\" style=\"--awb-bg-size:cover;\"><div class=\"fusion-column-wrapper fusion-flex-column-wrapper-legacy\"><div class=\"fusion-text fusion-text-1\"><p>Short Summary:<\/p>\n<div class=\"field-items\">\n<div class=\"field-item even\">\n<p>We estimate that the reform of child care financing recently introduced in Quebec leads to a reduction of $169\u00a0million in the disposable income of families with children 5 years and under; 48% of families lose from the reform. The alternative recommended by the Commission de r\u00e9vision permanente des programmes and the Commission d&#8217;examen sur la fiscalit\u00e9 qu\u00e9b\u00e9coise would result in a (substantially lower) decrease of $15\u00a0million in family disposable income; 79% of families would not lose with this reform (97% of families in the first quintile would be winners, as opposed to 0% with the recent reform). This would also increase the government\u2019s net revenue by $215\u00a0million\u00a0(instead of $204 million). This alternative reform would thus be more advantageous than the one recently implemented, both for Quebec families and for the provincial government. It would also increase the federal contribution to the financing of child care, and better align this contribution with the one benefitting families in other provinces.<\/p>\n<p><em>This paper has been the topic of a <a href=\"http:\/\/www.cirano.qc.ca\/files\/notes\/2015-09a.pdf\">CIRANO Note<\/a>.<\/em><\/p>\n<\/div>\n<\/div>\n<div class=\"field field-name-field-auteurs-publication field-type-taxonomy-term-reference field-label-inline clearfix\">\n<div class=\"field-label\">Publication Authors: Nicholas-James Clavet et Jean-Yves Duclos<\/div>\n<\/div>\n<div class=\"field field-name-field-num-ro field-type-text field-label-inline clearfix\">\n<div class=\"field-label\">Number: 15-10<\/div>\n<\/div>\n<div class=\"field field-name-field-fichier field-type-file field-label-inline clearfix\">\n<div class=\"field-label\">File: <img decoding=\"async\" class=\"file-icon\" title=\"application\/pdf\" src=\"https:\/\/creei.ca\/wp-content\/uploads\/2019\/07\/application-pdf.png\" alt=\"PDF icon\" \/> <a href=\"https:\/\/creei.ca\/wp-content\/uploads\/2019\/08\/cahier_15-10_alternative_reforme.pdf\" type=\"application\/pdf; length=298907\">cahier_15-10_alternative_reforme.pdf<\/a><\/div>\n<\/div>\n<div class=\"field field-name-field-ann-e field-type-taxonomy-term-reference field-label-inline clearfix\">\n<div class=\"field-label\">Year: <a href=\"\/fr\/ann%C3%A9es\/2015\">2015<\/a><\/div>\n<\/div>\n<\/div><div class=\"fusion-clearfix\"><\/div><\/div><\/div><\/div><\/div>\n","protected":false},"excerpt":{"rendered":"","protected":false},"author":1,"featured_media":0,"parent":0,"menu_order":0,"comment_status":"open","ping_status":"closed","template":"","meta":{"footnotes":""},"class_list":["post-7985","page","type-page","status-publish","hentry"],"_links":{"self":[{"href":"https:\/\/creei.ca\/en\/wp-json\/wp\/v2\/pages\/7985","targetHints":{"allow":["GET"]}}],"collection":[{"href":"https:\/\/creei.ca\/en\/wp-json\/wp\/v2\/pages"}],"about":[{"href":"https:\/\/creei.ca\/en\/wp-json\/wp\/v2\/types\/page"}],"author":[{"embeddable":true,"href":"https:\/\/creei.ca\/en\/wp-json\/wp\/v2\/users\/1"}],"replies":[{"embeddable":true,"href":"https:\/\/creei.ca\/en\/wp-json\/wp\/v2\/comments?post=7985"}],"version-history":[{"count":1,"href":"https:\/\/creei.ca\/en\/wp-json\/wp\/v2\/pages\/7985\/revisions"}],"predecessor-version":[{"id":8338,"href":"https:\/\/creei.ca\/en\/wp-json\/wp\/v2\/pages\/7985\/revisions\/8338"}],"wp:attachment":[{"href":"https:\/\/creei.ca\/en\/wp-json\/wp\/v2\/media?parent=7985"}],"curies":[{"name":"wp","href":"https:\/\/api.w.org\/{rel}","templated":true}]}}