{"id":7982,"date":"2023-07-23T08:02:46","date_gmt":"2023-07-23T12:02:46","guid":{"rendered":"https:\/\/creei.ca\/utilisation-et-cout-de-lhebergement-avec-soins-de-longue-duree-au-quebec-2010-a-2050\/"},"modified":"2023-11-24T10:57:28","modified_gmt":"2023-11-24T15:57:28","slug":"utilisation-cout-hebergement-soins-longue-duree-quebec","status":"publish","type":"page","link":"https:\/\/creei.ca\/en\/utilisation-cout-hebergement-soins-longue-duree-quebec\/","title":{"rendered":"Utilisation et co\u00fbt de l\u2019h\u00e9bergement avec soins de longue dur\u00e9e au Qu\u00e9bec, 2010 \u00e0 2050*"},"content":{"rendered":"<div class=\"fusion-fullwidth fullwidth-box fusion-builder-row-1 nonhundred-percent-fullwidth non-hundred-percent-height-scrolling\" style=\"--awb-border-radius-top-left:0px;--awb-border-radius-top-right:0px;--awb-border-radius-bottom-right:0px;--awb-border-radius-bottom-left:0px;--awb-flex-wrap:wrap;\" ><div class=\"fusion-builder-row fusion-row\"><div class=\"fusion-layout-column fusion_builder_column fusion-builder-column-0 fusion_builder_column_1_1 1_1 fusion-one-full fusion-column-first fusion-column-last\" style=\"--awb-bg-size:cover;\"><div class=\"fusion-column-wrapper fusion-flex-column-wrapper-legacy\"><div class=\"fusion-text fusion-text-1\"><article class=\"node-395 node node-publications node-promoted view-mode-full clearfix\">\n<header><\/header>\n<div class=\"field field-name-body field-type-text-with-summary field-label-above\">\n<div class=\"field-label\">Short summary:<\/div>\n<div class=\"field-items\">\n<div class=\"field-item even\">\n<p>If population health trends in Quebec remain the same, we estimate that nursing home care needs will increase 2.6-fold between 2010 and 2050. The number of people in nursing homes will thus increase to about 196,100 in 2050, and the related costs to $8.4\u00a0billion (in 2010 dollars, assuming fixed structural costs). This represents an increase of $5.2\u00a0billion compared to 2010. If the number of places subsidized by the Quebec government (45,000 in 2012) remains unchanged, many people requiring nursing home care will have to turn to the private sector, which currently costs between $850 and $6,000 monthly; or they could end up hospitalized, which would increase pressures on the health care system.<\/p>\n<\/div>\n<\/div>\n<\/div>\n<div class=\"field field-name-field-auteurs-publication field-type-taxonomy-term-reference field-label-inline clearfix\">\n<div class=\"field-label\">Publication Authors: Fran\u00e7ois Lalibert\u00e9-Auger, Aur\u00e9lie C\u00f4t\u00e9-Sergent, Yann D\u00e9carie, Jean-Yves Duclos and Pierre-Carl Michaud<\/div>\n<\/div>\n<div class=\"field field-name-field-num-ro field-type-text field-label-inline clearfix\">\n<div class=\"field-label\">Number: 15-12<\/div>\n<\/div>\n<div class=\"field field-name-field-fichier field-type-file field-label-inline clearfix\">\n<div class=\"field-label\">File: <img decoding=\"async\" class=\"file-icon\" title=\"application\/pdf\" src=\"https:\/\/creei.ca\/wp-content\/uploads\/2019\/07\/application-pdf.png\" alt=\"PDF icon\" \/> <a href=\"https:\/\/creei.ca\/wp-content\/uploads\/2019\/08\/cahier_15-12_utilisation_et_cout.pdf\" type=\"application\/pdf; length=218414\">cahier_15-12_utilisation_et_cout.pdf<\/a><\/div>\n<\/div>\n<div class=\"field field-name-field-ann-e field-type-taxonomy-term-reference field-label-inline clearfix\">\n<div class=\"field-label\">Year: <a href=\"\/fr\/ann%C3%A9es\/2015\">2015<\/a><\/div>\n<\/div>\n<p><!-- THIS FILE IS NOT USED AND IS HERE AS A STARTING POINT FOR CUSTOMIZATION ONLY. See http:\/\/api.drupal.org\/api\/function\/theme_field\/7 for details. After copying this file to your theme's folder and customizing it, remove this HTML comment. --><\/p>\n<div class=\"field field-name-field-article-scientifique field-type-text field-label-inline clearfix asdf\">\n<div class=\"field-label\">Scientific Publication: <a href=\"http:\/\/www.revueassurances.ca\/wp-content\/uploads\/2016\/01\/27617-02_Michaud.pdf\" target=\"_blank\" rel=\"noopener noreferrer\">Assurances et gestion des risques\/Insurance and risk management, 82(3-4), 23-41.<\/a><\/div>\n<\/div>\n<\/article>\n<\/div><div class=\"fusion-clearfix\"><\/div><\/div><\/div><\/div><\/div>\n","protected":false},"excerpt":{"rendered":"","protected":false},"author":1,"featured_media":0,"parent":0,"menu_order":0,"comment_status":"open","ping_status":"closed","template":"","meta":{"footnotes":""},"class_list":["post-7982","page","type-page","status-publish","hentry"],"_links":{"self":[{"href":"https:\/\/creei.ca\/en\/wp-json\/wp\/v2\/pages\/7982","targetHints":{"allow":["GET"]}}],"collection":[{"href":"https:\/\/creei.ca\/en\/wp-json\/wp\/v2\/pages"}],"about":[{"href":"https:\/\/creei.ca\/en\/wp-json\/wp\/v2\/types\/page"}],"author":[{"embeddable":true,"href":"https:\/\/creei.ca\/en\/wp-json\/wp\/v2\/users\/1"}],"replies":[{"embeddable":true,"href":"https:\/\/creei.ca\/en\/wp-json\/wp\/v2\/comments?post=7982"}],"version-history":[{"count":1,"href":"https:\/\/creei.ca\/en\/wp-json\/wp\/v2\/pages\/7982\/revisions"}],"predecessor-version":[{"id":8336,"href":"https:\/\/creei.ca\/en\/wp-json\/wp\/v2\/pages\/7982\/revisions\/8336"}],"wp:attachment":[{"href":"https:\/\/creei.ca\/en\/wp-json\/wp\/v2\/media?parent=7982"}],"curies":[{"name":"wp","href":"https:\/\/api.w.org\/{rel}","templated":true}]}}