{"id":7981,"date":"2023-07-23T08:02:46","date_gmt":"2023-07-23T12:02:46","guid":{"rendered":"https:\/\/creei.ca\/the-concentration-of-hospital-based-medical-spending-evidence-from-canada\/"},"modified":"2023-11-24T10:56:46","modified_gmt":"2023-11-24T15:56:46","slug":"concentration-hospital-based-medical-spending","status":"publish","type":"page","link":"https:\/\/creei.ca\/en\/concentration-hospital-based-medical-spending\/","title":{"rendered":"The Concentration of Hospital-Based Medical Spending: Evidence from Canada*"},"content":{"rendered":"<div class=\"fusion-fullwidth fullwidth-box fusion-builder-row-1 nonhundred-percent-fullwidth non-hundred-percent-height-scrolling\" style=\"--awb-border-radius-top-left:0px;--awb-border-radius-top-right:0px;--awb-border-radius-bottom-right:0px;--awb-border-radius-bottom-left:0px;--awb-flex-wrap:wrap;\" ><div class=\"fusion-builder-row fusion-row\"><div class=\"fusion-layout-column fusion_builder_column fusion-builder-column-0 fusion_builder_column_1_1 1_1 fusion-one-full fusion-column-first fusion-column-last\" style=\"--awb-bg-size:cover;\"><div class=\"fusion-column-wrapper fusion-flex-column-wrapper-legacy\"><div class=\"fusion-text fusion-text-1\"><article class=\"node-406 node node-publications node-promoted view-mode-full clearfix\">\n<header><\/header>\n<div class=\"field field-name-body field-type-text-with-summary field-label-above\">\n<div class=\"field-label\">Short Summary:<\/div>\n<div class=\"field-items\">\n<div class=\"field-item even\">\n<p>We analyze hospital-based medical spending using\u00a0longitudinal administrative data from the province of Quebec, Canada. We\u00a0document\u00a0how medical spending is concentrated cross-sectionally, over time and near the\u00a0end of life. Average expenditures rise\u00a0rapidly with age starting around 50 y.o.,\u00a0and are concentrated among a few high-cost users (e.g. the top 1% of individuals\u00a0account for 55% of spending). Persistence among high-cost users is low,\u00a0however: fewer than 3% of those in the top quintile of\u00a0spending remain in that quintile\u00a0the following year, and only 5% have any spending the following year. Finally,\u00a0hospital-based\u00a0medical spending among those who die at the hospital within a\u00a0year accounts for 11% of spending for the population as a\u00a0whole. More than 80%\u00a0of that end-of-life spending occurs in the last month of life.<\/p>\n<p><em>This paper has been the topic of a <a href=\"http:\/\/www.cirano.qc.ca\/files\/notes\/2015-10a.pdf\">CIRANO Note<\/a>.<\/em><\/p>\n<\/div>\n<\/div>\n<\/div>\n<div class=\"field field-name-field-auteurs-publication field-type-taxonomy-term-reference field-label-inline clearfix\">\n<div class=\"field-label\">Publication Authors: Aur\u00e9lie C\u00f4t\u00e9-Sergent, Damien \u00c9chevin and Pierre-Carl Michaud<\/div>\n<\/div>\n<div class=\"field field-name-field-num-ro field-type-text field-label-inline clearfix\">\n<div class=\"field-label\">Number: 15-13<\/div>\n<\/div>\n<div class=\"field field-name-field-fichier field-type-file field-label-inline clearfix\">\n<div class=\"field-label\">File: <img decoding=\"async\" class=\"file-icon\" title=\"application\/pdf\" src=\"https:\/\/creei.ca\/wp-content\/uploads\/2019\/07\/application-pdf.png\" alt=\"PDF icon\" \/> <a href=\"https:\/\/creei.ca\/wp-content\/uploads\/2019\/08\/cahier_15-13_healthcosts.pdf\" type=\"application\/pdf; length=482673\">cahier_15-13_healthcosts.pdf<\/a><\/div>\n<\/div>\n<div class=\"field field-name-field-ann-e field-type-taxonomy-term-reference field-label-inline clearfix\">\n<div class=\"field-label\">Year: <a href=\"\/fr\/ann%C3%A9es\/2015\">2015<\/a><\/div>\n<\/div>\n<p><!-- THIS FILE IS NOT USED AND IS HERE AS A STARTING POINT FOR CUSTOMIZATION ONLY. See http:\/\/api.drupal.org\/api\/function\/theme_field\/7 for details. After copying this file to your theme's folder and customizing it, remove this HTML comment. --><\/p>\n<div class=\"field field-name-field-article-scientifique field-type-text field-label-inline clearfix asdf\">\n<div class=\"field-label\">Scientific Publication: <a href=\"http:\/\/onlinelibrary.wiley.com\/doi\/10.1111\/j.1475-5890.2016.12125\/full\" target=\"_blank\" rel=\"noopener noreferrer\">Fiscal Studies, 37, 627\u2013651. doi:10.1111\/j.1475-5890.2016.12125.<\/a><\/div>\n<\/div>\n<\/article>\n<\/div><div class=\"fusion-clearfix\"><\/div><\/div><\/div><\/div><\/div>\n","protected":false},"excerpt":{"rendered":"","protected":false},"author":1,"featured_media":0,"parent":0,"menu_order":0,"comment_status":"open","ping_status":"closed","template":"","meta":{"footnotes":""},"class_list":["post-7981","page","type-page","status-publish","hentry"],"_links":{"self":[{"href":"https:\/\/creei.ca\/en\/wp-json\/wp\/v2\/pages\/7981","targetHints":{"allow":["GET"]}}],"collection":[{"href":"https:\/\/creei.ca\/en\/wp-json\/wp\/v2\/pages"}],"about":[{"href":"https:\/\/creei.ca\/en\/wp-json\/wp\/v2\/types\/page"}],"author":[{"embeddable":true,"href":"https:\/\/creei.ca\/en\/wp-json\/wp\/v2\/users\/1"}],"replies":[{"embeddable":true,"href":"https:\/\/creei.ca\/en\/wp-json\/wp\/v2\/comments?post=7981"}],"version-history":[{"count":1,"href":"https:\/\/creei.ca\/en\/wp-json\/wp\/v2\/pages\/7981\/revisions"}],"predecessor-version":[{"id":8334,"href":"https:\/\/creei.ca\/en\/wp-json\/wp\/v2\/pages\/7981\/revisions\/8334"}],"wp:attachment":[{"href":"https:\/\/creei.ca\/en\/wp-json\/wp\/v2\/media?parent=7981"}],"curies":[{"name":"wp","href":"https:\/\/api.w.org\/{rel}","templated":true}]}}