{"id":7976,"date":"2023-07-23T08:02:42","date_gmt":"2023-07-23T12:02:42","guid":{"rendered":"https:\/\/creei.ca\/changements-demographiques-au-quebec-vers-une-decroissance-de-lemploi-dici-2050\/"},"modified":"2023-11-24T10:53:31","modified_gmt":"2023-11-24T15:53:31","slug":"changements-demographique-quebec-decroissance-emploi-2050","status":"publish","type":"page","link":"https:\/\/creei.ca\/en\/changements-demographique-quebec-decroissance-emploi-2050\/","title":{"rendered":"Changements d\u00e9mographiques au Qu\u00e9bec: vers une d\u00e9croissance de l\u2019emploi d\u2019ici 2050?*"},"content":{"rendered":"<div class=\"fusion-fullwidth fullwidth-box fusion-builder-row-1 nonhundred-percent-fullwidth non-hundred-percent-height-scrolling\" style=\"--awb-border-radius-top-left:0px;--awb-border-radius-top-right:0px;--awb-border-radius-bottom-right:0px;--awb-border-radius-bottom-left:0px;--awb-flex-wrap:wrap;\" ><div class=\"fusion-builder-row fusion-row\"><div class=\"fusion-layout-column fusion_builder_column fusion-builder-column-0 fusion_builder_column_1_1 1_1 fusion-one-full fusion-column-first fusion-column-last\" style=\"--awb-bg-size:cover;\"><div class=\"fusion-column-wrapper fusion-flex-column-wrapper-legacy\"><div class=\"fusion-text fusion-text-1\"><article class=\"node-455 node node-publications node-promoted view-mode-full clearfix\">\n<header><\/header>\n<div class=\"field field-name-body field-type-text-with-summary field-label-above\">\n<div class=\"field-label\">Short Summary:<\/div>\n<div class=\"field-items\">\n<div class=\"field-item even\">\n<p>Using a model that simulates demography and socio-economic behaviours at the individual level, we project the level of employment for Quebec until 2050. The results are contrasted with projections carried out by the R\u00e9gie des rentes du Qu\u00e9bec in 2013, as well as with projections that hold education levels and employment behaviours constant. Despite the aging of the population, which will bring about a shrinking of the working-age population, recent labour market behaviours suggest that Quebec will experience increased employment rates, especially among older workers. Employment growth between 2015 and 2050 should therefore be higher than anticipated. Our results suggest that this growth will dampen the effects of population aging by sustaining economic growth.<\/p>\n<\/div>\n<\/div>\n<\/div>\n<div class=\"field field-name-field-auteurs-publication field-type-taxonomy-term-reference field-label-inline clearfix\">\n<div class=\"field-label\">Publication Authors: Luc Bissonnette, David Boisclair, Fran\u00e7ois Lalibert\u00e9-Auger, Steeve Marchand and Pierre-Carl Michaud<\/div>\n<\/div>\n<div class=\"field field-name-field-num-ro field-type-text field-label-inline clearfix\">\n<div class=\"field-label\">Number: 15-18<\/div>\n<\/div>\n<div class=\"field field-name-field-fichier field-type-file field-label-inline clearfix\">\n<div class=\"field-label\">File: <img decoding=\"async\" class=\"file-icon\" title=\"application\/pdf\" src=\"https:\/\/creei.ca\/wp-content\/uploads\/2019\/07\/application-pdf.png\" alt=\"PDF icon\" \/> <a href=\"https:\/\/creei.ca\/wp-content\/uploads\/2019\/08\/cahier_15-18_change_demo_quebec.pdf\" type=\"application\/pdf; length=439068\">cahier_15-18_change_demo_quebec.pdf<\/a><\/div>\n<\/div>\n<div class=\"field field-name-field-ann-e field-type-taxonomy-term-reference field-label-inline clearfix\">\n<div class=\"field-label\">Year: <a href=\"\/fr\/ann%C3%A9es\/2015\">2015<\/a><\/div>\n<\/div>\n<p><!-- THIS FILE IS NOT USED AND IS HERE AS A STARTING POINT FOR CUSTOMIZATION ONLY. See http:\/\/api.drupal.org\/api\/function\/theme_field\/7 for details. After copying this file to your theme's folder and customizing it, remove this HTML comment. --><\/p>\n<div class=\"field field-name-field-article-scientifique field-type-text field-label-inline clearfix asdf\">\n<div class=\"field-label\">Scientific Publication: <a href=\"http:\/\/www.utpjournals.press\/doi\/abs\/10.3138\/cpp.2016-035\" target=\"_blank\" rel=\"noopener noreferrer\">Canadian Public Policy\/Analyse de politiques, 42(4), 431\u2013441. doi:10.3138\/cpp.2016-035.<\/a><\/div>\n<\/div>\n<\/article>\n<\/div><div class=\"fusion-clearfix\"><\/div><\/div><\/div><\/div><\/div>\n","protected":false},"excerpt":{"rendered":"","protected":false},"author":1,"featured_media":0,"parent":0,"menu_order":0,"comment_status":"open","ping_status":"closed","template":"","meta":{"footnotes":""},"class_list":["post-7976","page","type-page","status-publish","hentry"],"_links":{"self":[{"href":"https:\/\/creei.ca\/en\/wp-json\/wp\/v2\/pages\/7976","targetHints":{"allow":["GET"]}}],"collection":[{"href":"https:\/\/creei.ca\/en\/wp-json\/wp\/v2\/pages"}],"about":[{"href":"https:\/\/creei.ca\/en\/wp-json\/wp\/v2\/types\/page"}],"author":[{"embeddable":true,"href":"https:\/\/creei.ca\/en\/wp-json\/wp\/v2\/users\/1"}],"replies":[{"embeddable":true,"href":"https:\/\/creei.ca\/en\/wp-json\/wp\/v2\/comments?post=7976"}],"version-history":[{"count":1,"href":"https:\/\/creei.ca\/en\/wp-json\/wp\/v2\/pages\/7976\/revisions"}],"predecessor-version":[{"id":8324,"href":"https:\/\/creei.ca\/en\/wp-json\/wp\/v2\/pages\/7976\/revisions\/8324"}],"wp:attachment":[{"href":"https:\/\/creei.ca\/en\/wp-json\/wp\/v2\/media?parent=7976"}],"curies":[{"name":"wp","href":"https:\/\/api.w.org\/{rel}","templated":true}]}}