{"id":7974,"date":"2023-07-23T08:02:42","date_gmt":"2023-07-23T12:02:42","guid":{"rendered":"https:\/\/creei.ca\/reduction-des-maladies-cardiovasculaires-et-depenses-de-sante-au-quebec-a-lhorizon-2050\/"},"modified":"2023-11-23T13:46:21","modified_gmt":"2023-11-23T18:46:21","slug":"reduction-maladies-cardiovasculaires-depenses-sante-quebec-horizon-2050","status":"publish","type":"page","link":"https:\/\/creei.ca\/en\/reduction-maladies-cardiovasculaires-depenses-sante-quebec-horizon-2050\/","title":{"rendered":"R\u00e9duction des maladies cardiovasculaires et d\u00e9penses de sant\u00e9 au Qu\u00e9bec \u00e0 l\u2019horizon 2050"},"content":{"rendered":"<div class=\"fusion-fullwidth fullwidth-box fusion-builder-row-1 nonhundred-percent-fullwidth non-hundred-percent-height-scrolling\" style=\"--awb-border-radius-top-left:0px;--awb-border-radius-top-right:0px;--awb-border-radius-bottom-right:0px;--awb-border-radius-bottom-left:0px;--awb-flex-wrap:wrap;\" ><div class=\"fusion-builder-row fusion-row\"><div class=\"fusion-layout-column fusion_builder_column fusion-builder-column-0 fusion_builder_column_1_1 1_1 fusion-one-full fusion-column-first fusion-column-last\" style=\"--awb-bg-size:cover;\"><div class=\"fusion-column-wrapper fusion-flex-column-wrapper-legacy\"><div class=\"fusion-text fusion-text-1\"><div id=\"page\">\n<div class=\"colloneDeuxTierGauche\">\n<article class=\"node-467 node node-publications node-promoted view-mode-full clearfix\">\n<header><\/header>\n<div class=\"field field-name-body field-type-text-with-summary field-label-above\">\n<div class=\"field-label\">Short summary:<\/div>\n<div class=\"field-items\">\n<div class=\"field-item even\">\n<p>Cardiovascular diseases (CVD), including hypertension and strokes, account for an important share of mortality and direct health costs in Quebec. In this study, we use a microsimulation model to project public expenditure on hospitalizations and physician consultations to 2050, under various scenarios of the evolution of CVD. A plausible scenario, of an immediate 30% decrease in CVD incidence due to better prevention, yields cumulative savings of $21\u00a0billion in present value, to which another $66\u00a0billion (in 2012\u00a0$) can be added for the economic value of the life-years saved over the period.<\/p>\n<\/div>\n<\/div>\n<\/div>\n<div class=\"field field-name-field-auteurs-publication field-type-taxonomy-term-reference field-label-inline clearfix\">\n<div class=\"field-label\">Publication Authors: David Boisclair, Yann D\u00e9carie, Fran\u00e7ois Lalibert\u00e9-Auger et Pierre-Carl Michaud<\/div>\n<\/div>\n<div class=\"field field-name-field-num-ro field-type-text field-label-inline clearfix\">\n<div class=\"field-label\">Number: 16-01<\/div>\n<\/div>\n<div class=\"field field-name-field-fichier field-type-file field-label-inline clearfix\">\n<div class=\"field-label\">File: <img decoding=\"async\" class=\"file-icon\" title=\"application\/pdf\" src=\"https:\/\/creei.ca\/wp-content\/uploads\/2019\/07\/application-pdf.png\" alt=\"PDF icon\" \/> <a href=\"https:\/\/creei.ca\/wp-content\/uploads\/2019\/08\/cahier_16-01_reduction_maladies_cardio.pdf\" type=\"application\/pdf; length=233442\">cahier_16-01_reduction_maladies_cardio.pdf<\/a><\/div>\n<\/div>\n<div class=\"field field-name-field-ann-e field-type-taxonomy-term-reference field-label-inline clearfix\">\n<div class=\"field-label\">Year: <a href=\"\/fr\/ann%C3%A9es\/2016\">2016<\/a><\/div>\n<\/div>\n<p><!-- THIS FILE IS NOT USED AND IS HERE AS A STARTING POINT FOR CUSTOMIZATION ONLY. See http:\/\/api.drupal.org\/api\/function\/theme_field\/7 for details. After copying this file to your theme's folder and customizing it, remove this HTML comment. --><\/p>\n<div class=\"field field-name-field-article-scientifique field-type-text field-label-inline clearfix asdf\">\n<div class=\"field-label\">Scientific Publication: <a href=\"http:\/\/journals.plos.org\/plosone\/article?id=10.1371\/journal.pone.0190538\" target=\"_blank\" rel=\"noopener noreferrer\">PLOS ONE, 13(1): e0190538. doi: 10.1371\/journal.pone.0190538.<\/a><\/div>\n<\/div>\n<\/article>\n<\/div>\n<\/div>\n<\/div><div class=\"fusion-clearfix\"><\/div><\/div><\/div><\/div><\/div>\n","protected":false},"excerpt":{"rendered":"","protected":false},"author":1,"featured_media":0,"parent":0,"menu_order":0,"comment_status":"open","ping_status":"closed","template":"","meta":{"footnotes":""},"class_list":["post-7974","page","type-page","status-publish","hentry"],"_links":{"self":[{"href":"https:\/\/creei.ca\/en\/wp-json\/wp\/v2\/pages\/7974","targetHints":{"allow":["GET"]}}],"collection":[{"href":"https:\/\/creei.ca\/en\/wp-json\/wp\/v2\/pages"}],"about":[{"href":"https:\/\/creei.ca\/en\/wp-json\/wp\/v2\/types\/page"}],"author":[{"embeddable":true,"href":"https:\/\/creei.ca\/en\/wp-json\/wp\/v2\/users\/1"}],"replies":[{"embeddable":true,"href":"https:\/\/creei.ca\/en\/wp-json\/wp\/v2\/comments?post=7974"}],"version-history":[{"count":1,"href":"https:\/\/creei.ca\/en\/wp-json\/wp\/v2\/pages\/7974\/revisions"}],"predecessor-version":[{"id":8320,"href":"https:\/\/creei.ca\/en\/wp-json\/wp\/v2\/pages\/7974\/revisions\/8320"}],"wp:attachment":[{"href":"https:\/\/creei.ca\/en\/wp-json\/wp\/v2\/media?parent=7974"}],"curies":[{"name":"wp","href":"https:\/\/api.w.org\/{rel}","templated":true}]}}