{"id":7969,"date":"2023-07-23T08:02:42","date_gmt":"2023-07-23T12:02:42","guid":{"rendered":"https:\/\/creei.ca\/analyse-de-la-rentabilite-economique-des-scenarios-de-reforme-du-rrq-proposes-en-2016\/"},"modified":"2023-11-23T13:43:09","modified_gmt":"2023-11-23T18:43:09","slug":"analyse-rentabilite-economique-scenarios-reforme-rrq-proposes-2016","status":"publish","type":"page","link":"https:\/\/creei.ca\/en\/analyse-rentabilite-economique-scenarios-reforme-rrq-proposes-2016\/","title":{"rendered":"Analyse de la rentabilit\u00e9 \u00e9conomique des sc\u00e9narios de r\u00e9forme du RRQ propos\u00e9s en 2016"},"content":{"rendered":"<div class=\"fusion-fullwidth fullwidth-box fusion-builder-row-1 nonhundred-percent-fullwidth non-hundred-percent-height-scrolling\" style=\"--awb-border-radius-top-left:0px;--awb-border-radius-top-right:0px;--awb-border-radius-bottom-right:0px;--awb-border-radius-bottom-left:0px;--awb-flex-wrap:wrap;\" ><div class=\"fusion-builder-row fusion-row\"><div class=\"fusion-layout-column fusion_builder_column fusion-builder-column-0 fusion_builder_column_1_1 1_1 fusion-one-full fusion-column-first fusion-column-last\" style=\"--awb-bg-size:cover;\"><div class=\"fusion-column-wrapper fusion-flex-column-wrapper-legacy\"><div class=\"fusion-text fusion-text-1\"><div id=\"page\">\n<div class=\"colloneDeuxTierGauche\">\n<article class=\"node-523 node node-publications node-promoted view-mode-full clearfix\">\n<header><\/header>\n<div class=\"field field-name-body field-type-text-with-summary field-label-above\">\n<div class=\"field-label\">Short summary:<\/div>\n<div class=\"field-items\">\n<div class=\"field-item even\">\n<p>We use simulation methods to analyze the impacts of the most recent proposals to reform the Quebec Pension Plan \u2013 those put forward in June, 2016 by the Quebec and Canadian governments. Accounting for uneven life expectancy by level of education, earnings variability, and interactions with the tax and retirement income systems, we compute internal rates of return (IRR) for 78\u00a0types of individuals. The actual rate of return on new contributions is comparable to that of other financial products. Although IRR are comparable for individuals earning more than $25,000 on average under the two proposed reforms, the federal proposal yields higher income replacement rates and provides more attractive IRR for individuals with earnings at the bottom of the distribution.<\/p>\n<\/div>\n<\/div>\n<\/div>\n<div class=\"field field-name-field-auteurs-publication field-type-taxonomy-term-reference field-label-inline clearfix\">\n<div class=\"field-label\">Publication Authors: David Boisclair, Simon Bri\u00e8re, Guy Lacroix, Steeve Marchand and Pierre-Carl Michaud<\/div>\n<\/div>\n<div class=\"field field-name-field-num-ro field-type-text field-label-inline clearfix\">\n<div class=\"field-label\">Number: 16-06<\/div>\n<\/div>\n<div class=\"field field-name-field-fichier field-type-file field-label-inline clearfix\">\n<div class=\"field-label\">File: <img decoding=\"async\" class=\"file-icon\" title=\"application\/pdf\" src=\"https:\/\/creei.ca\/wp-content\/uploads\/2019\/07\/application-pdf.png\" alt=\"PDF icon\" \/> <a href=\"https:\/\/creei.ca\/wp-content\/uploads\/2019\/08\/cahier_16-06_reforme_rrq.pdf\" type=\"application\/pdf; length=1317720\">cahier_16-06_reforme_rrq.pdf<\/a><\/div>\n<\/div>\n<div class=\"field field-name-field-ann-e field-type-taxonomy-term-reference field-label-inline clearfix\">\n<div class=\"field-label\">Year: <a href=\"\/fr\/ann%C3%A9es\/2016\">2016<\/a><\/div>\n<\/div>\n<p><!-- THIS FILE IS NOT USED AND IS HERE AS A STARTING POINT FOR CUSTOMIZATION ONLY. See http:\/\/api.drupal.org\/api\/function\/theme_field\/7 for details. After copying this file to your theme's folder and customizing it, remove this HTML comment. --><\/p>\n<div class=\"field field-name-field-article-scientifique field-type-text field-label-inline clearfix asdf\">\n<div class=\"field-label\">Scientific Publication: <a href=\"https:\/\/utpjournals.press\/doi\/10.3138\/cpp.2017-038\" target=\"_blank\" rel=\"noopener noreferrer\">Canadian Public Policy\/Analyse de politiques, 44(2), 134-158. doi.org\/10.3138\/cpp.2017-038.<\/a><\/div>\n<\/div>\n<\/article>\n<\/div>\n<\/div>\n<\/div><div class=\"fusion-clearfix\"><\/div><\/div><\/div><\/div><\/div>\n","protected":false},"excerpt":{"rendered":"","protected":false},"author":1,"featured_media":0,"parent":0,"menu_order":0,"comment_status":"open","ping_status":"closed","template":"","meta":{"footnotes":""},"class_list":["post-7969","page","type-page","status-publish","hentry"],"_links":{"self":[{"href":"https:\/\/creei.ca\/en\/wp-json\/wp\/v2\/pages\/7969","targetHints":{"allow":["GET"]}}],"collection":[{"href":"https:\/\/creei.ca\/en\/wp-json\/wp\/v2\/pages"}],"about":[{"href":"https:\/\/creei.ca\/en\/wp-json\/wp\/v2\/types\/page"}],"author":[{"embeddable":true,"href":"https:\/\/creei.ca\/en\/wp-json\/wp\/v2\/users\/1"}],"replies":[{"embeddable":true,"href":"https:\/\/creei.ca\/en\/wp-json\/wp\/v2\/comments?post=7969"}],"version-history":[{"count":1,"href":"https:\/\/creei.ca\/en\/wp-json\/wp\/v2\/pages\/7969\/revisions"}],"predecessor-version":[{"id":8310,"href":"https:\/\/creei.ca\/en\/wp-json\/wp\/v2\/pages\/7969\/revisions\/8310"}],"wp:attachment":[{"href":"https:\/\/creei.ca\/en\/wp-json\/wp\/v2\/media?parent=7969"}],"curies":[{"name":"wp","href":"https:\/\/api.w.org\/{rel}","templated":true}]}}