{"id":7967,"date":"2023-07-23T08:02:42","date_gmt":"2023-07-23T12:02:42","guid":{"rendered":"https:\/\/creei.ca\/les-effets-de-lequilibre-budgetaire-et-du-transfert-canadien-en-sante-sur-les-finances-publiques-du-quebec\/"},"modified":"2023-11-23T13:41:53","modified_gmt":"2023-11-23T18:41:53","slug":"effets-equilibre-budgetaire-transfert-canadien-sante-finances-publiques-quebec","status":"publish","type":"page","link":"https:\/\/creei.ca\/en\/effets-equilibre-budgetaire-transfert-canadien-sante-finances-publiques-quebec\/","title":{"rendered":"Les effets de l\u2019\u00e9quilibre budg\u00e9taire et du transfert canadien en sant\u00e9 sur les finances publiques du Qu\u00e9bec"},"content":{"rendered":"<div class=\"fusion-fullwidth fullwidth-box fusion-builder-row-1 nonhundred-percent-fullwidth non-hundred-percent-height-scrolling\" style=\"--awb-border-radius-top-left:0px;--awb-border-radius-top-right:0px;--awb-border-radius-bottom-right:0px;--awb-border-radius-bottom-left:0px;--awb-flex-wrap:wrap;\" ><div class=\"fusion-builder-row fusion-row\"><div class=\"fusion-layout-column fusion_builder_column fusion-builder-column-0 fusion_builder_column_1_1 1_1 fusion-one-full fusion-column-first fusion-column-last\" style=\"--awb-bg-size:cover;\"><div class=\"fusion-column-wrapper fusion-flex-column-wrapper-legacy\"><div class=\"fusion-text fusion-text-1\"><div id=\"page\">\n<div class=\"colloneDeuxTierGauche\">\n<article class=\"node-544 node node-publications node-promoted view-mode-full clearfix\">\n<header><\/header>\n<div class=\"field field-name-body field-type-text-with-summary field-label-above\">\n<div class=\"field-label\">Short Summary:<\/div>\n<div class=\"field-items\">\n<div class=\"field-item even\">\n<p>Using a simulation tool, we analyze four scenarios that allow to us to measure the effects over 20\u00a0years of 1)\u00a0maintaining the budget balance for 4\u00a0years, and 2)\u00a0a growth in the Canada Health Transfer (CHT) at its historical pace. In the reference scenario, which assumes structural expenditure growth rates consistent with the pre-budgetary rigour period and a CHT increasing at a slower pace than in the past, Quebec public expenditures should increase by G$166.6 by 2035, while revenue will only increase by G$106. Furthermore, a CHT growing at 6% annually would not be enough to meet budget balance and public debt objectives. Additional efforts to limit spending or enhance revenue will be required to meet these targets.<\/p>\n<\/div>\n<\/div>\n<\/div>\n<div class=\"field field-name-field-auteurs-publication field-type-taxonomy-term-reference field-label-inline clearfix\">\n<div class=\"field-label\">Publication Authors: Nicholas-James Clavet, Guy Lacroix, Pierre-Carl Michaud and Alexandre Parent<\/div>\n<\/div>\n<div class=\"field field-name-field-num-ro field-type-text field-label-inline clearfix\">\n<div class=\"field-label\">Number: 16-08<\/div>\n<\/div>\n<div class=\"field field-name-field-fichier field-type-file field-label-inline clearfix\">\n<div class=\"field-label\">File: <img decoding=\"async\" class=\"file-icon\" title=\"application\/pdf\" src=\"https:\/\/creei.ca\/wp-content\/uploads\/2019\/07\/application-pdf.png\" alt=\"PDF icon\" \/> <a href=\"https:\/\/creei.ca\/wp-content\/uploads\/2019\/08\/cahier_16-08_perspectives.pdf\" type=\"application\/pdf; length=423150\">cahier_16-08_perspectives.pdf<\/a><\/div>\n<\/div>\n<div class=\"field field-name-field-ann-e field-type-taxonomy-term-reference field-label-inline clearfix\">\n<div class=\"field-label\">Year: <a href=\"\/fr\/ann%C3%A9es\/2016\">2016<\/a><\/div>\n<\/div>\n<\/article>\n<\/div>\n<\/div>\n<\/div><div class=\"fusion-clearfix\"><\/div><\/div><\/div><\/div><\/div>\n","protected":false},"excerpt":{"rendered":"","protected":false},"author":1,"featured_media":0,"parent":0,"menu_order":0,"comment_status":"open","ping_status":"closed","template":"","meta":{"footnotes":""},"class_list":["post-7967","page","type-page","status-publish","hentry"],"_links":{"self":[{"href":"https:\/\/creei.ca\/en\/wp-json\/wp\/v2\/pages\/7967","targetHints":{"allow":["GET"]}}],"collection":[{"href":"https:\/\/creei.ca\/en\/wp-json\/wp\/v2\/pages"}],"about":[{"href":"https:\/\/creei.ca\/en\/wp-json\/wp\/v2\/types\/page"}],"author":[{"embeddable":true,"href":"https:\/\/creei.ca\/en\/wp-json\/wp\/v2\/users\/1"}],"replies":[{"embeddable":true,"href":"https:\/\/creei.ca\/en\/wp-json\/wp\/v2\/comments?post=7967"}],"version-history":[{"count":1,"href":"https:\/\/creei.ca\/en\/wp-json\/wp\/v2\/pages\/7967\/revisions"}],"predecessor-version":[{"id":8306,"href":"https:\/\/creei.ca\/en\/wp-json\/wp\/v2\/pages\/7967\/revisions\/8306"}],"wp:attachment":[{"href":"https:\/\/creei.ca\/en\/wp-json\/wp\/v2\/media?parent=7967"}],"curies":[{"name":"wp","href":"https:\/\/api.w.org\/{rel}","templated":true}]}}