{"id":7958,"date":"2023-07-23T08:02:38","date_gmt":"2023-07-23T12:02:38","guid":{"rendered":"https:\/\/creei.ca\/comparing-the-education-gradient-in-chronic-disease-incidence-among-the-elderly-in-six-oecd-countries\/"},"modified":"2023-11-23T13:35:08","modified_gmt":"2023-11-23T18:35:08","slug":"comparing-education-gradient-chronic-disease-incidence-among-elderly-six-oecd-countries","status":"publish","type":"page","link":"https:\/\/creei.ca\/en\/comparing-education-gradient-chronic-disease-incidence-among-elderly-six-oecd-countries\/","title":{"rendered":"Comparing the Education Gradient in Chronic Disease Incidence Among the elderly in Six OECD Countries"},"content":{"rendered":"<div class=\"fusion-fullwidth fullwidth-box fusion-builder-row-1 nonhundred-percent-fullwidth non-hundred-percent-height-scrolling\" style=\"--awb-border-radius-top-left:0px;--awb-border-radius-top-right:0px;--awb-border-radius-bottom-right:0px;--awb-border-radius-bottom-left:0px;--awb-flex-wrap:wrap;\" ><div class=\"fusion-builder-row fusion-row\"><div class=\"fusion-layout-column fusion_builder_column fusion-builder-column-0 fusion_builder_column_1_1 1_1 fusion-one-full fusion-column-first fusion-column-last\" style=\"--awb-bg-size:cover;\"><div class=\"fusion-column-wrapper fusion-flex-column-wrapper-legacy\"><div class=\"fusion-text fusion-text-1\"><div id=\"page\">\n<div class=\"colloneDeuxTierGauche\">\n<article class=\"node-704 node node-publications node-promoted view-mode-full node-by-viewer clearfix\">\n<header><\/header>\n<div class=\"field field-name-body field-type-text-with-summary field-label-above\">\n<div class=\"field-label\">Short summary:<\/div>\n<div class=\"field-items\">\n<div class=\"field-item even\">\n<p>We examine the health-education gradient in the 2000s among older adults in the United States, Canada, France, the Netherlands, Spain and Italy. Using longitudinal survey data, we assess how incidence rates of poor health, of difficulties with activities of daily living, and of chronic conditions vary by educational attainment across countries. We also examine how potential confounders \u2013 demographic characteristics, income, health care use and health behaviours \u2013 affect the health-education gradient within countries over time. We find systematic differences in disease incidence, as well as in the health-education gradients, across countries. We also demonstrate that while adjusting for confounders generally diminishes the health-education gradient, the impacts of these variables vary somewhat across countries.<\/p>\n<\/div>\n<\/div>\n<\/div>\n<div class=\"field field-name-field-auteurs-publication field-type-taxonomy-term-reference field-label-inline clearfix\">\n<div class=\"field-label\">Publication Authors: Aur\u00e9lie C\u00f4t\u00e9-Sergent, Raquel Fonseca and Erin Strumpf<\/div>\n<\/div>\n<div class=\"field field-name-field-num-ro field-type-text field-label-inline clearfix\">\n<div class=\"field-label\">Number: 18-01<\/div>\n<\/div>\n<div class=\"field field-name-field-fichier field-type-file field-label-inline clearfix\">\n<div class=\"field-label\">File: <img decoding=\"async\" class=\"alignnone size-full wp-image-428\" src=\"https:\/\/creei.ca\/wp-content\/uploads\/2019\/07\/application-pdf.png\" alt=\"\" width=\"16\" height=\"16\" \/> <a href=\"https:\/\/creei.ca\/wp-content\/uploads\/2019\/08\/cahier_18_01_education_gradient_disease_incidence_elderly.pdf\" type=\"application\/pdf; length=1847950\">cahier_18_01_education_gradient_disease_incidence_elderly.pdf<\/a><\/div>\n<\/div>\n<div class=\"field field-name-field-ann-e field-type-taxonomy-term-reference field-label-inline clearfix\">\n<div class=\"field-label\">Year: 2018<\/div>\n<div class=\"field-label\">*Scientific Publication: <a href=\"http:\/\/www.sciencedirect.com\/science\/article\/abs\/pii\/S0168851018302537\">Health policy, 124(3), 326-335. doi.org\/10.1016\/j.healthpol.2019.12.015.<\/a><\/div>\n<\/div>\n<\/article>\n<\/div>\n<\/div>\n<\/div><div class=\"fusion-clearfix\"><\/div><\/div><\/div><\/div><\/div>\n","protected":false},"excerpt":{"rendered":"","protected":false},"author":1,"featured_media":0,"parent":0,"menu_order":0,"comment_status":"open","ping_status":"closed","template":"","meta":{"footnotes":""},"class_list":["post-7958","page","type-page","status-publish","hentry"],"_links":{"self":[{"href":"https:\/\/creei.ca\/en\/wp-json\/wp\/v2\/pages\/7958","targetHints":{"allow":["GET"]}}],"collection":[{"href":"https:\/\/creei.ca\/en\/wp-json\/wp\/v2\/pages"}],"about":[{"href":"https:\/\/creei.ca\/en\/wp-json\/wp\/v2\/types\/page"}],"author":[{"embeddable":true,"href":"https:\/\/creei.ca\/en\/wp-json\/wp\/v2\/users\/1"}],"replies":[{"embeddable":true,"href":"https:\/\/creei.ca\/en\/wp-json\/wp\/v2\/comments?post=7958"}],"version-history":[{"count":1,"href":"https:\/\/creei.ca\/en\/wp-json\/wp\/v2\/pages\/7958\/revisions"}],"predecessor-version":[{"id":8288,"href":"https:\/\/creei.ca\/en\/wp-json\/wp\/v2\/pages\/7958\/revisions\/8288"}],"wp:attachment":[{"href":"https:\/\/creei.ca\/en\/wp-json\/wp\/v2\/media?parent=7958"}],"curies":[{"name":"wp","href":"https:\/\/api.w.org\/{rel}","templated":true}]}}