{"id":7929,"date":"2023-07-23T08:02:31","date_gmt":"2023-07-23T12:02:31","guid":{"rendered":"https:\/\/creei.ca\/student-theses\/"},"modified":"2024-11-27T10:29:42","modified_gmt":"2024-11-27T15:29:42","slug":"student-theses","status":"publish","type":"page","link":"https:\/\/creei.ca\/en\/student-theses\/","title":{"rendered":"Student Theses"},"content":{"rendered":"<div class=\"fusion-fullwidth fullwidth-box fusion-builder-row-1 nonhundred-percent-fullwidth non-hundred-percent-height-scrolling\" style=\"--awb-border-radius-top-left:0px;--awb-border-radius-top-right:0px;--awb-border-radius-bottom-right:0px;--awb-border-radius-bottom-left:0px;--awb-flex-wrap:wrap;\" ><div class=\"fusion-builder-row fusion-row\"><div class=\"fusion-layout-column fusion_builder_column fusion-builder-column-0 fusion_builder_column_1_1 1_1 fusion-one-full fusion-column-first fusion-column-last\" style=\"--awb-bg-size:cover;\"><div class=\"fusion-column-wrapper fusion-flex-column-wrapper-legacy\"><div class=\"fusion-tabs fusion-tabs-1 classic vertical-tabs icon-position-left mobile-mode-accordion\" style=\"--awb-title-border-radius-top-left:0px;--awb-title-border-radius-top-right:0px;--awb-title-border-radius-bottom-right:0px;--awb-title-border-radius-bottom-left:0px;--awb-alignment:start;--awb-inactive-color:#eaebeb;--awb-background-color:#ffffff;--awb-border-color:#eaebeb;--awb-active-border-color:#838588;\"><div class=\"nav\"><ul class=\"nav-tabs\" role=\"tablist\"><li class=\"active\" role=\"presentation\"><a class=\"tab-link\" data-toggle=\"tab\" role=\"tab\" aria-controls=\"tab-4554daa223c56f0b7a0\" aria-selected=\"true\" id=\"fusion-tab-master&#039;stheses\" href=\"#tab-4554daa223c56f0b7a0\"><h4 class=\"fusion-tab-heading\">Master's Theses<\/h4><\/a><\/li><li role=\"presentation\"><a class=\"tab-link\" data-toggle=\"tab\" role=\"tab\" aria-controls=\"tab-9e5e755ec41fc009654\" aria-selected=\"false\" tabindex=\"-1\" id=\"fusion-tab-doctoraltheses\" href=\"#tab-9e5e755ec41fc009654\"><h4 class=\"fusion-tab-heading\">Doctoral Theses<\/h4><\/a><\/li><\/ul><\/div><div class=\"tab-content\"><div class=\"nav fusion-mobile-tab-nav\"><ul class=\"nav-tabs\" role=\"tablist\"><li class=\"active\" role=\"presentation\"><a class=\"tab-link\" data-toggle=\"tab\" role=\"tab\" aria-controls=\"tab-4554daa223c56f0b7a0\" aria-selected=\"true\" id=\"mobile-fusion-tab-master&#039;stheses\" href=\"#tab-4554daa223c56f0b7a0\"><h4 class=\"fusion-tab-heading\">Master's Theses<\/h4><\/a><\/li><\/ul><\/div><div class=\"tab-pane fade fusion-clearfix in active\" role=\"tabpanel\" tabindex=\"0\" aria-labelledby=\"fusion-tab-master&#039;stheses\" id=\"tab-4554daa223c56f0b7a0\">\n<section id=\"content\">\n<div id=\"post-14\" class=\"post-14 page type-page status-publish hentry\">\n<div class=\"post-content\">\n<div class=\"fusion-fullwidth fullwidth-box nonhundred-percent-fullwidth non-hundred-percent-height-scrolling\">\n<div class=\"fusion-builder-row fusion-row \">\n<div class=\"fusion-layout-column fusion_builder_column fusion_builder_column_1_1 fusion-one-full fusion-column-first fusion-column-last 1_1\">\n<div class=\"fusion-column-wrapper\" data-bg-url=\"\">\n<article class=\"node-706 node node-page-apti node-promoted view-mode-full clearfix\">\n<article class=\"node-707 node node-section-apti node-promoted view-mode-full clearfix\">\n<div class=\"field field-name-body field-type-text-with-summary field-label-hidden\">\n<div class=\"field-items\">\n<div class=\"field-item even\">\n<p><strong><a href=\"https:\/\/economie.esg.uqam.ca\/wp-content\/uploads\/sites\/54\/2024\/08\/ISSAGA-BALDE-MEMOIRE-VERSION-FINALE.pdf\">Relation sant\u00e9 et heures travaill\u00e9es chez les individus \u00e2g\u00e9s de 50 ans et plus<\/a><\/strong><br \/>\nBALDE, Issaga, research director : Raquel Fonseca, (M-18641), August 2024.<\/p>\n<p><strong><a href=\"https:\/\/economie.esg.uqam.ca\/wp-content\/uploads\/sites\/54\/2024\/04\/Memoire___Loic_Courtemanche.pdf\">Analyse descriptive de la mobilit\u00e9 interg\u00e9n\u00e9rationnelle du revenu et de la transmission de ses composantes<\/a><\/strong><strong><br \/>\n<\/strong>COURTEMANCHE, Loic, research directors : Marie Connolly et Raquel Fonseca, (M-18498), March 2024.<\/p>\n<p><strong><a href=\"https:\/\/economie.esg.uqam.ca\/wp-content\/uploads\/sites\/54\/2024\/08\/Memoire_Akoua-Ella-Felicie-DJO_19-08-2024.pdf\">Gentrification et pauvret\u00e9 au cours du temps dans l'Ile de Montr\u00e9al<\/a><\/strong><br \/>\nDJO, Akoua Ella F\u00e9licie<strong><em>,<\/em><\/strong> research directors: Raquel Fonseca et Florian Mayneris (M-18647), August 2024.<\/p>\n<p><strong><a href=\"https:\/\/economie.esg.uqam.ca\/wp-content\/uploads\/sites\/54\/2024\/01\/Memoire_Antony_Depot_final_2024.pdf\">La participation au march\u00e9 du travail des m\u00e8res monoparentales : d\u00e9terminants socio-\u00e9conomiques et discrimination raciale<\/a><\/strong><br \/>\nDUPLAN, Antony, research director : Raquel Fonseca, (M-18395), January 2024.<\/p>\n<p><strong><a href=\"https:\/\/economie.esg.uqam.ca\/wp-content\/uploads\/sites\/54\/2024\/01\/Memoire_BASSIROU_FAYE-1.pdf\">Anticipations inflationnistes en fonction des caract\u00e9ristiques individuelles<\/a><\/strong><br \/>\nFAYE, Bassirou<strong>, <\/strong>research directors : Marie-Louise Leroux et Dalibor Stevanovic, (M-18381), January 2024.<\/p>\n<p><strong><a href=\"https:\/\/economie.esg.uqam.ca\/wp-content\/uploads\/sites\/54\/2024\/05\/Memoire_Ana.pdf\">L'effet de la pollution atmosph\u00e9rique sur le d\u00e9veloppement cognitif des enfants d'\u00e2ge pr\u00e9scolaire au Canada<\/a><\/strong><br \/>\nISMACHOWIEZ MAMBER, Ana Catherina<strong>, <\/strong>research directors : Charles S\u00e9guin et Catherine Haeck, (M-18566), April 2024.<\/p>\n<p><a href=\"https:\/\/archipel.uqam.ca\/16861\/\"><strong>Lien interge\u0301ne\u0301rationnel du revenu et immigrants de ge\u0301ne\u0301ration 1,5 : le ro\u0302le de l'a\u0302ge a\u0300 l'arrive\u0301e<\/strong><\/a><br \/>\nLe Bourdais-Coffey, Anne-Mei (2023). Universit\u00e9 du Qu\u00e9bec \u00e0 Montr\u00e9al, Master's in Economics.<\/p>\n<p><a href=\"https:\/\/archipel.uqam.ca\/16513\/\"><strong>In\u00e9galit\u00e9s de r\u00e9ussite, que nous disent les donn\u00e9es PISA 2000 \u00e0 2018<\/strong><\/a><br \/>\nKhan, Nishat Rahman (2023). Universit\u00e9 du Qu\u00e9bec \u00e0 Montr\u00e9al, Master's in Economics.<\/p>\n<p><strong><a href=\"https:\/\/archipel.uqam.ca\/15834\/\">Effet non lin\u00e9aire de la taille des classes sur le d\u00e9veloppement cognitif et non cognitif de l'enfant : estimation avec les donn\u00e9es de l'Enqu\u00eate qu\u00e9b\u00e9coise sur le d\u00e9veloppement de l'enfant en maternelle de 2012 et 2017<\/a><\/strong><br \/>\nGaudreault, F\u00e9lix-Antoine (2022). Universit\u00e9 du Qu\u00e9bec \u00e0 Montr\u00e9al, Ma\u00eetrise en \u00e9conomique.<\/p>\n<p><strong><a href=\"https:\/\/archipel.uqam.ca\/16246\/\">Int\u00e9gration de travailleurs (im)migrants sous interdiction de changer d'employeur au pays : impact salarial sur les autres employ\u00e9s au sein des occupations affect\u00e9es<\/a><\/strong><br \/>\nDjossou, Tch\u00e9nagnon Armand (2022). Universit\u00e9 du Qu\u00e9bec \u00e0 Montr\u00e9al, Master's in Economics.<\/p>\n<p><strong><a href=\"https:\/\/archipel.uqam.ca\/15949\/\">Le r\u00f4le des universit\u00e9s et la mobilit\u00e9 sociale interg\u00e9n\u00e9rationnelle au Qu\u00e9bec<\/a><\/strong><br \/>\nRaymond-Brousseau, Lucie (2022). Universit\u00e9 du Qu\u00e9bec \u00e0 Montr\u00e9al, Master's in Economics.<\/p>\n<p><a href=\"https:\/\/archipel.uqam.ca\/16210\/\"><strong>Sant\u00e9 mentale et bien-\u00eatre des a\u00een\u00e9s depuis le d\u00e9but de la pand\u00e9mie de COVID-19<\/strong><\/a><br \/>\nTrika, Eric Browin D'Assise (2022). Universit\u00e9 du Qu\u00e9bec \u00e0 Montr\u00e9al, Master's in Economics.<\/p>\n<p><a href=\"https:\/\/archipel.uqam.ca\/15221\/\"><strong>\u00c9tude des liens entre survie, d\u00e9pendance aux grands \u00e2ges et revenus<\/strong><\/a><br \/>\nKonou Akakpo Domefa (2022). Universit\u00e9 du Qu\u00e9bec \u00e0 Montr\u00e9al, Master's in Economics.<\/p>\n<p><strong><a href=\"https:\/\/archipel.uqam.ca\/15834\/\" target=\"_blank\" rel=\"noopener\">Effet non lin\u00e9aire de la taille des classes sur le d\u00e9veloppement cognitif et non cognitif de l'enfant : estimation avec les donn\u00e9es de l'Enqu\u00eate qu\u00e9b\u00e9coise sur le d\u00e9veloppement de l'enfant en maternelle de 2012 et 2017<\/a><\/strong><br \/>\nGaudreault, F\u00e9lix-Antoine (2022). Universit\u00e9 du Qu\u00e9bec \u00e0 Montr\u00e9al, Master's in Economics.<\/p>\n<p><strong><a href=\"https:\/\/archipel.uqam.ca\/16246\/\" target=\"_blank\" rel=\"noopener\">Int\u00e9gration de travailleurs (im)migrants sous interdiction de changer d'employeur au pays : impact salarial sur les autres employ\u00e9s au sein des occupations affect\u00e9es<\/a><\/strong><br \/>\nDjossou, Tch\u00e9nagnon Armand (2022). Universit\u00e9 du Qu\u00e9bec \u00e0 Montr\u00e9al, Master's in Economics.<\/p>\n<p><strong><a href=\"https:\/\/archipel.uqam.ca\/15949\/\" target=\"_blank\" rel=\"noopener\">Le r\u00f4le des universit\u00e9s et la mobilit\u00e9 sociale interg\u00e9n\u00e9rationnelle au Qu\u00e9bec<\/a><\/strong><br \/>\nRaymond-Brousseau, Lucie (2022). Universit\u00e9 du Qu\u00e9bec \u00e0 Montr\u00e9al, Master's in Economics.<\/p>\n<p><a href=\"https:\/\/biblos.hec.ca\/biblio\/memoires\/deutsch_heng_mikhael_m2021.pdf\"><strong>Comment le travail des Canadiens a \u00e9volu\u00e9 entre 2006 et 2016 : une analyse structurelle-r\u00e9siduelle selon l'\u00e2ge et le sexe<\/strong><\/a><br \/>\nDeutsch-Heng, Mikhael (2021). HEC Montr\u00e9al, Master of Science (MSc)\u00a0\u2013 Applied Economics.<\/p>\n<p><a href=\"https:\/\/archipel.uqam.ca\/14939\/\"><strong>La mobilit\u00e9 interprovinciale des dipl\u00f4m\u00e9s des sciences de l'\u00e9ducation et des sciences infirmi\u00e8res et la p\u00e9nurie de main d'oeuvre au Qu\u00e9bec<\/strong><\/a><br \/>\nDionne, Marc-Antoine (2021). Universit\u00e9 du Qu\u00e9bec \u00e0 Montr\u00e9al, Master's in Economics.<\/p>\n<p><a href=\"https:\/\/archipel.uqam.ca\/14936\/\"><strong>Les retomb\u00e9es salariales de l'\u00e9ducation : une analyse sur le Canada<\/strong><\/a><br \/>\nDrabo, Mo\u00efse (2021). Universit\u00e9 du Qu\u00e9bec \u00e0 Montr\u00e9al, Master's in Economics.<\/p>\n<p><a href=\"https:\/\/archipel.uqam.ca\/15999\/\"><strong>Corr\u00e9lation g\u00e9ographique de la mobilit\u00e9 interg\u00e9n\u00e9rationnelle du revenu<\/strong><\/a><br \/>\nGagnon, Jean-S\u00e9bastien (2021). Universit\u00e9 du Qu\u00e9bec \u00e0 Montr\u00e9al, Master's in Economics.<\/p>\n<p><a href=\"http:\/\/archipel.uqam.ca\/14997\/\"><strong>Retraite, fonctionnement cognitif et sant\u00e9 mentale au Canada et \u00e0 l'international<\/strong><\/a><br \/>\nKiala, Grace (2021). Universit\u00e9 du Qu\u00e9bec \u00e0 Montr\u00e9al, Master's in Economics.<\/p>\n<p><a href=\"https:\/\/archipel.uqam.ca\/15986\/\"><strong>La richesse au Canada : d\u00e9terminants et composition<\/strong><\/a><br \/>\nLaurendeau, Ghyslain (2021). Universit\u00e9 du Qu\u00e9bec \u00e0 Montr\u00e9al, Master's in Economics.<\/p>\n<p><a href=\"https:\/\/economie.esg.uqam.ca\/wp-content\/uploads\/sites\/54\/2021\/10\/Mbikayi_Moise_Memoire_Septembre_2021.pdf\"><strong>Le r\u00f4le de la d\u00e9mographie dans les fluctuations cycliques du march\u00e9 du travail canadien<\/strong><\/a><br \/>\nMbikayi, Mo\u00efse (2021). Universit\u00e9 du Qu\u00e9bec \u00e0 Montr\u00e9al, Master's in Economics.<\/p>\n<p><a href=\"https:\/\/archipel.uqam.ca\/14849\/\"><strong>L'\u00e9ducation et la mobilit\u00e9 interg\u00e9n\u00e9rationnelle du revenu des Canadiens<\/strong><\/a><br \/>\nThibault, Nicholas (2021). Universit\u00e9 du Qu\u00e9bec \u00e0 Montr\u00e9al, Master's in Economics.<\/p>\n<p><a href=\"https:\/\/biblos.hec.ca\/biblio\/memoires\/laurin_marianne_m2020.pdf\"><strong>Retirer du REER: la litt\u00e9ratie financi\u00e8re aide-t-elle \u00e0 r\u00e9duire les erreurs fiscales?<\/strong><\/a><br \/>\nLaurin, Marianne (2021). HEC Montr\u00e9al, Master of Science (MSc)\u00a0\u2013 Applied Economics.<\/p>\n<p><a href=\"https:\/\/economie.esg.uqam.ca\/wp-content\/uploads\/sites\/54\/2021\/06\/Kinkpe-Belmondo-_-Memoire_Avril2021.pdf\"><strong>Effet du vieillissement de la population sur l'\u00e9conomie canadienne\u00a0: Une \u00e9tude en panel sur les provinces<\/strong><\/a><br \/>\nBelmondo Kinpe (2021). Universit\u00e9 du Qu\u00e9bec \u00e0 Montr\u00e9al, Master's in Economics.<\/p>\n<p><strong><a href=\"https:\/\/archipel.uqam.ca\/14303\/\">Les d\u00e9terminants de la participation des personnes \u00e2g\u00e9es au march\u00e9 du travail canadien<\/a><\/strong><br \/>\nDosseh, Ayivi (2020). Universit\u00e9 du Qu\u00e9bec \u00e0 Montr\u00e9al, Master's in Economics.<\/p>\n<p><strong><a href=\"https:\/\/archipel.uqam.ca\/15527\/\">P\u00e9nurie de main-d'\u0153uvre dans le march\u00e9 canadien <\/a><\/strong><br \/>\nKanli, Cic\u00e9ron Vignon (2020). Universit\u00e9 du Qu\u00e9bec \u00e0 Montr\u00e9al, Master's in Economics.<\/p>\n<p><strong><a href=\"http:\/\/biblos.hec.ca\/biblio\/memoires\/m2020a629192.pdf\">Retraits des REER avant l'a\u0302ge de la retraite : comment les ne\u0301o-donne\u0301es administratives nous aident-elles a\u0300 comprendre le phe\u0301nome\u0300ne?<\/a><\/strong><br \/>\nDagenais, Simon (2020). HEC Montr\u00e9al, Master of Science (MSc)\u00a0\u2013 Applied Economics.<\/p>\n<p><a href=\"http:\/\/biblos.hec.ca\/biblio\/memoires\/roc_jeangarryjunior_m2020.pdf\"><strong>Int\u00e9gration des immigrants sur le march\u00e9 du travail canadien\u00a0: une analyse par r\u00e9gion m\u00e9tropolitaine de recensement et de niveau d'\u00e9ducation entre 1981 et 2016<\/strong><\/a><br \/>\nRoc, Jean-Garry-Junior (2020). HEC Montr\u00e9al, Master of Science (MSc)\u00a0\u2013 Applied Economics.<\/p>\n<p><strong><a href=\"http:\/\/biblos.hec.ca\/biblio\/memoires\/m2019a628659.pdf\">Qui demande la rente de retraite \u00e0 60 ans au Canada?<\/a><\/strong><br \/>\nJuckenack-Mellinger, Maxime (2019). HEC Montr\u00e9al, Master of Science (MSc)\u00a0\u2013 Applied Economics.<\/p>\n<p><strong><a href=\"http:\/\/biblos.hec.ca\/biblio\/memoires\/m2019a628796.pdf\">Emprunter pour \u00e9pargner\u00a0: Une analyse \u00e9conomique des pr\u00eats REER<\/a><\/strong><br \/>\nB\u00e9dard, Nicolas (2019). HEC Montr\u00e9al, Master of Science (MSc)\u00a0\u2013 Applied Economics.<\/p>\n<p><strong><a href=\"http:\/\/biblos.hec.ca\/biblio\/memoires\/m2019a612804.pdf\">Les effets de l'abolition des conditions d'acc\u00e8s \u00e0 la prestation de retraite dans le RRQ sur la participation au march\u00e9 du travail et les d\u00e9cisions de retraite des travailleurs exp\u00e9riment\u00e9s<\/a><\/strong><br \/>\nM\u00e9zil, Jeiel Onel (2019). HEC Montr\u00e9al, Master of Science (MSc)\u00a0\u2013 Applied Economics.<\/p>\n<p><strong><a href=\"http:\/\/biblos.hec.ca\/biblio\/memoires\/m2019a613586.pdf\">Inattention rationnelle et d\u00e9cisions d'\u00e9pargne-retraite<\/a><\/strong><br \/>\nGrenier, \u00c9tienne (2019). HEC Montr\u00e9al, Master of Science (MSc)\u00a0\u2013 Applied Economics.<\/p>\n<p><strong><a href=\"http:\/\/biblos.hec.ca\/biblio\/memoires\/m2019a613642.pdf\">Impact de l'adoption de nouvelles technologies sur la productivit\u00e9 en sant\u00e9<\/a><\/strong><br \/>\nDubeau, Marc-Andr\u00e9 (2019). HEC Montr\u00e9al, Master of Science (MSc)\u00a0\u2013 Applied Economics.<\/p>\n<p><strong><a href=\"https:\/\/archipel.uqam.ca\/13236\/\">La pauvret\u00e9 et le bien-\u00eatre chez les a\u00een\u00e9s au Canada<\/a><\/strong><br \/>\nTourangeau, Marc-Andr\u00e9 (2019). Universit\u00e9 du Qu\u00e9bec \u00e0 Montr\u00e9al, Master's in Economics.<\/p>\n<p><strong><a href=\"http:\/\/corpus.ulaval.ca\/jspui\/handle\/20.500.11794\/33867\">Choix occupationnels et esp\u00e9rance de vie\u00a0: une analyse par l'approche des donn\u00e9es massives<\/a><\/strong><br \/>\nPageau, Jasmine (2019). Universit\u00e9 Laval, Master's in Economics.<\/p>\n<p><strong><a href=\"http:\/\/archipel.uqam.ca\/12090\/\">Financement \u00e0 l'activit\u00e9\u00a0: impact de l'implantation du programme d'acc\u00e8s \u00e0 la chirurgie 2004-2010 sur le volume de chirurgies effectu\u00e9 dans les \u00e9tablissements de sant\u00e9 du Qu\u00e9bec<\/a><\/strong><br \/>\nCampeau, Ariane (2018). Universit\u00e9 du Qu\u00e9bec \u00e0 Montr\u00e9al, Master's in Economics.<\/p>\n<p><strong><a href=\"http:\/\/archipel.uqam.ca\/11936\/\">L'effet de l'\u00e9ducation sur le statut d'employeur dans un contexte d'\u00e9volution de l'environnement technologique<\/a><\/strong><br \/>\nDaoust-Renard, Laura-Viviane (2018). Universit\u00e9 du Qu\u00e9bec \u00e0 Montr\u00e9al, Master's in Economics.<\/p>\n<p><strong><a href=\"http:\/\/elib.hec.ca\/uhtbin\/cgisirsi\/x\/0\/0\/5?srchfield1=GENERAL^SUJET^SUJETS^^mot_cl%C3%A9&searchdata1=603371\">Declining Business Dynamism in the U.S.: A Causal Overview<\/a><\/strong><br \/>\nBrouillette, Jean-F\u00e9lix (2018). HEC Montr\u00e9al, Master of Science (MSc)\u00a0\u2013 Applied Economics.<\/p>\n<p><strong><a href=\"http:\/\/elib.hec.ca\/uhtbin\/cgisirsi\/x\/0\/0\/5?srchfield1=GENERAL^SUJET^SUJETS^^mot_cl%C3%A9&searchdata1=603417#\">Effet d'\u00e9viction ou effet multiplicateur?\u00a0: une \u00e9tude d'\u00e9v\u00e9nements sur la perte ou le gain d'un r\u00e9gime de pension d'employeur<\/a><\/strong><br \/>\nPoulin-Bellisle, Guillaume (2018). HEC Montr\u00e9al, Master of Science (MSc)\u00a0\u2013 Applied Economics.<\/p>\n<p><strong><a href=\"http:\/\/elib.hec.ca\/uhtbin\/cgisirsi\/x\/0\/0\/5?srchfield1=GENERAL^SUJET^SUJETS^^mot_cl%C3%A9&searchdata1=603561\">Evaluating the Price Elasticity of Demand for Life Annuities in Canada: A Stated-preference Experiment<\/a><\/strong><br \/>\nBox-Couillard, S\u00e9bastien (2018). HEC Montr\u00e9al, Master of Science (MSc)\u00a0\u2013 Applied Economics.<\/p>\n<p><strong><a href=\"https:\/\/archipel.uqam.ca\/10925\/\">Les d\u00e9terminants de la maltraitance financi\u00e8re commise envers les personnes a\u00een\u00e9es sous r\u00e9gime de protection priv\u00e9<\/a><\/strong><br \/>\nLamy, Annabelle (2017). Universit\u00e9 du Qu\u00e9bec \u00e0 Montr\u00e9al, Master's in Economics.<\/p>\n<p><strong><a href=\"http:\/\/archipel.uqam.ca\/10807\/\">Pauvret\u00e9 chez les a\u00een\u00e9s : le r\u00f4le des r\u00e9gimes de retraite publics<\/a><\/strong><br \/>\nJacques, Philippe (2017). Universit\u00e9 du Qu\u00e9bec \u00e0 Montr\u00e9al, Master's in Economics.<\/p>\n<p><strong><a href=\"http:\/\/corpus.ulaval.ca\/jspui\/handle\/20.500.11794\/27973?locale=en\">Projections des taux de faible revenu chez les ain\u00e9s au Qu\u00e9bec \u00e0 l'horizon 2050<\/a><\/strong><br \/>\nS\u00e9brier, Laure (2017). Universit\u00e9 Laval, Master's in Economics.<\/p>\n<p><strong><a href=\"http:\/\/corpus.ulaval.ca\/jspui\/handle\/20.500.11794\/27125\">L'impact des formations formelles sur le revenu et la dur\u00e9e du ch\u00f4mage des immigrants qualifi\u00e9s d\u00e8s l'arriv\u00e9e au Qu\u00e9bec<\/a><\/strong><br \/>\nAgbantey, Ariel Jean Philippe (2016). Universit\u00e9 Laval, Master's in Economics.<\/p>\n<p><strong><a href=\"http:\/\/archipel.uqam.ca\/7554\/\">\u00c9volution de la situation financi\u00e8re de personnes \u00e2g\u00e9es inaptes sous r\u00e9gime de protection au Qu\u00e9bec<\/a><\/strong><br \/>\nFagnant, St\u00e9phanie (2015). Universit\u00e9 du Qu\u00e9bec \u00e0 Montr\u00e9al, Master's in Economics.<\/p>\n<p><strong><a href=\"http:\/\/corpus.ulaval.ca\/jspui\/handle\/20.500.11794\/26237?locale=en\">The Evolution of Hourly Compensation in Canada between 1980 and 2010<\/a><\/strong><br \/>\nPellerin, Mathieu (2015). Universit\u00e9 Laval, Master's in Economics.<\/p>\n<p><strong><a href=\"http:\/\/corpus.ulaval.ca\/jspui\/handle\/20.500.11794\/26347?locale=en\">Effet sur l'offre de travail d'une politique de fractionnement du revenu aux fins d'imp\u00f4ts<\/a><\/strong><br \/>\nPiedboeuf, Etienne (2015). Universit\u00e9 Laval, Master's in Economics.<\/p>\n<p><strong><a href=\"http:\/\/corpus.ulaval.ca\/jspui\/handle\/20.500.11794\/26268?locale=en\">Analyse de r\u00e9formes au programme de solidarit\u00e9 sociale du Qu\u00e9bec<\/a><\/strong><br \/>\nB\u00e9rub\u00e9-Mimeault, Nathaniel (2015). Universit\u00e9 Laval, Master's in Economics.<\/p>\n<p><strong><a href=\"http:\/\/corpus.ulaval.ca\/jspui\/handle\/20.500.11794\/26137\">Fiscalit\u00e9, programmes sociaux et incitation au travail \u2013 une comparaison Qu\u00e9bec \u2013 Ontario<\/a><\/strong><br \/>\nBlancquaert, Arnaud (2015). Universit\u00e9 Laval, Master's in Economics.<\/p>\n<p><strong><a href=\"http:\/\/corpus.ulaval.ca\/jspui\/handle\/20.500.11794\/26374?locale=en\">Les co\u00fbts sociaux li\u00e9s \u00e0 la pauvret\u00e9<\/a><\/strong><br \/>\nParent, Alexandre (2015). Universit\u00e9 Laval, Master's in Economics.<\/p>\n<p><strong><a href=\"http:\/\/archipel.uqam.ca\/7566\/\">Effets des tendances \u00e0 long-terme de l'ob\u00e9sit\u00e9 sur l'utilisation de soins de sant\u00e9 au Qu\u00e9bec<\/a><\/strong><br \/>\nC\u00f4t\u00e9-Sergent, Aur\u00e9lie (2014). Universit\u00e9 du Qu\u00e9bec \u00e0 Montr\u00e9al, Master's in Economics.<\/p>\n<\/div>\n<\/div>\n<\/div>\n<\/article>\n<article class=\"node-708 node node-section-apti node-promoted view-mode-full clearfix\">\n<header><\/header>\n<\/article>\n<\/article>\n<\/div>\n<\/div>\n<\/div>\n<\/div>\n<\/div>\n<\/div>\n<\/section>\n<\/div><div class=\"nav fusion-mobile-tab-nav\"><ul class=\"nav-tabs\" role=\"tablist\"><li role=\"presentation\"><a class=\"tab-link\" data-toggle=\"tab\" role=\"tab\" aria-controls=\"tab-9e5e755ec41fc009654\" aria-selected=\"false\" tabindex=\"-1\" id=\"mobile-fusion-tab-doctoraltheses\" href=\"#tab-9e5e755ec41fc009654\"><h4 class=\"fusion-tab-heading\">Doctoral Theses<\/h4><\/a><\/li><\/ul><\/div><div class=\"tab-pane fade fusion-clearfix\" role=\"tabpanel\" tabindex=\"0\" aria-labelledby=\"fusion-tab-doctoraltheses\" id=\"tab-9e5e755ec41fc009654\"><strong>Essays on Labour Market Frictions and Macroeconomic Dynamics<\/strong><br \/>\nDiwambuena, Josu\u00e9 (2022). Free University of Bozen-Bolzano (FUB), Ph.D. in Economics.<\/p>\n<p><strong><a href=\"https:\/\/archipel.uqam.ca\/14206\/\">Essays in the economics of entrepreneurship<\/a><\/strong><br \/>\nElitcha, Koffi Aseye (2021). Universit\u00e9 du Qu\u00e9bec \u00e0 Montr\u00e9al, Ph.D. in Economics.<\/p>\n<p><strong><a href=\"https:\/\/archipel.uqam.ca\/14526\/\">Trois essais sur la sant\u00e9, la consommation et les outils de d\u00e9cumulation\u200b<\/a><\/strong><br \/>\nChoini\u00e8re-Cr\u00e8vecoeur, Isma\u00ebl (2020). Universit\u00e9 du Qu\u00e9bec \u00e0 Montr\u00e9al, Ph.D. in Economics.<\/p>\n<p><strong><a href=\"http:\/\/corpus.ulaval.ca\/jspui\/handle\/20.500.11794\/36254\">Three Essays in Labor Economics and the Economics of Networks\u200b<\/a><\/strong><br \/>\nFaton, Elfried (2019). Universit\u00e9 Laval, Ph.D. in Economics.<\/p>\n<p><strong><a href=\"http:\/\/corpus.ulaval.ca\/jspui\/handle\/20.500.11794\/33994\">Three Essays on the Return on Investment in Human Capital of Skilled Immigrants in Quebec\u200b<\/a><\/strong><br \/>\nDjuikom, Marie Albertine (2019). Universit\u00e9 Laval, Ph.D. in Economics.<\/p>\n<p><strong><a href=\"http:\/\/corpus.ulaval.ca\/jspui\/handle\/20.500.11794\/31590\">Essays in Applied Microeconometrics with Applications to Risk-Taking and Savings Decisions<\/a><\/strong><br \/>\nMarchand, Steeve (2018). Universit\u00e9 Laval, Ph.D. in Economics.<\/p>\n<p><strong><a href=\"http:\/\/corpus.ulaval.ca\/jspui\/handle\/20.500.11794\/30983\">\u00c9valuation des mesures de soutien aux personnes et aux familles\u00a0: une approche par microsimulations comptables et comportementales<\/a><\/strong><br \/>\nClavet, Nicholas-James (2018). Universit\u00e9 Laval, Ph.D. in Economics.<\/p>\n<p><strong><a href=\"https:\/\/archipel.uqam.ca\/10777\/\">Essais sur l&#8217;\u00e9pargne et la litt\u00e9ratie financi\u00e8re des m\u00e9nages au Canada<\/a><\/strong><br \/>\nLalime, Thomas (2017). Universit\u00e9 du Qu\u00e9bec \u00e0 Montr\u00e9al, Ph.D. in economics.<\/p>\n<p><strong><a href=\"http:\/\/corpus.ulaval.ca\/jspui\/handle\/20.500.11794\/27416\">Trois essais sur l&#8217;impact des incitatifs financiers sur la productivit\u00e9 du syst\u00e8me de la sant\u00e9 au Qu\u00e9bec<\/a><\/strong><br \/>\nEl Ghali, Nizar (2016). Universit\u00e9 Laval, Ph.D. in Economics.<\/p>\n<p><strong><a href=\"http:\/\/corpus.ulaval.ca\/jspui\/handle\/20.500.11794\/26830?locale=en\">Three essays on investment in human capital in Canada<\/a><\/strong><br \/>\nSavadogo, Aboudrahyme (2016). Universit\u00e9 Laval, Ph.D. in Economics.<\/div><\/div><\/div><div class=\"fusion-clearfix\"><\/div><\/div><\/div><\/div><\/div>\n","protected":false},"excerpt":{"rendered":"","protected":false},"author":1,"featured_media":0,"parent":0,"menu_order":0,"comment_status":"open","ping_status":"open","template":"","meta":{"footnotes":""},"class_list":["post-7929","page","type-page","status-publish","hentry"],"_links":{"self":[{"href":"https:\/\/creei.ca\/en\/wp-json\/wp\/v2\/pages\/7929","targetHints":{"allow":["GET"]}}],"collection":[{"href":"https:\/\/creei.ca\/en\/wp-json\/wp\/v2\/pages"}],"about":[{"href":"https:\/\/creei.ca\/en\/wp-json\/wp\/v2\/types\/page"}],"author":[{"embeddable":true,"href":"https:\/\/creei.ca\/en\/wp-json\/wp\/v2\/users\/1"}],"replies":[{"embeddable":true,"href":"https:\/\/creei.ca\/en\/wp-json\/wp\/v2\/comments?post=7929"}],"version-history":[{"count":6,"href":"https:\/\/creei.ca\/en\/wp-json\/wp\/v2\/pages\/7929\/revisions"}],"predecessor-version":[{"id":8878,"href":"https:\/\/creei.ca\/en\/wp-json\/wp\/v2\/pages\/7929\/revisions\/8878"}],"wp:attachment":[{"href":"https:\/\/creei.ca\/en\/wp-json\/wp\/v2\/media?parent=7929"}],"curies":[{"name":"wp","href":"https:\/\/api.w.org\/{rel}","templated":true}]}}